{"id":46973,"date":"2024-06-28T15:57:52","date_gmt":"2024-06-28T15:57:52","guid":{"rendered":"https:\/\/geekdois.com\/?page_id=46973"},"modified":"2025-12-18T17:21:16","modified_gmt":"2025-12-18T17:21:16","slug":"datenschutzrichtlinie","status":"publish","type":"page","link":"https:\/\/geekdois.com\/de\/datenschutzrichtlinie\/","title":{"rendered":"Datenschutzrichtlinie"},"content":{"rendered":"<p>Alle gesammelten Informationen werden verwendet, um Ihr Erlebnis auf unserer Website zu verbessern. Zu den gesammelten Informationen k\u00f6nnen Ihr Name, Ihre E-Mail-Adresse, Ihre Telefonnummer und\/oder andere geh\u00f6ren.<\/p>\n\n\n\n<p>Die Nutzung von Geekdois setzt die Annahme dieser Datenschutzvereinbarung voraus. Wenn der Benutzer mit den in dieser Datenschutzrichtlinie enthaltenen Bedingungen auch nur teilweise nicht einverstanden ist, sollte er nicht auf die von Geekdois angebotenen Inhalte zugreifen und\/oder diese nutzen. Durch die Nutzung der Website erkennt der Benutzer die Verarbeitung seiner Daten gem\u00e4\u00df den Bestimmungen dieser Datenschutzrichtlinie und den Allgemeinen Nutzungsbedingungen an und stimmt dieser vollumf\u00e4nglich zu.<\/p>\n\n\n\n<p>Wir behalten uns das Recht vor, diese Datenschutzrichtlinie jederzeit ohne Zustimmung oder Benachrichtigung des Benutzers zu \u00e4ndern. Bitte lesen Sie sie daher regelm\u00e4\u00dfig durch. \u00c4nderungen und Klarstellungen werden unmittelbar nach ihrer Ver\u00f6ffentlichung auf der Website wirksam. Wenn wir wesentliche \u00c4nderungen an dieser Richtlinie vornehmen, werden wir Sie hier \u00fcber die Aktualisierung informieren, damit Sie wissen, welche Informationen wir sammeln, wie wir sie verwenden und unter welchen Umst\u00e4nden wir sie gegebenenfalls verwenden und\/oder offenlegen Es.<\/p>\n\n\n\n<p>Geekdois respektiert die Privatsph\u00e4re seiner Benutzer und sorgt f\u00fcr Transparenz bei der Verwendung der Daten. Unsere Datenschutzrichtlinie wurde in \u00dcbereinstimmung mit internationalen und nationalen Datenschutzstandards erstellt.<\/p>\n\n\n\n<p>Diese Datenschutzrichtlinie muss in Verbindung mit den Allgemeinen Nutzungsbedingungen von Geekdois gelesen und interpretiert werden, verf\u00fcgbar unter <a href=\"https:\/\/geekdois.com\/de\/nutzungsbedingungen\/\">https:\/\/geekdois.com\/termos-de-uso\/<\/a><\/p>\n\n\n\n<h2 class=\"wp-block-heading\">Allgemeine Informationen f\u00fcr Benutzer <\/h2>\n\n\n\n<p>Ziel von Geekdois ist es, Informationen mit seinen Benutzern zu teilen und Wissen f\u00fcr alle zug\u00e4nglich zu machen. Der Benutzer kann die Geekdois-Website durchsuchen, ohne sich vorher registrieren zu m\u00fcssen.<\/p>\n\n\n\n<p>Geekdois befolgt internationale Sicherheitsstandards und -normen bei der Speicherung, dem Schutz, der Privatsph\u00e4re und der \u00dcbertragung von Daten und betont, dass keine Methode zur Speicherung, zum Schutz, zur Privatsph\u00e4re und zur \u00dcbertragung von Daten 100% sicher und unantastbar ist.<\/p>\n\n\n\n<p>Geekdois wendet Praktiken und Technologien an, die im Einklang mit nationalen und internationalen technischen und regulatorischen Fortschritten st\u00e4ndig \u00fcberpr\u00fcft und verbessert werden. Wenn wir von Schutz sprechen, meinen wir jeglichen unbefugten Zugriff auf Ihre Daten sowie deren Verwendung, \u00c4nderung, Offenlegung oder Zerst\u00f6rung. Um dies zu verhindern, investieren wir in Ma\u00dfnahmen wie verschl\u00fcsselte Kommunikation, Zugriffskontrolle, Einhaltung sicherer Softwareentwicklung, interne Compliance-Richtlinien sowie Ma\u00dfnahmen zur Rechenschaftspflicht und Risikominderung, die Sicherheit w\u00e4hrend des gesamten Datenlebenszyklus gew\u00e4hrleisten. Benutzerinformationen werden au\u00dferdem in sicheren, renommierten und international anerkannten Datenbanken gespeichert.<\/p>\n\n\n\n<p>Geekdois verlangt unter keinen Umst\u00e4nden Geld f\u00fcr die Ver\u00f6ffentlichung irgendeines Produkts, gleich welcher Art. Wenn dies passiert, benachrichtigen Sie uns bitte umgehend.<\/p>\n\n\n\n<p>Wir arbeiten daran, alle Informationen so aktuell wie m\u00f6glich zu halten. Es ist jedoch zu beachten, dass diese Informationen von den Informationen abweichen k\u00f6nnen, die auf den Websites von Institutionen oder Dienstleistern auf einer bestimmten Website zu finden sind. F\u00fcr die Richtigkeit und Aktualit\u00e4t der Angaben \u00fcbernehmen wir keine Gew\u00e4hr. Denken Sie immer daran, die Allgemeinen Gesch\u00e4ftsbedingungen der von Ihnen gew\u00e4hlten Institutionen zu lesen. Wir erhalten einen kleinen Betrag durch Werbung auf unserer Website und von unseren Partnern, wenn wir einen Benutzer vermitteln, der ein Produkt oder einen Vorschlag anfordert. Alles, was wir ver\u00f6ffentlichen, basiert auf quantitativen und qualitativen Bewertungen jedes Produkts. Es ist erw\u00e4hnenswert, dass unsere Partner direkten Einfluss auf die Produkte haben, \u00fcber die wir schreiben und die wir bewerten, sowie auf die Reihenfolge der \u201ebesten\u201c Artikel und die Produktpositionierung auf Geekdois. Angesichts der Menge der Informationen auf unserer Website \u00fcbernehmen wir keinerlei Garantie f\u00fcr die Qualit\u00e4t und Aktualit\u00e4t der Informationen; Daher legen wir gr\u00f6\u00dften Wert auf Informationen unserer Partner.<\/p>\n\n\n\n<p>Um Ihre pers\u00f6nlichen Daten zu sch\u00fctzen, treffen wir angemessene Vorsichtsma\u00dfnahmen und befolgen die Best Practices der Branche, um sicherzustellen, dass sie nicht unangemessen verloren gehen, missbraucht, abgerufen, offengelegt, ver\u00e4ndert oder zerst\u00f6rt werden.<\/p>\n\n\n\n<h2 class=\"wp-block-heading\">Links zu Websites Dritter <\/h2>\n\n\n\n<p>Geekdois verf\u00fcgt \u00fcber Links zu anderen Websites, die unserer Meinung nach n\u00fctzliche Informationen\/Tools f\u00fcr unsere Besucher enthalten k\u00f6nnen. Unsere Datenschutzrichtlinie gilt nicht f\u00fcr Websites Dritter. Wir sind nicht f\u00fcr die Datenschutzrichtlinien oder Inhalte dieser Websites verantwortlich. Geekdois \u00fcbt keinerlei Kontrolle \u00fcber sie aus und ist daher von jeglicher Verantwortung in den Beziehungen zwischen dem Benutzer und den auf der Website beworbenen Produkten und Dienstleistungen Dritter befreit.<\/p>\n\n\n\n<p>Sobald Sie unsere Website verlassen oder zu einer Website oder Anwendung eines Drittanbieters weitergeleitet werden, unterliegen Sie nicht mehr dieser Datenschutzrichtlinie oder den Nutzungsbedingungen unserer Website.<\/p>\n\n\n\n<p>Wenn Sie nach der Anmeldung Ihre Meinung \u00e4ndern, k\u00f6nnen Sie Ihre Einwilligung zur Kontaktaufnahme mit Ihnen sowie zur weiteren Erfassung, Verwendung oder Offenlegung Ihrer Daten jederzeit widerrufen, indem Sie uns unter contato@geekdois.com kontaktieren.<\/p>\n\n\n\n<h2 class=\"wp-block-heading\">Nicht personenbezogene Daten <\/h2>\n\n\n\n<p>Wenn Benutzer keine kostenlosen Inhalte von Geekdois anfordern (E-Books, Quizze, Artikel, Infografiken usw.), kann eine Verfolgung und Erfassung nicht personenbezogener Daten erfolgen, die unter anderem Aufschluss dar\u00fcber geben, welche Seiten der Website besucht wurden, wann sie besucht wurden, auf welche Hyperlinks geklickt wurde und welche Inhalte oder Dienste angefordert oder angezeigt wurden.<\/p>\n\n\n\n<h2 class=\"wp-block-heading\">Kekse <\/h2>\n\n\n\n<p>Google verwendet als Drittanbieter Cookies zur Schaltung von Anzeigen. Mit dem DART-Cookie kann Google Anzeigen basierend auf Ihren Besuchen auf anderen Websites im Internet schalten. Benutzer k\u00f6nnen das DART-Cookie deaktivieren, indem sie die Datenschutzrichtlinie f\u00fcr Anzeigen und Content-Netzwerke von Google besuchen.<\/p>\n\n\n\n<p>Geekdois verwendet Cookies, um Daten und IP-Identifikationsinformationen (Internet Protocol) zu sammeln, die Benutzernavigation zu erleichtern und so zur Gew\u00e4hrleistung von Datensicherheit, Schutz und Authentizit\u00e4t beizutragen.<\/p>\n\n\n\n<p>Dar\u00fcber hinaus nutzen wir auf unserer Website auch Werbung Dritter, um Wartungskosten zu decken. Einige dieser Werbetreibenden verwenden m\u00f6glicherweise Technologien wie Cookies, wenn sie auf unserer Website Werbung schalten. Dies bedeutet, dass diese Werbetreibenden (z. B. Google \u00fcber Google AdSense und Ad Exchange) auch Ihre pers\u00f6nlichen Daten wie Ihre IP-Adresse, Ihren ISP usw. erhalten. Ihr Browser usw. Diese Funktion wird im Allgemeinen f\u00fcr das Geotargeting verwendet (Anzeigen, die basierend auf Ihrem geografischen Standort sinnvoll sind).<\/p>\n\n\n\n<p>Der Benutzer kann in seinen Browsereinstellungen jederzeit \u00e4ndern, ob er Cookies akzeptiert oder nicht. Beachten Sie jedoch, dass durch die Deaktivierung von Browser-Cookies einige Funktionen von Geekdois beeintr\u00e4chtigt werden k\u00f6nnen.<\/p>\n\n\n\n<h2 class=\"wp-block-heading\">Pers\u00f6nlich identifizierbare Daten <\/h2>\n\n\n\n<p>Um auf kostenlose Inhalte auf Geekdois zuzugreifen, wie beispielsweise Artikel, E-Books, Quizze usw., muss der Benutzer einige personenbezogene Daten angeben, wie beispielsweise: E-Mail und vollst\u00e4ndiger Name.<\/p>\n\n\n\n<p>Die von Geekdois verarbeiteten personenbezogenen Daten dienen dazu:<\/p>\n\n\n\n<p>\u2013 Korrekte und genaue Identifizierung des Benutzers, um so mehr Sicherheit und Schutz f\u00fcr die Benutzer selbst zu gew\u00e4hrleisten;<\/p>\n\n\n\n<p>\u2013 Zugriff auf Dienstleistungen und Produkte von Geekdois;<\/p>\n\n\n\n<p>\u2013 Analyse des Benutzerprofils durch Geekdois mit dem Ziel, die besten Produkte und Informationen entsprechend den tats\u00e4chlichen Bed\u00fcrfnissen und der Realit\u00e4t anzuzeigen.<\/p>\n\n\n\n<p>Um eine noch pr\u00e4zisere Analyse des Benutzerprofils zu erreichen, kann Geekdois Untersuchungen durchf\u00fchren, um mehr und bessere Informationen \u00fcber Sie zu erhalten und so personalisierte Produkte und Dienstleistungen entsprechend den Vorlieben und Bed\u00fcrfnissen jedes Benutzers anzubieten.<\/p>\n\n\n\n<p>Auf diese Weise k\u00f6nnen Geekdois und Partnerunternehmen Benutzer zur Teilnahme an Zufriedenheitsumfragen einladen, f\u00fcr die E-Mails mit den erforderlichen Richtlinien versendet werden. Die gesammelten Daten werden haupts\u00e4chlich dazu verwendet, Verbesserungen an den von Geekdois und Partnerunternehmen angebotenen Systemen, Produkten, Inhalten und Diensten anzustreben.<\/p>\n\n\n\n<p>Wenn ein Nutzer Kontakt mit uns aufnimmt, um ein Problem zu melden, eine Frage zu haben oder Support von uns zu erhalten, erfassen und speichern wir die Kontaktdaten des Nutzers sowie die jeweiligen Nachrichten und weitere Daten, die zur Untersuchung des Problems oder der Frage erforderlich sind. Diese Daten werden verwendet, um auf Grundlage der gesammelten Informationen alle Fragen zu beantworten, Zweifel auszur\u00e4umen, Probleme zu beheben und das System zu verbessern, wodurch die Benutzererfahrung innerhalb von Geekdois weiter verbessert wird.<\/p>\n\n\n\n<h2 class=\"wp-block-heading\">\u00dcber den Datenaustausch <\/h2>\n\n\n\n<p>Geekdois verkauft keine Informationen oder personenbezogenen Daten seiner Benutzer, kann diese jedoch an Partnerunternehmen weitergeben, um Produkte und Dienstleistungen anzuzeigen, die am besten zum Profil und den Bed\u00fcrfnissen des Benutzers passen, oder um vom Benutzer angeforderte Produkte und\/oder Dienstleistungen bereitzustellen.<\/p>\n\n\n\n<p>Geekdois beh\u00e4lt sich das Recht vor, Justizbeh\u00f6rden oder Regierungsbeh\u00f6rden zu unterst\u00fctzen oder mit ihnen zusammenzuarbeiten und kann personenbezogene Daten von Benutzern weitergeben, um: a) ihre gesetzlichen Rechte zu begr\u00fcnden oder auszu\u00fcben; b) ihr Eigentum zu sch\u00fctzen; c) wenn sie der Ansicht ist, dass ihre Unterst\u00fctzung oder Zusammenarbeit zum Schutz ihrer Benutzer, Mitarbeiter, Administratoren oder anderer durch die Handlung oder Unterlassung gesch\u00e4digter Personen erforderlich ist.<\/p>\n\n\n\n<h2 class=\"wp-block-heading\">\u00dcber unbehandelte und nicht erfasste Daten <\/h2>\n\n\n\n<p>Geekdois verarbeitet keine personenbezogenen Daten von Kindern unter 13 (dreizehn) Jahren ohne vorherige Zustimmung der Eltern oder Erziehungsberechtigten.<\/p>\n\n\n\n<p>Sollten personenbezogene Daten von Kindern unter 13 (dreizehn) Jahren ohne die ausdr\u00fcckliche Zustimmung der Eltern oder Erziehungsberechtigten unbeabsichtigt erhoben und verarbeitet werden, l\u00f6scht Geekdois s\u00e4mtliche erhobenen Daten ohne vorherige Ank\u00fcndigung.<\/p>\n\n\n\n<p>Wenn der Benutzer feststellt, dass wir irrt\u00fcmlicherweise die Daten eines Kindes verarbeitet haben, bitten wir ihn, uns umgehend \u00fcber unsere E-Mail-Adresse contato@geekdois.com zu kontaktieren, damit wir die erforderlichen Ma\u00dfnahmen ergreifen k\u00f6nnen.<\/p>","protected":false},"excerpt":{"rendered":"<p>Todas as informa\u00e7\u00f5es recolhidas ser\u00e3o utilizadas para melhorar sua experi\u00eancia dentro do nosso site. As informa\u00e7\u00f5es recolhidas podem incluir o seu nome, email, n\u00famero de telefone e\/ou outros. O uso do Geekdois pressup\u00f5e a aceita\u00e7\u00e3o deste Acordo de Privacidade. Caso o usu\u00e1rio n\u00e3o concorde, ainda que em parte, com os termos e condi\u00e7\u00f5es contidos nesta [&hellip;]<\/p>","protected":false},"author":1,"featured_media":0,"parent":0,"menu_order":0,"comment_status":"closed","ping_status":"closed","template":"page-privacy.php","meta":{"footnotes":""},"class_list":["post-46973","page","type-page","status-publish","hentry"],"yoast_head":"<!-- This site is optimized with the Yoast SEO plugin v26.6 - https:\/\/yoast.com\/wordpress\/plugins\/seo\/ -->\n<title>Politica de Privacidade - Geekdois<\/title>\n<meta name=\"robots\" content=\"index, follow, max-snippet:-1, max-image-preview:large, max-video-preview:-1\" \/>\n<link rel=\"canonical\" href=\"https:\/\/geekdois.com\/de\/datenschutzrichtlinie\/\" \/>\n<meta property=\"og:locale\" content=\"de_DE\" \/>\n<meta property=\"og:type\" content=\"article\" \/>\n<meta property=\"og:title\" content=\"Politica de Privacidade - Geekdois\" \/>\n<meta property=\"og:description\" content=\"Todas as informa\u00e7\u00f5es recolhidas ser\u00e3o utilizadas para melhorar sua experi\u00eancia dentro do nosso site. As informa\u00e7\u00f5es recolhidas podem incluir o seu nome, email, n\u00famero de telefone e\/ou outros. O uso do Geekdois pressup\u00f5e a aceita\u00e7\u00e3o deste Acordo de Privacidade. Caso o usu\u00e1rio n\u00e3o concorde, ainda que em parte, com os termos e condi\u00e7\u00f5es contidos nesta [&hellip;]\" \/>\n<meta property=\"og:url\" content=\"https:\/\/geekdois.com\/de\/datenschutzrichtlinie\/\" \/>\n<meta property=\"og:site_name\" content=\"Geekdois\" \/>\n<meta property=\"article:modified_time\" content=\"2025-12-18T17:21:16+00:00\" \/>\n<meta name=\"twitter:card\" content=\"summary_large_image\" \/>\n<meta name=\"twitter:label1\" content=\"Gesch\u00e4tzte Lesezeit\" \/>\n\t<meta name=\"twitter:data1\" content=\"9\u00a0Minuten\" \/>\n<script type=\"application\/ld+json\" class=\"yoast-schema-graph\">{\"@context\":\"https:\/\/schema.org\",\"@graph\":[{\"@type\":\"WebPage\",\"@id\":\"https:\/\/geekdois.com\/politica-de-privacidade\/\",\"url\":\"https:\/\/geekdois.com\/politica-de-privacidade\/\",\"name\":\"Politica de Privacidade - Geekdois\",\"isPartOf\":{\"@id\":\"https:\/\/geekdois.com\/#website\"},\"datePublished\":\"2024-06-28T15:57:52+00:00\",\"dateModified\":\"2025-12-18T17:21:16+00:00\",\"breadcrumb\":{\"@id\":\"https:\/\/geekdois.com\/politica-de-privacidade\/#breadcrumb\"},\"inLanguage\":\"de\",\"potentialAction\":[{\"@type\":\"ReadAction\",\"target\":[\"https:\/\/geekdois.com\/politica-de-privacidade\/\"]}]},{\"@type\":\"BreadcrumbList\",\"@id\":\"https:\/\/geekdois.com\/politica-de-privacidade\/#breadcrumb\",\"itemListElement\":[{\"@type\":\"ListItem\",\"position\":1,\"name\":\"In\u00edcio\",\"item\":\"https:\/\/geekdois.com\/\"},{\"@type\":\"ListItem\",\"position\":2,\"name\":\"Politica de Privacidade\"}]},{\"@type\":\"WebSite\",\"@id\":\"https:\/\/geekdois.com\/#website\",\"url\":\"https:\/\/geekdois.com\/\",\"name\":\"Noticia Tecnologia\",\"description\":\"Tudo sobre aplicativos!\",\"publisher\":{\"@id\":\"https:\/\/geekdois.com\/#organization\"},\"potentialAction\":[{\"@type\":\"SearchAction\",\"target\":{\"@type\":\"EntryPoint\",\"urlTemplate\":\"https:\/\/geekdois.com\/?s={search_term_string}\"},\"query-input\":{\"@type\":\"PropertyValueSpecification\",\"valueRequired\":true,\"valueName\":\"search_term_string\"}}],\"inLanguage\":\"de\"},{\"@type\":\"Organization\",\"@id\":\"https:\/\/geekdois.com\/#organization\",\"name\":\"Spotads\",\"url\":\"https:\/\/geekdois.com\/\",\"logo\":{\"@type\":\"ImageObject\",\"inLanguage\":\"de\",\"@id\":\"https:\/\/geekdois.com\/#\/schema\/logo\/image\/\",\"url\":\"https:\/\/geekdois.com\/wp-content\/uploads\/2024\/06\/NOTICIA-LOGO-1.png\",\"contentUrl\":\"https:\/\/geekdois.com\/wp-content\/uploads\/2024\/06\/NOTICIA-LOGO-1.png\",\"width\":250,\"height\":60,\"caption\":\"Spotads\"},\"image\":{\"@id\":\"https:\/\/geekdois.com\/#\/schema\/logo\/image\/\"}}]}<\/script>\n<!-- \/ Yoast SEO plugin. -->","yoast_head_json":{"title":"Datenschutzrichtlinie - Geekdois","robots":{"index":"index","follow":"follow","max-snippet":"max-snippet:-1","max-image-preview":"max-image-preview:large","max-video-preview":"max-video-preview:-1"},"canonical":"https:\/\/geekdois.com\/de\/datenschutzrichtlinie\/","og_locale":"de_DE","og_type":"article","og_title":"Politica de Privacidade - Geekdois","og_description":"Todas as informa\u00e7\u00f5es recolhidas ser\u00e3o utilizadas para melhorar sua experi\u00eancia dentro do nosso site. As informa\u00e7\u00f5es recolhidas podem incluir o seu nome, email, n\u00famero de telefone e\/ou outros. O uso do Geekdois pressup\u00f5e a aceita\u00e7\u00e3o deste Acordo de Privacidade. Caso o usu\u00e1rio n\u00e3o concorde, ainda que em parte, com os termos e condi\u00e7\u00f5es contidos nesta [&hellip;]","og_url":"https:\/\/geekdois.com\/de\/datenschutzrichtlinie\/","og_site_name":"Geekdois","article_modified_time":"2025-12-18T17:21:16+00:00","twitter_card":"summary_large_image","twitter_misc":{"Gesch\u00e4tzte Lesezeit":"9\u00a0Minuten"},"schema":{"@context":"https:\/\/schema.org","@graph":[{"@type":"WebPage","@id":"https:\/\/geekdois.com\/politica-de-privacidade\/","url":"https:\/\/geekdois.com\/politica-de-privacidade\/","name":"Datenschutzrichtlinie - Geekdois","isPartOf":{"@id":"https:\/\/geekdois.com\/#website"},"datePublished":"2024-06-28T15:57:52+00:00","dateModified":"2025-12-18T17:21:16+00:00","breadcrumb":{"@id":"https:\/\/geekdois.com\/politica-de-privacidade\/#breadcrumb"},"inLanguage":"de","potentialAction":[{"@type":"ReadAction","target":["https:\/\/geekdois.com\/politica-de-privacidade\/"]}]},{"@type":"BreadcrumbList","@id":"https:\/\/geekdois.com\/politica-de-privacidade\/#breadcrumb","itemListElement":[{"@type":"ListItem","position":1,"name":"In\u00edcio","item":"https:\/\/geekdois.com\/"},{"@type":"ListItem","position":2,"name":"Politica de Privacidade"}]},{"@type":"WebSite","@id":"https:\/\/geekdois.com\/#website","url":"https:\/\/geekdois.com\/","name":"Technische Neuigkeiten","description":"Alles \u00fcber Apps!","publisher":{"@id":"https:\/\/geekdois.com\/#organization"},"potentialAction":[{"@type":"SearchAction","target":{"@type":"EntryPoint","urlTemplate":"https:\/\/geekdois.com\/?s={search_term_string}"},"query-input":{"@type":"PropertyValueSpecification","valueRequired":true,"valueName":"search_term_string"}}],"inLanguage":"de"},{"@type":"Organization","@id":"https:\/\/geekdois.com\/#organization","name":"Spotads","url":"https:\/\/geekdois.com\/","logo":{"@type":"ImageObject","inLanguage":"de","@id":"https:\/\/geekdois.com\/#\/schema\/logo\/image\/","url":"https:\/\/geekdois.com\/wp-content\/uploads\/2024\/06\/NOTICIA-LOGO-1.png","contentUrl":"https:\/\/geekdois.com\/wp-content\/uploads\/2024\/06\/NOTICIA-LOGO-1.png","width":250,"height":60,"caption":"Spotads"},"image":{"@id":"https:\/\/geekdois.com\/#\/schema\/logo\/image\/"}}]}},"_links":{"self":[{"href":"https:\/\/geekdois.com\/de\/wp-json\/wp\/v2\/pages\/46973","targetHints":{"allow":["GET"]}}],"collection":[{"href":"https:\/\/geekdois.com\/de\/wp-json\/wp\/v2\/pages"}],"about":[{"href":"https:\/\/geekdois.com\/de\/wp-json\/wp\/v2\/types\/page"}],"author":[{"embeddable":true,"href":"https:\/\/geekdois.com\/de\/wp-json\/wp\/v2\/users\/1"}],"replies":[{"embeddable":true,"href":"https:\/\/geekdois.com\/de\/wp-json\/wp\/v2\/comments?post=46973"}],"version-history":[{"count":5,"href":"https:\/\/geekdois.com\/de\/wp-json\/wp\/v2\/pages\/46973\/revisions"}],"predecessor-version":[{"id":47923,"href":"https:\/\/geekdois.com\/de\/wp-json\/wp\/v2\/pages\/46973\/revisions\/47923"}],"wp:attachment":[{"href":"https:\/\/geekdois.com\/de\/wp-json\/wp\/v2\/media?parent=46973"}],"curies":[{"name":"wp","href":"https:\/\/api.w.org\/{rel}","templated":true}]}}