{"id":46979,"date":"2024-06-28T16:01:36","date_gmt":"2024-06-28T16:01:36","guid":{"rendered":"https:\/\/geekdois.com\/?page_id=46979"},"modified":"2025-12-18T17:20:57","modified_gmt":"2025-12-18T17:20:57","slug":"who-we-are","status":"publish","type":"page","link":"https:\/\/geekdois.com\/en\/who-we-are\/","title":{"rendered":"Who we are"},"content":{"rendered":"<p>Geekdois is a technology website created in 2024 with the goal of providing information and tips on applications, finances and other topics related to the digital world. We believe that technology is a powerful tool to transform lives and businesses, and we want to help our readers stay up to date and make the most of these tools.<\/p>\n\n\n\n<p>Here at Geekdois, you&#039;ll find articles and tutorials written by technology experts, as well as reviews and analysis of products and services. We also offer tips and tricks to help you get the most out of your mobile devices and apps.<\/p>\n\n\n\n<p>Geekdois is a registered trademark of the company\u00a0<a href=\"http:\/\/spotads.me\/\">spotads.me<\/a>\u00a0and is maintained by a team of professionals who are passionate about technology.\u201d<\/p>\n\n\n\n<p>Our team is made up of technology experts, journalists and writers, all committed to providing high-quality, accurate content to our readers. We believe that technology is a powerful tool for transforming lives and businesses and our goal is to help our readers stay up to date and make the most of these tools.<\/p>\n\n\n\n<p>In addition to content, we also offer our readers the opportunity to connect with other technology enthusiasts through our social networks and discussion forums. We value the opinion of our readers and are always open to suggestions and feedback to improve our services.<\/p>\n\n\n\n<p>Follow us and stay up to date with the latest trends and news in the world of technology. Thank you for visiting our website and we hope to see you again soon!<\/p>","protected":false},"excerpt":{"rendered":"<p>Geekdois is a technology website created in 2024 with the goal of providing information and tips about apps, finance, and other topics related to the digital world. We believe that technology is a powerful tool for transforming lives and businesses, and we want to help our readers stay up-to-date and make the most of it.<\/p>","protected":false},"author":1,"featured_media":0,"parent":0,"menu_order":0,"comment_status":"closed","ping_status":"closed","template":"","meta":{"footnotes":""},"class_list":["post-46979","page","type-page","status-publish","hentry"],"yoast_head":"<!-- This site is optimized with the Yoast SEO plugin v26.6 - https:\/\/yoast.com\/wordpress\/plugins\/seo\/ -->\n<title>Quem somos - Geekdois<\/title>\n<meta name=\"robots\" content=\"index, follow, max-snippet:-1, max-image-preview:large, max-video-preview:-1\" \/>\n<link rel=\"canonical\" href=\"https:\/\/geekdois.com\/en\/who-we-are\/\" \/>\n<meta property=\"og:locale\" content=\"en_US\" \/>\n<meta property=\"og:type\" content=\"article\" \/>\n<meta property=\"og:title\" content=\"Quem somos - Geekdois\" \/>\n<meta property=\"og:description\" content=\"O Geekdois \u00e9 um site de tecnologia criado em 2024 com o objetivo de fornecer informa\u00e7\u00f5es e dicas sobre aplicativos, finan\u00e7as e outros assuntos relacionados ao mundo digital. N\u00f3s acreditamos que a tecnologia \u00e9 uma ferramenta poderosa para transformar vidas e empresas, e queremos ajudar nossos leitores a se manterem atualizados e aproveitar ao m\u00e1ximo [&hellip;]\" \/>\n<meta property=\"og:url\" content=\"https:\/\/geekdois.com\/en\/who-we-are\/\" \/>\n<meta property=\"og:site_name\" content=\"Geekdois\" \/>\n<meta property=\"article:modified_time\" content=\"2025-12-18T17:20:57+00:00\" \/>\n<meta name=\"twitter:card\" content=\"summary_large_image\" \/>\n<meta name=\"twitter:label1\" content=\"Est. reading time\" \/>\n\t<meta name=\"twitter:data1\" content=\"2 minutes\" \/>\n<script type=\"application\/ld+json\" class=\"yoast-schema-graph\">{\"@context\":\"https:\/\/schema.org\",\"@graph\":[{\"@type\":\"WebPage\",\"@id\":\"https:\/\/geekdois.com\/quem-somos\/\",\"url\":\"https:\/\/geekdois.com\/quem-somos\/\",\"name\":\"Quem somos - Geekdois\",\"isPartOf\":{\"@id\":\"https:\/\/geekdois.com\/#website\"},\"datePublished\":\"2024-06-28T16:01:36+00:00\",\"dateModified\":\"2025-12-18T17:20:57+00:00\",\"breadcrumb\":{\"@id\":\"https:\/\/geekdois.com\/quem-somos\/#breadcrumb\"},\"inLanguage\":\"en-US\",\"potentialAction\":[{\"@type\":\"ReadAction\",\"target\":[\"https:\/\/geekdois.com\/quem-somos\/\"]}]},{\"@type\":\"BreadcrumbList\",\"@id\":\"https:\/\/geekdois.com\/quem-somos\/#breadcrumb\",\"itemListElement\":[{\"@type\":\"ListItem\",\"position\":1,\"name\":\"In\u00edcio\",\"item\":\"https:\/\/geekdois.com\/\"},{\"@type\":\"ListItem\",\"position\":2,\"name\":\"Quem somos\"}]},{\"@type\":\"WebSite\",\"@id\":\"https:\/\/geekdois.com\/#website\",\"url\":\"https:\/\/geekdois.com\/\",\"name\":\"Noticia Tecnologia\",\"description\":\"Tudo sobre aplicativos!\",\"publisher\":{\"@id\":\"https:\/\/geekdois.com\/#organization\"},\"potentialAction\":[{\"@type\":\"SearchAction\",\"target\":{\"@type\":\"EntryPoint\",\"urlTemplate\":\"https:\/\/geekdois.com\/?s={search_term_string}\"},\"query-input\":{\"@type\":\"PropertyValueSpecification\",\"valueRequired\":true,\"valueName\":\"search_term_string\"}}],\"inLanguage\":\"en-US\"},{\"@type\":\"Organization\",\"@id\":\"https:\/\/geekdois.com\/#organization\",\"name\":\"Spotads\",\"url\":\"https:\/\/geekdois.com\/\",\"logo\":{\"@type\":\"ImageObject\",\"inLanguage\":\"en-US\",\"@id\":\"https:\/\/geekdois.com\/#\/schema\/logo\/image\/\",\"url\":\"https:\/\/geekdois.com\/wp-content\/uploads\/2024\/06\/NOTICIA-LOGO-1.png\",\"contentUrl\":\"https:\/\/geekdois.com\/wp-content\/uploads\/2024\/06\/NOTICIA-LOGO-1.png\",\"width\":250,\"height\":60,\"caption\":\"Spotads\"},\"image\":{\"@id\":\"https:\/\/geekdois.com\/#\/schema\/logo\/image\/\"}}]}<\/script>\n<!-- \/ Yoast SEO plugin. -->","yoast_head_json":{"title":"Who we are - Geekdois","robots":{"index":"index","follow":"follow","max-snippet":"max-snippet:-1","max-image-preview":"max-image-preview:large","max-video-preview":"max-video-preview:-1"},"canonical":"https:\/\/geekdois.com\/en\/who-we-are\/","og_locale":"en_US","og_type":"article","og_title":"Quem somos - Geekdois","og_description":"O Geekdois \u00e9 um site de tecnologia criado em 2024 com o objetivo de fornecer informa\u00e7\u00f5es e dicas sobre aplicativos, finan\u00e7as e outros assuntos relacionados ao mundo digital. N\u00f3s acreditamos que a tecnologia \u00e9 uma ferramenta poderosa para transformar vidas e empresas, e queremos ajudar nossos leitores a se manterem atualizados e aproveitar ao m\u00e1ximo [&hellip;]","og_url":"https:\/\/geekdois.com\/en\/who-we-are\/","og_site_name":"Geekdois","article_modified_time":"2025-12-18T17:20:57+00:00","twitter_card":"summary_large_image","twitter_misc":{"Est. reading time":"2 minutes"},"schema":{"@context":"https:\/\/schema.org","@graph":[{"@type":"WebPage","@id":"https:\/\/geekdois.com\/quem-somos\/","url":"https:\/\/geekdois.com\/quem-somos\/","name":"Who we are - Geekdois","isPartOf":{"@id":"https:\/\/geekdois.com\/#website"},"datePublished":"2024-06-28T16:01:36+00:00","dateModified":"2025-12-18T17:20:57+00:00","breadcrumb":{"@id":"https:\/\/geekdois.com\/quem-somos\/#breadcrumb"},"inLanguage":"en-US","potentialAction":[{"@type":"ReadAction","target":["https:\/\/geekdois.com\/quem-somos\/"]}]},{"@type":"BreadcrumbList","@id":"https:\/\/geekdois.com\/quem-somos\/#breadcrumb","itemListElement":[{"@type":"ListItem","position":1,"name":"In\u00edcio","item":"https:\/\/geekdois.com\/"},{"@type":"ListItem","position":2,"name":"Quem somos"}]},{"@type":"WebSite","@id":"https:\/\/geekdois.com\/#website","url":"https:\/\/geekdois.com\/","name":"Technology News","description":"All about apps!","publisher":{"@id":"https:\/\/geekdois.com\/#organization"},"potentialAction":[{"@type":"SearchAction","target":{"@type":"EntryPoint","urlTemplate":"https:\/\/geekdois.com\/?s={search_term_string}"},"query-input":{"@type":"PropertyValueSpecification","valueRequired":true,"valueName":"search_term_string"}}],"inLanguage":"en-US"},{"@type":"Organization","@id":"https:\/\/geekdois.com\/#organization","name":"Spotads","url":"https:\/\/geekdois.com\/","logo":{"@type":"ImageObject","inLanguage":"en-US","@id":"https:\/\/geekdois.com\/#\/schema\/logo\/image\/","url":"https:\/\/geekdois.com\/wp-content\/uploads\/2024\/06\/NOTICIA-LOGO-1.png","contentUrl":"https:\/\/geekdois.com\/wp-content\/uploads\/2024\/06\/NOTICIA-LOGO-1.png","width":250,"height":60,"caption":"Spotads"},"image":{"@id":"https:\/\/geekdois.com\/#\/schema\/logo\/image\/"}}]}},"_links":{"self":[{"href":"https:\/\/geekdois.com\/en\/wp-json\/wp\/v2\/pages\/46979","targetHints":{"allow":["GET"]}}],"collection":[{"href":"https:\/\/geekdois.com\/en\/wp-json\/wp\/v2\/pages"}],"about":[{"href":"https:\/\/geekdois.com\/en\/wp-json\/wp\/v2\/types\/page"}],"author":[{"embeddable":true,"href":"https:\/\/geekdois.com\/en\/wp-json\/wp\/v2\/users\/1"}],"replies":[{"embeddable":true,"href":"https:\/\/geekdois.com\/en\/wp-json\/wp\/v2\/comments?post=46979"}],"version-history":[{"count":5,"href":"https:\/\/geekdois.com\/en\/wp-json\/wp\/v2\/pages\/46979\/revisions"}],"predecessor-version":[{"id":47924,"href":"https:\/\/geekdois.com\/en\/wp-json\/wp\/v2\/pages\/46979\/revisions\/47924"}],"wp:attachment":[{"href":"https:\/\/geekdois.com\/en\/wp-json\/wp\/v2\/media?parent=46979"}],"curies":[{"name":"wp","href":"https:\/\/api.w.org\/{rel}","templated":true}]}}