{"id":46975,"date":"2024-06-28T15:59:34","date_gmt":"2024-06-28T15:59:34","guid":{"rendered":"https:\/\/geekdois.com\/?page_id=46975"},"modified":"2025-12-18T17:21:48","modified_gmt":"2025-12-18T17:21:48","slug":"terminos-de-uso","status":"publish","type":"page","link":"https:\/\/geekdois.com\/es\/terminos-de-uso\/","title":{"rendered":"Terminos de uso"},"content":{"rendered":"<p>Al acceder al sitio web de Geekdois, usted acepta cumplir con estos t\u00e9rminos de servicio, todas las leyes y regulaciones aplicables, y acepta que es responsable del cumplimiento de todas las leyes locales aplicables. Si no est\u00e1 de acuerdo con alguno de estos t\u00e9rminos, se le proh\u00edbe utilizar o acceder a este sitio. Los materiales contenidos en este sitio web est\u00e1n protegidos por las leyes de derechos de autor y marcas registradas aplicables.<\/p>\n\n\n\n<h2 class=\"wp-block-heading\">Uso de licencia<\/h2>\n\n\n\n<p>Se concede permiso para descargar temporalmente una copia de los materiales (informaci\u00f3n o software) del sitio web de Geekdois \u00fanicamente para visualizaci\u00f3n transitoria personal y no comercial. Esta es la concesi\u00f3n de una licencia, no una transferencia de t\u00edtulo, y bajo esta licencia usted no puede:<\/p>\n\n\n\n<ul class=\"wp-block-list\">\n<li>modificar o copiar los materiales;<\/li>\n\n\n\n<li>utilizar los materiales para cualquier fin comercial o para exhibici\u00f3n p\u00fablica (comercial o no comercial);<\/li>\n\n\n\n<li>intentar descompilar o realizar ingenier\u00eda inversa a cualquier software contenido en el sitio web de Geekdois;<\/li>\n\n\n\n<li>eliminar cualquier copyright u otras anotaciones de propiedad de los materiales; o<\/li>\n\n\n\n<li>transferir los materiales a otra persona o &#039;duplicar&#039; los materiales en cualquier otro servidor. Esta licencia finalizar\u00e1 autom\u00e1ticamente si usted viola alguna de estas restricciones y Geekdois podr\u00e1 rescindirla en cualquier momento. Al finalizar la visualizaci\u00f3n de estos materiales o al finalizar esta licencia, deber\u00e1 destruir cualquier material descargado que se encuentre en su posesi\u00f3n, ya sea en formato electr\u00f3nico o impreso.<\/li>\n<\/ul>\n\n\n\n<h2 class=\"wp-block-heading\">Descargo de responsabilidad<\/h2>\n\n\n\n<p>Los materiales del sitio web de Geekdois se proporcionan &quot;tal cual&quot;. Geekdois no ofrece garant\u00edas, expresas o impl\u00edcitas, y por la presente renuncia y niega todas las dem\u00e1s garant\u00edas, incluidas, entre otras, las garant\u00edas o condiciones impl\u00edcitas de comerciabilidad, idoneidad para un prop\u00f3sito particular o no infracci\u00f3n de la propiedad intelectual u otra violaci\u00f3n de derechos.<\/p>\n\n\n\n<p>Adem\u00e1s, Geekdois no garantiza ni hace ninguna declaraci\u00f3n sobre la precisi\u00f3n, los resultados probables o la confiabilidad del uso de los materiales en su sitio web o de otro modo relacionados con dichos materiales o en cualquier sitio vinculado a este sitio.<\/p>\n\n\n\n<h2 class=\"wp-block-heading\">Limitaciones<\/h2>\n\n\n\n<p>En ning\u00fan caso Geekdois o sus proveedores ser\u00e1n responsables de ning\u00fan da\u00f1o (incluidos, sin limitaci\u00f3n, da\u00f1os por p\u00e9rdida de datos o ganancias o debido a la interrupci\u00f3n del negocio) que surja del uso o la imposibilidad de usar los materiales en Geekdois, incluso si Geekdois o un representante autorizado de Geekdois ha sido notificado oralmente o por escrito de la posibilidad de tal da\u00f1o. Debido a que algunas jurisdicciones no permiten limitaciones en las garant\u00edas impl\u00edcitas o limitaciones de responsabilidad por da\u00f1os consecuentes o incidentales, estas limitaciones pueden no aplicarse en su caso.<\/p>\n\n\n\n<h2 class=\"wp-block-heading\">Precisi\u00f3n de materiales<\/h2>\n\n\n\n<p>Los materiales que se muestran en el sitio web de Geekdois pueden incluir errores t\u00e9cnicos, tipogr\u00e1ficos o fotogr\u00e1ficos. Geekdois no garantiza que ning\u00fan material de su sitio web sea preciso, completo o actual. Geekdois puede realizar cambios en los materiales contenidos en su sitio web en cualquier momento sin previo aviso. Sin embargo, Geekdois no se compromete a actualizar los materiales.<\/p>\n\n\n\n<h2 class=\"wp-block-heading\">Enlaces<\/h2>\n\n\n\n<p>Geekdois no ha revisado todos los sitios vinculados a su sitio web y no es responsable del contenido de ninguno de dichos sitios vinculados. La inclusi\u00f3n de cualquier enlace no implica la aprobaci\u00f3n por parte de Geekdois del sitio. El uso de cualquier sitio web vinculado se realiza por cuenta y riesgo del usuario.<\/p>\n\n\n\n<h2 class=\"wp-block-heading\">Modificaciones<\/h2>\n\n\n\n<p>Geekdois puede revisar estos t\u00e9rminos de servicio del sitio web en cualquier momento sin previo aviso. Al utilizar este sitio web, usted acepta estar sujeto a la versi\u00f3n vigente en ese momento de estos t\u00e9rminos de servicio.<\/p>\n\n\n\n<p>Ley aplicable Estos t\u00e9rminos y condiciones se rigen e interpretan de conformidad con las leyes de Geekdois y usted se somete irrevocablemente a la jurisdicci\u00f3n exclusiva de los tribunales de ese estado o ubicaci\u00f3n.<\/p>\n\n\n\n<h2 class=\"wp-block-heading\" id=\"lei-aplicavel\">Ley aplicable<\/h2>\n\n\n\n<p>Estos t\u00e9rminos y condiciones se rigen e interpretan de conformidad con las leyes de Geekdois y usted se somete irrevocablemente a la jurisdicci\u00f3n exclusiva de los tribunales de ese estado o ubicaci\u00f3n.<\/p>","protected":false},"excerpt":{"rendered":"<p>Ao acessar ao site Geekdois, concorda em cumprir estes termos de servi\u00e7o, todas as leis e regulamentos aplic\u00e1veis e concorda que \u00e9 respons\u00e1vel pelo cumprimento de todas as leis locais aplic\u00e1veis. Se voc\u00ea n\u00e3o concordar com algum desses termos, est\u00e1 proibido de usar ou acessar este site. Os materiais contidos neste site s\u00e3o protegidos pelas [&hellip;]<\/p>","protected":false},"author":1,"featured_media":0,"parent":0,"menu_order":0,"comment_status":"closed","ping_status":"closed","template":"page-terms.php","meta":{"footnotes":""},"class_list":["post-46975","page","type-page","status-publish","hentry"],"yoast_head":"<!-- This site is optimized with the Yoast SEO plugin v26.6 - https:\/\/yoast.com\/wordpress\/plugins\/seo\/ -->\n<title>Termos de Uso - Geekdois<\/title>\n<meta name=\"robots\" content=\"index, follow, max-snippet:-1, max-image-preview:large, max-video-preview:-1\" \/>\n<link rel=\"canonical\" href=\"https:\/\/geekdois.com\/es\/terminos-de-uso\/\" \/>\n<meta property=\"og:locale\" content=\"es_ES\" \/>\n<meta property=\"og:type\" content=\"article\" \/>\n<meta property=\"og:title\" content=\"Termos de Uso - Geekdois\" \/>\n<meta property=\"og:description\" content=\"Ao acessar ao site Geekdois, concorda em cumprir estes termos de servi\u00e7o, todas as leis e regulamentos aplic\u00e1veis e concorda que \u00e9 respons\u00e1vel pelo cumprimento de todas as leis locais aplic\u00e1veis. Se voc\u00ea n\u00e3o concordar com algum desses termos, est\u00e1 proibido de usar ou acessar este site. Os materiais contidos neste site s\u00e3o protegidos pelas [&hellip;]\" \/>\n<meta property=\"og:url\" content=\"https:\/\/geekdois.com\/es\/terminos-de-uso\/\" \/>\n<meta property=\"og:site_name\" content=\"Geekdois\" \/>\n<meta property=\"article:modified_time\" content=\"2025-12-18T17:21:48+00:00\" \/>\n<meta name=\"twitter:card\" content=\"summary_large_image\" \/>\n<meta name=\"twitter:label1\" content=\"Tiempo de lectura\" \/>\n\t<meta name=\"twitter:data1\" content=\"4 minutos\" \/>\n<script type=\"application\/ld+json\" class=\"yoast-schema-graph\">{\"@context\":\"https:\/\/schema.org\",\"@graph\":[{\"@type\":\"WebPage\",\"@id\":\"https:\/\/geekdois.com\/termos-de-uso\/\",\"url\":\"https:\/\/geekdois.com\/termos-de-uso\/\",\"name\":\"Termos de Uso - Geekdois\",\"isPartOf\":{\"@id\":\"https:\/\/geekdois.com\/#website\"},\"datePublished\":\"2024-06-28T15:59:34+00:00\",\"dateModified\":\"2025-12-18T17:21:48+00:00\",\"breadcrumb\":{\"@id\":\"https:\/\/geekdois.com\/termos-de-uso\/#breadcrumb\"},\"inLanguage\":\"es\",\"potentialAction\":[{\"@type\":\"ReadAction\",\"target\":[\"https:\/\/geekdois.com\/termos-de-uso\/\"]}]},{\"@type\":\"BreadcrumbList\",\"@id\":\"https:\/\/geekdois.com\/termos-de-uso\/#breadcrumb\",\"itemListElement\":[{\"@type\":\"ListItem\",\"position\":1,\"name\":\"In\u00edcio\",\"item\":\"https:\/\/geekdois.com\/\"},{\"@type\":\"ListItem\",\"position\":2,\"name\":\"Termos de Uso\"}]},{\"@type\":\"WebSite\",\"@id\":\"https:\/\/geekdois.com\/#website\",\"url\":\"https:\/\/geekdois.com\/\",\"name\":\"Noticia Tecnologia\",\"description\":\"Tudo sobre aplicativos!\",\"publisher\":{\"@id\":\"https:\/\/geekdois.com\/#organization\"},\"potentialAction\":[{\"@type\":\"SearchAction\",\"target\":{\"@type\":\"EntryPoint\",\"urlTemplate\":\"https:\/\/geekdois.com\/?s={search_term_string}\"},\"query-input\":{\"@type\":\"PropertyValueSpecification\",\"valueRequired\":true,\"valueName\":\"search_term_string\"}}],\"inLanguage\":\"es\"},{\"@type\":\"Organization\",\"@id\":\"https:\/\/geekdois.com\/#organization\",\"name\":\"Spotads\",\"url\":\"https:\/\/geekdois.com\/\",\"logo\":{\"@type\":\"ImageObject\",\"inLanguage\":\"es\",\"@id\":\"https:\/\/geekdois.com\/#\/schema\/logo\/image\/\",\"url\":\"https:\/\/geekdois.com\/wp-content\/uploads\/2024\/06\/NOTICIA-LOGO-1.png\",\"contentUrl\":\"https:\/\/geekdois.com\/wp-content\/uploads\/2024\/06\/NOTICIA-LOGO-1.png\",\"width\":250,\"height\":60,\"caption\":\"Spotads\"},\"image\":{\"@id\":\"https:\/\/geekdois.com\/#\/schema\/logo\/image\/\"}}]}<\/script>\n<!-- \/ Yoast SEO plugin. -->","yoast_head_json":{"title":"Condiciones de uso - Geekdois","robots":{"index":"index","follow":"follow","max-snippet":"max-snippet:-1","max-image-preview":"max-image-preview:large","max-video-preview":"max-video-preview:-1"},"canonical":"https:\/\/geekdois.com\/es\/terminos-de-uso\/","og_locale":"es_ES","og_type":"article","og_title":"Termos de Uso - Geekdois","og_description":"Ao acessar ao site Geekdois, concorda em cumprir estes termos de servi\u00e7o, todas as leis e regulamentos aplic\u00e1veis e concorda que \u00e9 respons\u00e1vel pelo cumprimento de todas as leis locais aplic\u00e1veis. Se voc\u00ea n\u00e3o concordar com algum desses termos, est\u00e1 proibido de usar ou acessar este site. Os materiais contidos neste site s\u00e3o protegidos pelas [&hellip;]","og_url":"https:\/\/geekdois.com\/es\/terminos-de-uso\/","og_site_name":"Geekdois","article_modified_time":"2025-12-18T17:21:48+00:00","twitter_card":"summary_large_image","twitter_misc":{"Tiempo de lectura":"4 minutos"},"schema":{"@context":"https:\/\/schema.org","@graph":[{"@type":"WebPage","@id":"https:\/\/geekdois.com\/termos-de-uso\/","url":"https:\/\/geekdois.com\/termos-de-uso\/","name":"Condiciones de uso - Geekdois","isPartOf":{"@id":"https:\/\/geekdois.com\/#website"},"datePublished":"2024-06-28T15:59:34+00:00","dateModified":"2025-12-18T17:21:48+00:00","breadcrumb":{"@id":"https:\/\/geekdois.com\/termos-de-uso\/#breadcrumb"},"inLanguage":"es","potentialAction":[{"@type":"ReadAction","target":["https:\/\/geekdois.com\/termos-de-uso\/"]}]},{"@type":"BreadcrumbList","@id":"https:\/\/geekdois.com\/termos-de-uso\/#breadcrumb","itemListElement":[{"@type":"ListItem","position":1,"name":"In\u00edcio","item":"https:\/\/geekdois.com\/"},{"@type":"ListItem","position":2,"name":"Termos de Uso"}]},{"@type":"WebSite","@id":"https:\/\/geekdois.com\/#website","url":"https:\/\/geekdois.com\/","name":"Noticias de tecnolog\u00eda","description":"\u00a1Todo sobre aplicaciones!","publisher":{"@id":"https:\/\/geekdois.com\/#organization"},"potentialAction":[{"@type":"SearchAction","target":{"@type":"EntryPoint","urlTemplate":"https:\/\/geekdois.com\/?s={search_term_string}"},"query-input":{"@type":"PropertyValueSpecification","valueRequired":true,"valueName":"search_term_string"}}],"inLanguage":"es"},{"@type":"Organization","@id":"https:\/\/geekdois.com\/#organization","name":"Spotads","url":"https:\/\/geekdois.com\/","logo":{"@type":"ImageObject","inLanguage":"es","@id":"https:\/\/geekdois.com\/#\/schema\/logo\/image\/","url":"https:\/\/geekdois.com\/wp-content\/uploads\/2024\/06\/NOTICIA-LOGO-1.png","contentUrl":"https:\/\/geekdois.com\/wp-content\/uploads\/2024\/06\/NOTICIA-LOGO-1.png","width":250,"height":60,"caption":"Spotads"},"image":{"@id":"https:\/\/geekdois.com\/#\/schema\/logo\/image\/"}}]}},"_links":{"self":[{"href":"https:\/\/geekdois.com\/es\/wp-json\/wp\/v2\/pages\/46975","targetHints":{"allow":["GET"]}}],"collection":[{"href":"https:\/\/geekdois.com\/es\/wp-json\/wp\/v2\/pages"}],"about":[{"href":"https:\/\/geekdois.com\/es\/wp-json\/wp\/v2\/types\/page"}],"author":[{"embeddable":true,"href":"https:\/\/geekdois.com\/es\/wp-json\/wp\/v2\/users\/1"}],"replies":[{"embeddable":true,"href":"https:\/\/geekdois.com\/es\/wp-json\/wp\/v2\/comments?post=46975"}],"version-history":[{"count":4,"href":"https:\/\/geekdois.com\/es\/wp-json\/wp\/v2\/pages\/46975\/revisions"}],"predecessor-version":[{"id":47926,"href":"https:\/\/geekdois.com\/es\/wp-json\/wp\/v2\/pages\/46975\/revisions\/47926"}],"wp:attachment":[{"href":"https:\/\/geekdois.com\/es\/wp-json\/wp\/v2\/media?parent=46975"}],"curies":[{"name":"wp","href":"https:\/\/api.w.org\/{rel}","templated":true}]}}