{"id":46975,"date":"2024-06-28T15:59:34","date_gmt":"2024-06-28T15:59:34","guid":{"rendered":"https:\/\/geekdois.com\/?page_id=46975"},"modified":"2025-12-18T17:21:48","modified_gmt":"2025-12-18T17:21:48","slug":"syarat-penggunaan","status":"publish","type":"page","link":"https:\/\/geekdois.com\/id\/syarat-penggunaan\/","title":{"rendered":"Syarat Penggunaan"},"content":{"rendered":"<p>Dengan mengakses situs web Geekdois, Anda setuju untuk mematuhi persyaratan layanan ini, semua hukum dan peraturan yang berlaku, dan setuju bahwa Anda bertanggung jawab untuk mematuhi semua hukum setempat yang berlaku. Jika Anda tidak menyetujui persyaratan ini, Anda dilarang menggunakan atau mengakses situs ini. Materi yang terkandung dalam situs web ini dilindungi oleh hukum hak cipta dan merek dagang yang berlaku.<\/p>\n\n\n\n<h2 class=\"wp-block-heading\">Penggunaan Lisensi<\/h2>\n\n\n\n<p>Izin diberikan untuk mengunduh sementara satu salinan materi (informasi atau perangkat lunak) di situs web Geekdois untuk tampilan sementara pribadi dan nonkomersial saja. Ini adalah pemberian lisensi, bukan pengalihan hak milik, dan berdasarkan lisensi ini Anda tidak boleh:<\/p>\n\n\n\n<ul class=\"wp-block-list\">\n<li>memodifikasi atau menyalin materi;<\/li>\n\n\n\n<li>menggunakan materi untuk tujuan komersial atau untuk tampilan publik (komersial atau non-komersial);<\/li>\n\n\n\n<li>mencoba mendekompilasi atau merekayasa ulang perangkat lunak apa pun yang terdapat di situs web Geekdois;<\/li>\n\n\n\n<li>menghapus segala hak cipta atau notasi kepemilikan lainnya dari materi; atau<\/li>\n\n\n\n<li>mentransfer materi ke orang lain atau &#039;mencerminkan&#039; materi pada server lain mana pun. Lisensi ini akan otomatis berakhir jika Anda melanggar salah satu batasan ini dan dapat diakhiri oleh Geekdois kapan saja. Setelah Anda mengakhiri penayangan materi ini atau setelah berakhirnya lisensi ini, Anda harus memusnahkan semua materi unduhan yang Anda miliki, baik dalam format elektronik maupun cetak.<\/li>\n<\/ul>\n\n\n\n<h2 class=\"wp-block-heading\">Penafian<\/h2>\n\n\n\n<p>Materi di situs web Geekdois disediakan &#039;apa adanya&#039;. Geekdois tidak memberikan jaminan, tersurat maupun tersirat, dan dengan ini menyangkal dan meniadakan semua jaminan lainnya, termasuk tanpa batasan, jaminan atau ketentuan tersirat tentang kelayakan untuk diperjualbelikan, kesesuaian untuk tujuan tertentu, atau tidak adanya pelanggaran hak kekayaan intelektual atau pelanggaran hak lainnya.<\/p>\n\n\n\n<p>Lebih jauh lagi, Geekdois tidak memberikan jaminan atau membuat pernyataan apapun mengenai keakuratan, kemungkinan hasil, atau keandalan penggunaan materi di situs webnya atau materi yang berhubungan dengan materi tersebut atau di situs manapun yang tertaut ke situs ini.<\/p>\n\n\n\n<h2 class=\"wp-block-heading\">Keterbatasan<\/h2>\n\n\n\n<p>Geekdois atau para pemasoknya dalam keadaan apa pun tidak akan bertanggung jawab atas segala kerusakan (termasuk, namun tidak terbatas pada, kerusakan atas hilangnya data atau keuntungan, atau akibat gangguan bisnis) yang timbul dari penggunaan atau ketidakmampuan penggunaan materi di Geekdois, sekalipun Geekdois atau wakil Geekdois yang diberi wewenang telah diberitahu secara lisan atau tertulis tentang kemungkinan kerusakan tersebut. Karena beberapa yurisdiksi tidak mengizinkan pembatasan pada jaminan tersirat, atau pembatasan tanggung jawab atas kerusakan konsekuensial atau insidental, pembatasan ini mungkin tidak berlaku bagi Anda.<\/p>\n\n\n\n<h2 class=\"wp-block-heading\">Presisi bahan<\/h2>\n\n\n\n<p>Materi yang ditampilkan di situs web Geekdois mungkin mencakup kesalahan teknis, tipografi, atau fotografi. Geekdois tidak menjamin bahwa materi apa pun di situs webnya akurat, lengkap, atau terkini. Geekdois dapat membuat perubahan terhadap materi yang terkandung di situs webnya kapan saja tanpa pemberitahuan. Namun, Geekdois tidak berkewajiban memperbarui materi tersebut.<\/p>\n\n\n\n<h2 class=\"wp-block-heading\">Tautan<\/h2>\n\n\n\n<p>Geekdois belum meninjau semua situs yang tertaut ke situs webnya dan tidak bertanggung jawab atas konten situs tertaut tersebut. Penyertaan tautan apapun tidak mengartikan dukungan Geekdois terhadap situs tersebut. Penggunaan situs web apa pun yang tertaut merupakan risiko pengguna sendiri.<\/p>\n\n\n\n<h2 class=\"wp-block-heading\">Modifikasi<\/h2>\n\n\n\n<p>Geekdois dapat merevisi ketentuan layanan situs web ini kapan saja tanpa pemberitahuan. Dengan menggunakan situs web ini, Anda setuju untuk terikat oleh versi persyaratan layanan yang berlaku saat itu.<\/p>\n\n\n\n<p>Hukum yang Mengatur Syarat dan ketentuan ini diatur oleh dan ditafsirkan sesuai dengan hukum Geekdois dan Anda secara tidak dapat ditarik kembali tunduk pada yurisdiksi eksklusif pengadilan di Negara Bagian atau lokasi tersebut.<\/p>\n\n\n\n<h2 class=\"wp-block-heading\" id=\"lei-aplicavel\">Hukum yang berlaku<\/h2>\n\n\n\n<p>Syarat dan ketentuan ini diatur dan ditafsirkan sesuai dengan hukum Geekdois dan Anda secara tidak dapat ditarik kembali tunduk pada yurisdiksi eksklusif pengadilan di Negara Bagian atau lokasi tersebut.<\/p>","protected":false},"excerpt":{"rendered":"<p>Ao acessar ao site Geekdois, concorda em cumprir estes termos de servi\u00e7o, todas as leis e regulamentos aplic\u00e1veis e concorda que \u00e9 respons\u00e1vel pelo cumprimento de todas as leis locais aplic\u00e1veis. Se voc\u00ea n\u00e3o concordar com algum desses termos, est\u00e1 proibido de usar ou acessar este site. Os materiais contidos neste site s\u00e3o protegidos pelas [&hellip;]<\/p>","protected":false},"author":1,"featured_media":0,"parent":0,"menu_order":0,"comment_status":"closed","ping_status":"closed","template":"page-terms.php","meta":{"footnotes":""},"class_list":["post-46975","page","type-page","status-publish","hentry"],"yoast_head":"<!-- This site is optimized with the Yoast SEO plugin v26.6 - https:\/\/yoast.com\/wordpress\/plugins\/seo\/ -->\n<title>Termos de Uso - Geekdois<\/title>\n<meta name=\"robots\" content=\"index, follow, max-snippet:-1, max-image-preview:large, max-video-preview:-1\" \/>\n<link rel=\"canonical\" href=\"https:\/\/geekdois.com\/id\/syarat-penggunaan\/\" \/>\n<meta property=\"og:locale\" content=\"id_ID\" \/>\n<meta property=\"og:type\" content=\"article\" \/>\n<meta property=\"og:title\" content=\"Termos de Uso - Geekdois\" \/>\n<meta property=\"og:description\" content=\"Ao acessar ao site Geekdois, concorda em cumprir estes termos de servi\u00e7o, todas as leis e regulamentos aplic\u00e1veis e concorda que \u00e9 respons\u00e1vel pelo cumprimento de todas as leis locais aplic\u00e1veis. Se voc\u00ea n\u00e3o concordar com algum desses termos, est\u00e1 proibido de usar ou acessar este site. Os materiais contidos neste site s\u00e3o protegidos pelas [&hellip;]\" \/>\n<meta property=\"og:url\" content=\"https:\/\/geekdois.com\/id\/syarat-penggunaan\/\" \/>\n<meta property=\"og:site_name\" content=\"Geekdois\" \/>\n<meta property=\"article:modified_time\" content=\"2025-12-18T17:21:48+00:00\" \/>\n<meta name=\"twitter:card\" content=\"summary_large_image\" \/>\n<meta name=\"twitter:label1\" content=\"Estimasi waktu membaca\" \/>\n\t<meta name=\"twitter:data1\" content=\"4 menit\" \/>\n<script type=\"application\/ld+json\" class=\"yoast-schema-graph\">{\"@context\":\"https:\/\/schema.org\",\"@graph\":[{\"@type\":\"WebPage\",\"@id\":\"https:\/\/geekdois.com\/termos-de-uso\/\",\"url\":\"https:\/\/geekdois.com\/termos-de-uso\/\",\"name\":\"Termos de Uso - Geekdois\",\"isPartOf\":{\"@id\":\"https:\/\/geekdois.com\/#website\"},\"datePublished\":\"2024-06-28T15:59:34+00:00\",\"dateModified\":\"2025-12-18T17:21:48+00:00\",\"breadcrumb\":{\"@id\":\"https:\/\/geekdois.com\/termos-de-uso\/#breadcrumb\"},\"inLanguage\":\"id\",\"potentialAction\":[{\"@type\":\"ReadAction\",\"target\":[\"https:\/\/geekdois.com\/termos-de-uso\/\"]}]},{\"@type\":\"BreadcrumbList\",\"@id\":\"https:\/\/geekdois.com\/termos-de-uso\/#breadcrumb\",\"itemListElement\":[{\"@type\":\"ListItem\",\"position\":1,\"name\":\"In\u00edcio\",\"item\":\"https:\/\/geekdois.com\/\"},{\"@type\":\"ListItem\",\"position\":2,\"name\":\"Termos de Uso\"}]},{\"@type\":\"WebSite\",\"@id\":\"https:\/\/geekdois.com\/#website\",\"url\":\"https:\/\/geekdois.com\/\",\"name\":\"Noticia Tecnologia\",\"description\":\"Tudo sobre aplicativos!\",\"publisher\":{\"@id\":\"https:\/\/geekdois.com\/#organization\"},\"potentialAction\":[{\"@type\":\"SearchAction\",\"target\":{\"@type\":\"EntryPoint\",\"urlTemplate\":\"https:\/\/geekdois.com\/?s={search_term_string}\"},\"query-input\":{\"@type\":\"PropertyValueSpecification\",\"valueRequired\":true,\"valueName\":\"search_term_string\"}}],\"inLanguage\":\"id\"},{\"@type\":\"Organization\",\"@id\":\"https:\/\/geekdois.com\/#organization\",\"name\":\"Spotads\",\"url\":\"https:\/\/geekdois.com\/\",\"logo\":{\"@type\":\"ImageObject\",\"inLanguage\":\"id\",\"@id\":\"https:\/\/geekdois.com\/#\/schema\/logo\/image\/\",\"url\":\"https:\/\/geekdois.com\/wp-content\/uploads\/2024\/06\/NOTICIA-LOGO-1.png\",\"contentUrl\":\"https:\/\/geekdois.com\/wp-content\/uploads\/2024\/06\/NOTICIA-LOGO-1.png\",\"width\":250,\"height\":60,\"caption\":\"Spotads\"},\"image\":{\"@id\":\"https:\/\/geekdois.com\/#\/schema\/logo\/image\/\"}}]}<\/script>\n<!-- \/ Yoast SEO plugin. -->","yoast_head_json":{"title":"Ketentuan Penggunaan - Geekdois","robots":{"index":"index","follow":"follow","max-snippet":"max-snippet:-1","max-image-preview":"max-image-preview:large","max-video-preview":"max-video-preview:-1"},"canonical":"https:\/\/geekdois.com\/id\/syarat-penggunaan\/","og_locale":"id_ID","og_type":"article","og_title":"Termos de Uso - Geekdois","og_description":"Ao acessar ao site Geekdois, concorda em cumprir estes termos de servi\u00e7o, todas as leis e regulamentos aplic\u00e1veis e concorda que \u00e9 respons\u00e1vel pelo cumprimento de todas as leis locais aplic\u00e1veis. Se voc\u00ea n\u00e3o concordar com algum desses termos, est\u00e1 proibido de usar ou acessar este site. Os materiais contidos neste site s\u00e3o protegidos pelas [&hellip;]","og_url":"https:\/\/geekdois.com\/id\/syarat-penggunaan\/","og_site_name":"Geekdois","article_modified_time":"2025-12-18T17:21:48+00:00","twitter_card":"summary_large_image","twitter_misc":{"Estimasi waktu membaca":"4 menit"},"schema":{"@context":"https:\/\/schema.org","@graph":[{"@type":"WebPage","@id":"https:\/\/geekdois.com\/termos-de-uso\/","url":"https:\/\/geekdois.com\/termos-de-uso\/","name":"Ketentuan Penggunaan - Geekdois","isPartOf":{"@id":"https:\/\/geekdois.com\/#website"},"datePublished":"2024-06-28T15:59:34+00:00","dateModified":"2025-12-18T17:21:48+00:00","breadcrumb":{"@id":"https:\/\/geekdois.com\/termos-de-uso\/#breadcrumb"},"inLanguage":"id","potentialAction":[{"@type":"ReadAction","target":["https:\/\/geekdois.com\/termos-de-uso\/"]}]},{"@type":"BreadcrumbList","@id":"https:\/\/geekdois.com\/termos-de-uso\/#breadcrumb","itemListElement":[{"@type":"ListItem","position":1,"name":"In\u00edcio","item":"https:\/\/geekdois.com\/"},{"@type":"ListItem","position":2,"name":"Termos de Uso"}]},{"@type":"WebSite","@id":"https:\/\/geekdois.com\/#website","url":"https:\/\/geekdois.com\/","name":"Berita Teknologi","description":"Semua tentang aplikasi!","publisher":{"@id":"https:\/\/geekdois.com\/#organization"},"potentialAction":[{"@type":"SearchAction","target":{"@type":"EntryPoint","urlTemplate":"https:\/\/geekdois.com\/?s={search_term_string}"},"query-input":{"@type":"PropertyValueSpecification","valueRequired":true,"valueName":"search_term_string"}}],"inLanguage":"id"},{"@type":"Organization","@id":"https:\/\/geekdois.com\/#organization","name":"bintik-bintik","url":"https:\/\/geekdois.com\/","logo":{"@type":"ImageObject","inLanguage":"id","@id":"https:\/\/geekdois.com\/#\/schema\/logo\/image\/","url":"https:\/\/geekdois.com\/wp-content\/uploads\/2024\/06\/NOTICIA-LOGO-1.png","contentUrl":"https:\/\/geekdois.com\/wp-content\/uploads\/2024\/06\/NOTICIA-LOGO-1.png","width":250,"height":60,"caption":"Spotads"},"image":{"@id":"https:\/\/geekdois.com\/#\/schema\/logo\/image\/"}}]}},"_links":{"self":[{"href":"https:\/\/geekdois.com\/id\/wp-json\/wp\/v2\/pages\/46975","targetHints":{"allow":["GET"]}}],"collection":[{"href":"https:\/\/geekdois.com\/id\/wp-json\/wp\/v2\/pages"}],"about":[{"href":"https:\/\/geekdois.com\/id\/wp-json\/wp\/v2\/types\/page"}],"author":[{"embeddable":true,"href":"https:\/\/geekdois.com\/id\/wp-json\/wp\/v2\/users\/1"}],"replies":[{"embeddable":true,"href":"https:\/\/geekdois.com\/id\/wp-json\/wp\/v2\/comments?post=46975"}],"version-history":[{"count":4,"href":"https:\/\/geekdois.com\/id\/wp-json\/wp\/v2\/pages\/46975\/revisions"}],"predecessor-version":[{"id":47926,"href":"https:\/\/geekdois.com\/id\/wp-json\/wp\/v2\/pages\/46975\/revisions\/47926"}],"wp:attachment":[{"href":"https:\/\/geekdois.com\/id\/wp-json\/wp\/v2\/media?parent=46975"}],"curies":[{"name":"wp","href":"https:\/\/api.w.org\/{rel}","templated":true}]}}