{"id":46979,"date":"2024-06-28T16:01:36","date_gmt":"2024-06-28T16:01:36","guid":{"rendered":"https:\/\/geekdois.com\/?page_id=46979"},"modified":"2025-12-18T17:20:57","modified_gmt":"2025-12-18T17:20:57","slug":"siapa-kita","status":"publish","type":"page","link":"https:\/\/geekdois.com\/id\/siapa-kita\/","title":{"rendered":"Siapa kita"},"content":{"rendered":"<p>Geekdois adalah situs web teknologi yang dibuat pada tahun 2024 dengan tujuan memberikan informasi dan kiat tentang aplikasi, keuangan, dan topik lain yang terkait dengan dunia digital. Kami meyakini bahwa teknologi adalah alat yang ampuh untuk mengubah kehidupan dan bisnis, dan kami ingin membantu para pembaca kami untuk tetap mengikuti perkembangan terkini dan memanfaatkan alat ini sebaik-baiknya.<\/p>\n\n\n\n<p>Di Geekdois, Anda akan menemukan artikel dan tutorial yang ditulis oleh pakar teknologi, serta analisis dan ulasan produk dan layanan. Kami juga menawarkan tip dan trik untuk membantu Anda mendapatkan hasil maksimal dari perangkat dan aplikasi seluler Anda.<\/p>\n\n\n\n<p>Geekdois adalah merek dagang terdaftar dari perusahaan\u00a0<a href=\"http:\/\/spotads.me\/\">spotads.me<\/a>\u00a0dan dikelola oleh tim profesional yang memiliki minat terhadap teknologi.\u201d<\/p>\n\n\n\n<p>Tim kami terdiri dari pakar teknologi, jurnalis, dan penulis, semuanya berkomitmen untuk menyediakan konten berkualitas tinggi dan akurat kepada pembaca kami. Kami percaya bahwa teknologi adalah alat yang ampuh untuk mengubah kehidupan dan bisnis dan tujuan kami adalah membantu pembaca kami tetap mendapatkan informasi terkini dan memanfaatkan alat-alat ini semaksimal mungkin.<\/p>\n\n\n\n<p>Selain konten, kami juga menawarkan pembaca kami kesempatan untuk terhubung dengan penggemar teknologi lainnya melalui jejaring sosial dan forum diskusi kami. Kami menghargai pendapat pembaca kami dan selalu terbuka terhadap saran dan masukan untuk meningkatkan layanan kami.<\/p>\n\n\n\n<p>Ikuti kami dan ikuti perkembangan tren dan berita terkini di dunia teknologi. Terima kasih telah mengunjungi situs web kami dan kami berharap dapat segera bertemu Anda lagi!<\/p>","protected":false},"excerpt":{"rendered":"<p>O Geekdois \u00e9 um site de tecnologia criado em 2024 com o objetivo de fornecer informa\u00e7\u00f5es e dicas sobre aplicativos, finan\u00e7as e outros assuntos relacionados ao mundo digital. N\u00f3s acreditamos que a tecnologia \u00e9 uma ferramenta poderosa para transformar vidas e empresas, e queremos ajudar nossos leitores a se manterem atualizados e aproveitar ao m\u00e1ximo [&hellip;]<\/p>","protected":false},"author":1,"featured_media":0,"parent":0,"menu_order":0,"comment_status":"closed","ping_status":"closed","template":"","meta":{"footnotes":""},"class_list":["post-46979","page","type-page","status-publish","hentry"],"yoast_head":"<!-- This site is optimized with the Yoast SEO plugin v26.6 - https:\/\/yoast.com\/wordpress\/plugins\/seo\/ -->\n<title>Quem somos - Geekdois<\/title>\n<meta name=\"robots\" content=\"index, follow, max-snippet:-1, max-image-preview:large, max-video-preview:-1\" \/>\n<link rel=\"canonical\" href=\"https:\/\/geekdois.com\/id\/siapa-kita\/\" \/>\n<meta property=\"og:locale\" content=\"id_ID\" \/>\n<meta property=\"og:type\" content=\"article\" \/>\n<meta property=\"og:title\" content=\"Quem somos - Geekdois\" \/>\n<meta property=\"og:description\" content=\"O Geekdois \u00e9 um site de tecnologia criado em 2024 com o objetivo de fornecer informa\u00e7\u00f5es e dicas sobre aplicativos, finan\u00e7as e outros assuntos relacionados ao mundo digital. N\u00f3s acreditamos que a tecnologia \u00e9 uma ferramenta poderosa para transformar vidas e empresas, e queremos ajudar nossos leitores a se manterem atualizados e aproveitar ao m\u00e1ximo [&hellip;]\" \/>\n<meta property=\"og:url\" content=\"https:\/\/geekdois.com\/id\/siapa-kita\/\" \/>\n<meta property=\"og:site_name\" content=\"Geekdois\" \/>\n<meta property=\"article:modified_time\" content=\"2025-12-18T17:20:57+00:00\" \/>\n<meta name=\"twitter:card\" content=\"summary_large_image\" \/>\n<meta name=\"twitter:label1\" content=\"Estimasi waktu membaca\" \/>\n\t<meta name=\"twitter:data1\" content=\"2 menit\" \/>\n<script type=\"application\/ld+json\" class=\"yoast-schema-graph\">{\"@context\":\"https:\/\/schema.org\",\"@graph\":[{\"@type\":\"WebPage\",\"@id\":\"https:\/\/geekdois.com\/quem-somos\/\",\"url\":\"https:\/\/geekdois.com\/quem-somos\/\",\"name\":\"Quem somos - Geekdois\",\"isPartOf\":{\"@id\":\"https:\/\/geekdois.com\/#website\"},\"datePublished\":\"2024-06-28T16:01:36+00:00\",\"dateModified\":\"2025-12-18T17:20:57+00:00\",\"breadcrumb\":{\"@id\":\"https:\/\/geekdois.com\/quem-somos\/#breadcrumb\"},\"inLanguage\":\"id\",\"potentialAction\":[{\"@type\":\"ReadAction\",\"target\":[\"https:\/\/geekdois.com\/quem-somos\/\"]}]},{\"@type\":\"BreadcrumbList\",\"@id\":\"https:\/\/geekdois.com\/quem-somos\/#breadcrumb\",\"itemListElement\":[{\"@type\":\"ListItem\",\"position\":1,\"name\":\"In\u00edcio\",\"item\":\"https:\/\/geekdois.com\/\"},{\"@type\":\"ListItem\",\"position\":2,\"name\":\"Quem somos\"}]},{\"@type\":\"WebSite\",\"@id\":\"https:\/\/geekdois.com\/#website\",\"url\":\"https:\/\/geekdois.com\/\",\"name\":\"Noticia Tecnologia\",\"description\":\"Tudo sobre aplicativos!\",\"publisher\":{\"@id\":\"https:\/\/geekdois.com\/#organization\"},\"potentialAction\":[{\"@type\":\"SearchAction\",\"target\":{\"@type\":\"EntryPoint\",\"urlTemplate\":\"https:\/\/geekdois.com\/?s={search_term_string}\"},\"query-input\":{\"@type\":\"PropertyValueSpecification\",\"valueRequired\":true,\"valueName\":\"search_term_string\"}}],\"inLanguage\":\"id\"},{\"@type\":\"Organization\",\"@id\":\"https:\/\/geekdois.com\/#organization\",\"name\":\"Spotads\",\"url\":\"https:\/\/geekdois.com\/\",\"logo\":{\"@type\":\"ImageObject\",\"inLanguage\":\"id\",\"@id\":\"https:\/\/geekdois.com\/#\/schema\/logo\/image\/\",\"url\":\"https:\/\/geekdois.com\/wp-content\/uploads\/2024\/06\/NOTICIA-LOGO-1.png\",\"contentUrl\":\"https:\/\/geekdois.com\/wp-content\/uploads\/2024\/06\/NOTICIA-LOGO-1.png\",\"width\":250,\"height\":60,\"caption\":\"Spotads\"},\"image\":{\"@id\":\"https:\/\/geekdois.com\/#\/schema\/logo\/image\/\"}}]}<\/script>\n<!-- \/ Yoast SEO plugin. -->","yoast_head_json":{"title":"Siapakah kami - Geekdois","robots":{"index":"index","follow":"follow","max-snippet":"max-snippet:-1","max-image-preview":"max-image-preview:large","max-video-preview":"max-video-preview:-1"},"canonical":"https:\/\/geekdois.com\/id\/siapa-kita\/","og_locale":"id_ID","og_type":"article","og_title":"Quem somos - Geekdois","og_description":"O Geekdois \u00e9 um site de tecnologia criado em 2024 com o objetivo de fornecer informa\u00e7\u00f5es e dicas sobre aplicativos, finan\u00e7as e outros assuntos relacionados ao mundo digital. N\u00f3s acreditamos que a tecnologia \u00e9 uma ferramenta poderosa para transformar vidas e empresas, e queremos ajudar nossos leitores a se manterem atualizados e aproveitar ao m\u00e1ximo [&hellip;]","og_url":"https:\/\/geekdois.com\/id\/siapa-kita\/","og_site_name":"Geekdois","article_modified_time":"2025-12-18T17:20:57+00:00","twitter_card":"summary_large_image","twitter_misc":{"Estimasi waktu membaca":"2 menit"},"schema":{"@context":"https:\/\/schema.org","@graph":[{"@type":"WebPage","@id":"https:\/\/geekdois.com\/quem-somos\/","url":"https:\/\/geekdois.com\/quem-somos\/","name":"Siapakah kami - Geekdois","isPartOf":{"@id":"https:\/\/geekdois.com\/#website"},"datePublished":"2024-06-28T16:01:36+00:00","dateModified":"2025-12-18T17:20:57+00:00","breadcrumb":{"@id":"https:\/\/geekdois.com\/quem-somos\/#breadcrumb"},"inLanguage":"id","potentialAction":[{"@type":"ReadAction","target":["https:\/\/geekdois.com\/quem-somos\/"]}]},{"@type":"BreadcrumbList","@id":"https:\/\/geekdois.com\/quem-somos\/#breadcrumb","itemListElement":[{"@type":"ListItem","position":1,"name":"In\u00edcio","item":"https:\/\/geekdois.com\/"},{"@type":"ListItem","position":2,"name":"Quem somos"}]},{"@type":"WebSite","@id":"https:\/\/geekdois.com\/#website","url":"https:\/\/geekdois.com\/","name":"Berita Teknologi","description":"Semua tentang aplikasi!","publisher":{"@id":"https:\/\/geekdois.com\/#organization"},"potentialAction":[{"@type":"SearchAction","target":{"@type":"EntryPoint","urlTemplate":"https:\/\/geekdois.com\/?s={search_term_string}"},"query-input":{"@type":"PropertyValueSpecification","valueRequired":true,"valueName":"search_term_string"}}],"inLanguage":"id"},{"@type":"Organization","@id":"https:\/\/geekdois.com\/#organization","name":"bintik-bintik","url":"https:\/\/geekdois.com\/","logo":{"@type":"ImageObject","inLanguage":"id","@id":"https:\/\/geekdois.com\/#\/schema\/logo\/image\/","url":"https:\/\/geekdois.com\/wp-content\/uploads\/2024\/06\/NOTICIA-LOGO-1.png","contentUrl":"https:\/\/geekdois.com\/wp-content\/uploads\/2024\/06\/NOTICIA-LOGO-1.png","width":250,"height":60,"caption":"Spotads"},"image":{"@id":"https:\/\/geekdois.com\/#\/schema\/logo\/image\/"}}]}},"_links":{"self":[{"href":"https:\/\/geekdois.com\/id\/wp-json\/wp\/v2\/pages\/46979","targetHints":{"allow":["GET"]}}],"collection":[{"href":"https:\/\/geekdois.com\/id\/wp-json\/wp\/v2\/pages"}],"about":[{"href":"https:\/\/geekdois.com\/id\/wp-json\/wp\/v2\/types\/page"}],"author":[{"embeddable":true,"href":"https:\/\/geekdois.com\/id\/wp-json\/wp\/v2\/users\/1"}],"replies":[{"embeddable":true,"href":"https:\/\/geekdois.com\/id\/wp-json\/wp\/v2\/comments?post=46979"}],"version-history":[{"count":5,"href":"https:\/\/geekdois.com\/id\/wp-json\/wp\/v2\/pages\/46979\/revisions"}],"predecessor-version":[{"id":47924,"href":"https:\/\/geekdois.com\/id\/wp-json\/wp\/v2\/pages\/46979\/revisions\/47924"}],"wp:attachment":[{"href":"https:\/\/geekdois.com\/id\/wp-json\/wp\/v2\/media?parent=46979"}],"curies":[{"name":"wp","href":"https:\/\/api.w.org\/{rel}","templated":true}]}}