{"id":46973,"date":"2024-06-28T15:57:52","date_gmt":"2024-06-28T15:57:52","guid":{"rendered":"https:\/\/geekdois.com\/?page_id=46973"},"modified":"2025-12-18T17:21:16","modified_gmt":"2025-12-18T17:21:16","slug":"politica-sulla-riservatezza","status":"publish","type":"page","link":"https:\/\/geekdois.com\/it\/politica-sulla-riservatezza\/","title":{"rendered":"politica sulla riservatezza"},"content":{"rendered":"<p>Tutte le informazioni raccolte verranno utilizzate per migliorare la tua esperienza sul nostro sito web. Le informazioni raccolte possono includere il tuo nome, email, numero di telefono e\/o altro.<\/p>\n\n\n\n<p>L&#039;utilizzo di Geekdois implica l&#039;accettazione del presente Accordo sulla privacy. Se l&#039;utente non concorda, anche in parte, con i termini e le condizioni contenuti nella presente Informativa sulla privacy, non dovr\u00e0 accedere e\/o utilizzare i contenuti offerti da Geekdois. Utilizzando il sito web, l&#039;Utente riconosce e acconsente pienamente al trattamento dei propri dati, secondo i termini della presente Informativa sulla privacy e delle Condizioni generali d&#039;uso.<\/p>\n\n\n\n<p>Ci riserviamo il diritto di modificare la presente informativa sulla privacy in qualsiasi momento, senza il consenso o la notifica degli Utenti, pertanto ti preghiamo di rivederla frequentemente. Le modifiche e i chiarimenti avranno effetto immediatamente dopo la loro pubblicazione sul sito. Se apportiamo modifiche sostanziali a questa politica, ti informeremo qui che sono state aggiornate, in modo che tu sia consapevole di quali informazioni raccogliamo, come le utilizziamo e in quali circostanze, se presenti, utilizziamo e\/o divulghiamo Esso.<\/p>\n\n\n\n<p>Geekdois rispetta la privacy dei propri utenti e la trasparenza nel modo in cui vengono utilizzati i dati. La nostra Informativa sulla privacy \u00e8 stata redatta in conformit\u00e0 con gli standard internazionali e nazionali sulla protezione dei dati.<\/p>\n\n\n\n<p>La presente Informativa sulla privacy deve essere letta e interpretata congiuntamente ai Termini e condizioni generali di utilizzo di Geekdois, disponibili all&#039;indirizzo <a href=\"https:\/\/geekdois.com\/it\/termini-di-utilizzo\/\">https:\/\/geekdois.com\/termos-de-uso\/<\/a><\/p>\n\n\n\n<h2 class=\"wp-block-heading\">Informazioni generali per gli utenti <\/h2>\n\n\n\n<p>Geekdois si propone di condividere informazioni con i propri Utenti, rendendo la conoscenza accessibile a tutti. L&#039;utente pu\u00f2 navigare sul sito web Geekdois senza doversi registrare in precedenza.<\/p>\n\n\n\n<p>Geekdois rispetta gli standard e le norme di sicurezza internazionali in materia di archiviazione, protezione, privacy e trasmissione dei dati, evidenziando che nessun metodo di archiviazione, protezione, privacy e trasmissione dei dati \u00e8 sicuro e inviolabile al 100%.<\/p>\n\n\n\n<p>Geekdois adotta pratiche e tecnologie che vengono costantemente riviste e migliorate, in linea con i progressi tecnici e normativi nazionali e internazionali. Quando parliamo di protezione, ci riferiamo a qualsiasi accesso, utilizzo, alterazione, divulgazione o distruzione non autorizzati dei tuoi dati. Per evitare che ci\u00f2 accada, investiamo in misure che includono comunicazioni crittografate, controllo degli accessi, rispetto dello sviluppo di software sicuro, policy di conformit\u00e0 interna e misure di responsabilit\u00e0 e mitigazione del rischio che garantiscono la sicurezza durante l&#039;intero ciclo di vita dei dati. Le informazioni degli utenti vengono inoltre conservate in database sicuri, rinomati e riconosciuti a livello internazionale.<\/p>\n\n\n\n<p>Geekdois non richiede in nessun caso alcuna somma di denaro per rilasciare alcun tipo di prodotto, qualunque esso sia. Se ci\u00f2 dovesse accadere, vi preghiamo di segnalarcelo immediatamente.<\/p>\n\n\n\n<p>Ci impegniamo affinch\u00e9 tutte le informazioni siano il pi\u00f9 aggiornate possibile. Tuttavia, vale la pena notare che queste informazioni potrebbero differire da quelle presenti sui siti web delle istituzioni o dei fornitori di servizi su un sito web specifico. Non garantiamo l&#039;accuratezza e la tempestivit\u00e0 delle informazioni. Ricordatevi sempre di leggere i termini e le condizioni degli istituti che scegliete. Riceviamo una piccola somma dalla pubblicit\u00e0 sul nostro sito web e dai nostri partner quando indirizziamo un utente che richiede un prodotto o una proposta. Tutto ci\u00f2 che pubblichiamo si basa su valutazioni quantitative e qualitative di ciascun prodotto. Vale la pena notare che i nostri partner possono influenzare direttamente i prodotti su cui scriviamo e recensiamo, cos\u00ec come l&#039;ordine dei &quot;migliori&quot; articoli e il posizionamento dei prodotti su Geekdois. Data la quantit\u00e0 di informazioni presenti sul nostro sito web, non forniamo alcun tipo di garanzia circa la qualit\u00e0 e l&#039;attualit\u00e0 delle informazioni; Per questo motivo diamo priorit\u00e0 alle informazioni provenienti dai nostri partner.<\/p>\n\n\n\n<p>Per proteggere le tue informazioni personali, prendiamo precauzioni ragionevoli e seguiamo le migliori pratiche del settore per assicurarci che non vengano perse, utilizzate in modo improprio, consultate, divulgate, alterate o distrutte in modo inappropriato.<\/p>\n\n\n\n<h2 class=\"wp-block-heading\">Collegamenti a siti di terzi <\/h2>\n\n\n\n<p>Geekdois contiene link ad altri siti web che, a nostro avviso, possono contenere informazioni\/strumenti utili per i nostri visitatori. La nostra Informativa sulla privacy non si applica ai siti web di terze parti. Non siamo responsabili della politica sulla privacy o dei contenuti presenti su questi stessi siti. Geekdois non esercita alcun tipo di controllo su di essi e, pertanto, \u00e8 esonerato da qualsiasi responsabilit\u00e0 nei rapporti instaurati tra l&#039;Utente e i prodotti e servizi di terze parti pubblicizzati sul sito web.<\/p>\n\n\n\n<p>Una volta che lasci il nostro sito web o vieni reindirizzato a un sito web o a un&#039;applicazione di terze parti, non sei pi\u00f9 regolato dalla presente Informativa sulla privacy o dai Termini di servizio del nostro sito web.<\/p>\n\n\n\n<p>Se dopo aver aderito cambi idea, puoi revocare il tuo consenso a contattarti, per la raccolta, l&#039;uso o la divulgazione continua delle tue informazioni, in qualsiasi momento, contattandoci all&#039;indirizzo contato@geekdois.com<\/p>\n\n\n\n<h2 class=\"wp-block-heading\">Dati non personali <\/h2>\n\n\n\n<p>Quando gli utenti non richiedono contenuti gratuiti a Geekdois (e-book, quiz, articoli, infografiche, tra gli altri), \u00e8 possibile che venga effettuato il tracciamento e la raccolta di dati non personali che indicano, tra gli altri dettagli, quali pagine del sito web sono state visitate, quando sono state visitate, quali collegamenti ipertestuali sono stati cliccati, quali contenuti o servizi sono stati richiesti o indicati, tra gli altri.<\/p>\n\n\n\n<h2 class=\"wp-block-heading\">Biscotti <\/h2>\n\n\n\n<p>Google, in qualit\u00e0 di fornitore di terze parti, utilizza i cookie per pubblicare annunci. Con il cookie DART, Google pu\u00f2 pubblicare annunci in base alle tue visite ad altri siti web su Internet. Gli utenti possono disattivare il cookie DART visitando la politica sulla privacy degli annunci e della rete di contenuti di Google.<\/p>\n\n\n\n<p>Geekdois utilizza i cookie per raccogliere dati e informazioni identificative IP (Internet Protocol) per facilitare la navigazione dell&#039;Utente, contribuendo a garantire la sicurezza, la protezione e l&#039;autenticit\u00e0 dei dati.<\/p>\n\n\n\n<p>Inoltre, utilizziamo anche pubblicit\u00e0 di terze parti sul nostro sito Web per sostenere i costi di manutenzione. Alcuni di questi inserzionisti possono utilizzare tecnologie come i cookie quando fanno pubblicit\u00e0 sul nostro sito Web, il che significa che questi inserzionisti (come Google tramite Google AdSense e Ad Exchange) riceveranno anche le tue informazioni personali, come il tuo indirizzo IP, il tuo ISP, il tuo browser, ecc. Questa funzione viene generalmente utilizzata per il targeting geografico (mostrando annunci sensati in base alla tua posizione geografica).<\/p>\n\n\n\n<p>L&#039;Utente pu\u00f2 in ogni momento modificare se accettare o meno i cookie tramite le impostazioni del proprio browser, tenendo presente che disabilitando i cookie di navigazione alcune funzionalit\u00e0 di Geekdois potrebbero essere compromesse.<\/p>\n\n\n\n<h2 class=\"wp-block-heading\">Dati di identificazione personale <\/h2>\n\n\n\n<p>Per accedere ai contenuti gratuiti su Geekdois, come articoli, e-book, quiz e altri, l&#039;utente deve fornire alcuni dati personali identificativi, quali: e-mail e nome completo.<\/p>\n\n\n\n<p>I dati personali identificabili trattati da Geekdois sono destinati a:<\/p>\n\n\n\n<p>\u2013 corretta ed accurata identificazione dell\u2019Utente, garantendo cos\u00ec maggiore sicurezza e tutela per gli Utenti stessi;<\/p>\n\n\n\n<p>\u2013 Accesso ai servizi e prodotti forniti da Geekdois;<\/p>\n\n\n\n<p>\u2013 Analisi del profilo utente da parte di Geekdois con l\u2019obiettivo di indicare i migliori prodotti e informazioni in base alle loro reali esigenze e realt\u00e0.<\/p>\n\n\n\n<p>Con l&#039;obiettivo di un&#039;analisi ancora pi\u00f9 precisa del profilo dell&#039;Utente, Geekdois potr\u00e0 effettuare ricerche per ottenere maggiori e migliori informazioni su di te e, quindi, indicare prodotti e servizi personalizzati in base alle preferenze e alle esigenze di ciascun Utente.<\/p>\n\n\n\n<p>In questo modo, Geekdois e le aziende partner potranno invitare gli Utenti a partecipare a sondaggi di soddisfazione, ai quali verranno inviate e-mail con le linee guida necessarie. I dati raccolti saranno utilizzati con l&#039;obiettivo principale di ricercare miglioramenti nei sistemi, nei prodotti, nei contenuti e nei servizi offerti da Geekdois e dalle aziende partner.<\/p>\n\n\n\n<p>Se un utente ci contatta per segnalare un problema, avere una domanda o ottenere supporto da noi, raccogliamo e memorizziamo le informazioni di contatto dell&#039;utente, nonch\u00e9 i rispettivi messaggi e altri dati necessari per indagare sul problema o sulla domanda. Questi dati verranno utilizzati per risolvere eventuali dubbi sulla base delle informazioni raccolte, chiarire dubbi, correggere problemi e migliorare il sistema, ottimizzando ulteriormente l&#039;esperienza dell&#039;utente all&#039;interno di Geekdois.<\/p>\n\n\n\n<h2 class=\"wp-block-heading\">Informazioni sulla condivisione dei dati <\/h2>\n\n\n\n<p>Geekdois non vender\u00e0 informazioni o dati personali dei propri Utenti, ma potr\u00e0 condividerli con aziende partner al fine di indicare prodotti e servizi pi\u00f9 adatti al profilo e alle esigenze o per fornire prodotti e\/o servizi richiesti dall&#039;Utente.<\/p>\n\n\n\n<p>Geekdois si riserva il diritto di assistere o collaborare con qualsiasi autorit\u00e0 giudiziaria o agenzia governativa e pu\u00f2 condividere i dati personali identificabili degli Utenti al fine di: a) stabilire o esercitare i propri diritti legali; b) proteggere le loro propriet\u00e0; c) quando ritiene che la sua assistenza o cooperazione sia necessaria per proteggere i suoi Utenti, collaboratori, amministratori o qualsiasi persona danneggiata dall&#039;azione o dall&#039;omissione.<\/p>\n\n\n\n<h2 class=\"wp-block-heading\">Informazioni sui dati non trattati e non raccolti <\/h2>\n\n\n\n<p>Geekdois non tratta dati personali di bambini di et\u00e0 inferiore a 13 (tredici) anni, senza la previa autorizzazione dei genitori o tutori legali.<\/p>\n\n\n\n<p>Se i dati personali di bambini di et\u00e0 inferiore a 13 (tredici) anni vengono raccolti e trattati involontariamente senza l&#039;espressa autorizzazione dei genitori o tutori legali, Geekdois canceller\u00e0 tutti i dati raccolti senza alcun preavviso.<\/p>\n\n\n\n<p>Se l&#039;Utente dovesse accorgersi che abbiamo trattato per errore i dati di un bambino, gli chiediamo di contattarci immediatamente tramite la nostra e-mail contato@geekdois.com, in modo da poter adottare le misure necessarie.<\/p>","protected":false},"excerpt":{"rendered":"<p>Todas as informa\u00e7\u00f5es recolhidas ser\u00e3o utilizadas para melhorar sua experi\u00eancia dentro do nosso site. As informa\u00e7\u00f5es recolhidas podem incluir o seu nome, email, n\u00famero de telefone e\/ou outros. O uso do Geekdois pressup\u00f5e a aceita\u00e7\u00e3o deste Acordo de Privacidade. Caso o usu\u00e1rio n\u00e3o concorde, ainda que em parte, com os termos e condi\u00e7\u00f5es contidos nesta [&hellip;]<\/p>","protected":false},"author":1,"featured_media":0,"parent":0,"menu_order":0,"comment_status":"closed","ping_status":"closed","template":"page-privacy.php","meta":{"footnotes":""},"class_list":["post-46973","page","type-page","status-publish","hentry"],"yoast_head":"<!-- This site is optimized with the Yoast SEO plugin v26.6 - https:\/\/yoast.com\/wordpress\/plugins\/seo\/ -->\n<title>Politica de Privacidade - Geekdois<\/title>\n<meta name=\"robots\" content=\"index, follow, max-snippet:-1, max-image-preview:large, max-video-preview:-1\" \/>\n<link rel=\"canonical\" href=\"https:\/\/geekdois.com\/it\/politica-sulla-riservatezza\/\" \/>\n<meta property=\"og:locale\" content=\"it_IT\" \/>\n<meta property=\"og:type\" content=\"article\" \/>\n<meta property=\"og:title\" content=\"Politica de Privacidade - Geekdois\" \/>\n<meta property=\"og:description\" content=\"Todas as informa\u00e7\u00f5es recolhidas ser\u00e3o utilizadas para melhorar sua experi\u00eancia dentro do nosso site. As informa\u00e7\u00f5es recolhidas podem incluir o seu nome, email, n\u00famero de telefone e\/ou outros. O uso do Geekdois pressup\u00f5e a aceita\u00e7\u00e3o deste Acordo de Privacidade. Caso o usu\u00e1rio n\u00e3o concorde, ainda que em parte, com os termos e condi\u00e7\u00f5es contidos nesta [&hellip;]\" \/>\n<meta property=\"og:url\" content=\"https:\/\/geekdois.com\/it\/politica-sulla-riservatezza\/\" \/>\n<meta property=\"og:site_name\" content=\"Geekdois\" \/>\n<meta property=\"article:modified_time\" content=\"2025-12-18T17:21:16+00:00\" \/>\n<meta name=\"twitter:card\" content=\"summary_large_image\" \/>\n<meta name=\"twitter:label1\" content=\"Tempo di lettura stimato\" \/>\n\t<meta name=\"twitter:data1\" content=\"9 minuti\" \/>\n<script type=\"application\/ld+json\" class=\"yoast-schema-graph\">{\"@context\":\"https:\/\/schema.org\",\"@graph\":[{\"@type\":\"WebPage\",\"@id\":\"https:\/\/geekdois.com\/politica-de-privacidade\/\",\"url\":\"https:\/\/geekdois.com\/politica-de-privacidade\/\",\"name\":\"Politica de Privacidade - Geekdois\",\"isPartOf\":{\"@id\":\"https:\/\/geekdois.com\/#website\"},\"datePublished\":\"2024-06-28T15:57:52+00:00\",\"dateModified\":\"2025-12-18T17:21:16+00:00\",\"breadcrumb\":{\"@id\":\"https:\/\/geekdois.com\/politica-de-privacidade\/#breadcrumb\"},\"inLanguage\":\"it-IT\",\"potentialAction\":[{\"@type\":\"ReadAction\",\"target\":[\"https:\/\/geekdois.com\/politica-de-privacidade\/\"]}]},{\"@type\":\"BreadcrumbList\",\"@id\":\"https:\/\/geekdois.com\/politica-de-privacidade\/#breadcrumb\",\"itemListElement\":[{\"@type\":\"ListItem\",\"position\":1,\"name\":\"In\u00edcio\",\"item\":\"https:\/\/geekdois.com\/\"},{\"@type\":\"ListItem\",\"position\":2,\"name\":\"Politica de Privacidade\"}]},{\"@type\":\"WebSite\",\"@id\":\"https:\/\/geekdois.com\/#website\",\"url\":\"https:\/\/geekdois.com\/\",\"name\":\"Noticia Tecnologia\",\"description\":\"Tudo sobre aplicativos!\",\"publisher\":{\"@id\":\"https:\/\/geekdois.com\/#organization\"},\"potentialAction\":[{\"@type\":\"SearchAction\",\"target\":{\"@type\":\"EntryPoint\",\"urlTemplate\":\"https:\/\/geekdois.com\/?s={search_term_string}\"},\"query-input\":{\"@type\":\"PropertyValueSpecification\",\"valueRequired\":true,\"valueName\":\"search_term_string\"}}],\"inLanguage\":\"it-IT\"},{\"@type\":\"Organization\",\"@id\":\"https:\/\/geekdois.com\/#organization\",\"name\":\"Spotads\",\"url\":\"https:\/\/geekdois.com\/\",\"logo\":{\"@type\":\"ImageObject\",\"inLanguage\":\"it-IT\",\"@id\":\"https:\/\/geekdois.com\/#\/schema\/logo\/image\/\",\"url\":\"https:\/\/geekdois.com\/wp-content\/uploads\/2024\/06\/NOTICIA-LOGO-1.png\",\"contentUrl\":\"https:\/\/geekdois.com\/wp-content\/uploads\/2024\/06\/NOTICIA-LOGO-1.png\",\"width\":250,\"height\":60,\"caption\":\"Spotads\"},\"image\":{\"@id\":\"https:\/\/geekdois.com\/#\/schema\/logo\/image\/\"}}]}<\/script>\n<!-- \/ Yoast SEO plugin. -->","yoast_head_json":{"title":"Informativa sulla privacy - Geekdois","robots":{"index":"index","follow":"follow","max-snippet":"max-snippet:-1","max-image-preview":"max-image-preview:large","max-video-preview":"max-video-preview:-1"},"canonical":"https:\/\/geekdois.com\/it\/politica-sulla-riservatezza\/","og_locale":"it_IT","og_type":"article","og_title":"Politica de Privacidade - Geekdois","og_description":"Todas as informa\u00e7\u00f5es recolhidas ser\u00e3o utilizadas para melhorar sua experi\u00eancia dentro do nosso site. As informa\u00e7\u00f5es recolhidas podem incluir o seu nome, email, n\u00famero de telefone e\/ou outros. O uso do Geekdois pressup\u00f5e a aceita\u00e7\u00e3o deste Acordo de Privacidade. Caso o usu\u00e1rio n\u00e3o concorde, ainda que em parte, com os termos e condi\u00e7\u00f5es contidos nesta [&hellip;]","og_url":"https:\/\/geekdois.com\/it\/politica-sulla-riservatezza\/","og_site_name":"Geekdois","article_modified_time":"2025-12-18T17:21:16+00:00","twitter_card":"summary_large_image","twitter_misc":{"Tempo di lettura stimato":"9 minuti"},"schema":{"@context":"https:\/\/schema.org","@graph":[{"@type":"WebPage","@id":"https:\/\/geekdois.com\/politica-de-privacidade\/","url":"https:\/\/geekdois.com\/politica-de-privacidade\/","name":"Informativa sulla privacy - Geekdois","isPartOf":{"@id":"https:\/\/geekdois.com\/#website"},"datePublished":"2024-06-28T15:57:52+00:00","dateModified":"2025-12-18T17:21:16+00:00","breadcrumb":{"@id":"https:\/\/geekdois.com\/politica-de-privacidade\/#breadcrumb"},"inLanguage":"it-IT","potentialAction":[{"@type":"ReadAction","target":["https:\/\/geekdois.com\/politica-de-privacidade\/"]}]},{"@type":"BreadcrumbList","@id":"https:\/\/geekdois.com\/politica-de-privacidade\/#breadcrumb","itemListElement":[{"@type":"ListItem","position":1,"name":"In\u00edcio","item":"https:\/\/geekdois.com\/"},{"@type":"ListItem","position":2,"name":"Politica de Privacidade"}]},{"@type":"WebSite","@id":"https:\/\/geekdois.com\/#website","url":"https:\/\/geekdois.com\/","name":"Notizie sulla tecnologia","description":"Tutto sulle app!","publisher":{"@id":"https:\/\/geekdois.com\/#organization"},"potentialAction":[{"@type":"SearchAction","target":{"@type":"EntryPoint","urlTemplate":"https:\/\/geekdois.com\/?s={search_term_string}"},"query-input":{"@type":"PropertyValueSpecification","valueRequired":true,"valueName":"search_term_string"}}],"inLanguage":"it-IT"},{"@type":"Organization","@id":"https:\/\/geekdois.com\/#organization","name":"Spotad","url":"https:\/\/geekdois.com\/","logo":{"@type":"ImageObject","inLanguage":"it-IT","@id":"https:\/\/geekdois.com\/#\/schema\/logo\/image\/","url":"https:\/\/geekdois.com\/wp-content\/uploads\/2024\/06\/NOTICIA-LOGO-1.png","contentUrl":"https:\/\/geekdois.com\/wp-content\/uploads\/2024\/06\/NOTICIA-LOGO-1.png","width":250,"height":60,"caption":"Spotads"},"image":{"@id":"https:\/\/geekdois.com\/#\/schema\/logo\/image\/"}}]}},"_links":{"self":[{"href":"https:\/\/geekdois.com\/it\/wp-json\/wp\/v2\/pages\/46973","targetHints":{"allow":["GET"]}}],"collection":[{"href":"https:\/\/geekdois.com\/it\/wp-json\/wp\/v2\/pages"}],"about":[{"href":"https:\/\/geekdois.com\/it\/wp-json\/wp\/v2\/types\/page"}],"author":[{"embeddable":true,"href":"https:\/\/geekdois.com\/it\/wp-json\/wp\/v2\/users\/1"}],"replies":[{"embeddable":true,"href":"https:\/\/geekdois.com\/it\/wp-json\/wp\/v2\/comments?post=46973"}],"version-history":[{"count":5,"href":"https:\/\/geekdois.com\/it\/wp-json\/wp\/v2\/pages\/46973\/revisions"}],"predecessor-version":[{"id":47923,"href":"https:\/\/geekdois.com\/it\/wp-json\/wp\/v2\/pages\/46973\/revisions\/47923"}],"wp:attachment":[{"href":"https:\/\/geekdois.com\/it\/wp-json\/wp\/v2\/media?parent=46973"}],"curies":[{"name":"wp","href":"https:\/\/api.w.org\/{rel}","templated":true}]}}