{"id":46979,"date":"2024-06-28T16:01:36","date_gmt":"2024-06-28T16:01:36","guid":{"rendered":"https:\/\/geekdois.com\/?page_id=46979"},"modified":"2025-12-18T17:20:57","modified_gmt":"2025-12-18T17:20:57","slug":"chi-siamo","status":"publish","type":"page","link":"https:\/\/geekdois.com\/it\/chi-siamo\/","title":{"rendered":"Chi siamo"},"content":{"rendered":"<p>Geekdois \u00e8 un sito web tecnologico creato nel 2024 con lo scopo di fornire informazioni e suggerimenti su applicazioni, finanza e altri argomenti legati al mondo digitale. Crediamo che la tecnologia sia uno strumento potente per trasformare vite e aziende e vogliamo aiutare i nostri lettori a rimanere aggiornati e a sfruttare al meglio questi strumenti.<\/p>\n\n\n\n<p>Su Geekdois troverai articoli e tutorial scritti da esperti di tecnologia, nonch\u00e9 analisi e recensioni di prodotti e servizi. Offriamo anche suggerimenti e trucchi per aiutarti a sfruttare al meglio i tuoi dispositivi mobili e le tue app.<\/p>\n\n\n\n<p>Geekdois \u00e8 un marchio registrato dell&#039;azienda\u00a0<a href=\"http:\/\/spotads.me\/\">spotads.me<\/a>\u00a0ed \u00e8 gestito da un team di professionisti appassionati di tecnologia.<\/p>\n\n\n\n<p>Il nostro team \u00e8 composto da esperti di tecnologia, giornalisti e scrittori, tutti impegnati a fornire ai nostri lettori contenuti accurati e di alta qualit\u00e0. Crediamo che la tecnologia sia un potente strumento per trasformare la vita e le imprese e il nostro obiettivo \u00e8 aiutare i nostri lettori a rimanere aggiornati e a sfruttare al meglio questi strumenti.<\/p>\n\n\n\n<p>Oltre ai contenuti, offriamo ai nostri lettori anche l&#039;opportunit\u00e0 di connettersi con altri appassionati di tecnologia attraverso i nostri social network e forum di discussione. Apprezziamo le opinioni dei nostri lettori e siamo sempre aperti a suggerimenti e feedback per migliorare i nostri servizi.<\/p>\n\n\n\n<p>Seguici e rimani aggiornato sulle ultime tendenze e novit\u00e0 nel mondo della tecnologia. Grazie per aver visitato il nostro sito web e speriamo di rivedervi presto!<\/p>","protected":false},"excerpt":{"rendered":"<p>O Geekdois \u00e9 um site de tecnologia criado em 2024 com o objetivo de fornecer informa\u00e7\u00f5es e dicas sobre aplicativos, finan\u00e7as e outros assuntos relacionados ao mundo digital. N\u00f3s acreditamos que a tecnologia \u00e9 uma ferramenta poderosa para transformar vidas e empresas, e queremos ajudar nossos leitores a se manterem atualizados e aproveitar ao m\u00e1ximo [&hellip;]<\/p>","protected":false},"author":1,"featured_media":0,"parent":0,"menu_order":0,"comment_status":"closed","ping_status":"closed","template":"","meta":{"footnotes":""},"class_list":["post-46979","page","type-page","status-publish","hentry"],"yoast_head":"<!-- This site is optimized with the Yoast SEO plugin v26.6 - https:\/\/yoast.com\/wordpress\/plugins\/seo\/ -->\n<title>Quem somos - Geekdois<\/title>\n<meta name=\"robots\" content=\"index, follow, max-snippet:-1, max-image-preview:large, max-video-preview:-1\" \/>\n<link rel=\"canonical\" href=\"https:\/\/geekdois.com\/it\/chi-siamo\/\" \/>\n<meta property=\"og:locale\" content=\"it_IT\" \/>\n<meta property=\"og:type\" content=\"article\" \/>\n<meta property=\"og:title\" content=\"Quem somos - Geekdois\" \/>\n<meta property=\"og:description\" content=\"O Geekdois \u00e9 um site de tecnologia criado em 2024 com o objetivo de fornecer informa\u00e7\u00f5es e dicas sobre aplicativos, finan\u00e7as e outros assuntos relacionados ao mundo digital. N\u00f3s acreditamos que a tecnologia \u00e9 uma ferramenta poderosa para transformar vidas e empresas, e queremos ajudar nossos leitores a se manterem atualizados e aproveitar ao m\u00e1ximo [&hellip;]\" \/>\n<meta property=\"og:url\" content=\"https:\/\/geekdois.com\/it\/chi-siamo\/\" \/>\n<meta property=\"og:site_name\" content=\"Geekdois\" \/>\n<meta property=\"article:modified_time\" content=\"2025-12-18T17:20:57+00:00\" \/>\n<meta name=\"twitter:card\" content=\"summary_large_image\" \/>\n<meta name=\"twitter:label1\" content=\"Tempo di lettura stimato\" \/>\n\t<meta name=\"twitter:data1\" content=\"2 minuti\" \/>\n<script type=\"application\/ld+json\" class=\"yoast-schema-graph\">{\"@context\":\"https:\/\/schema.org\",\"@graph\":[{\"@type\":\"WebPage\",\"@id\":\"https:\/\/geekdois.com\/quem-somos\/\",\"url\":\"https:\/\/geekdois.com\/quem-somos\/\",\"name\":\"Quem somos - Geekdois\",\"isPartOf\":{\"@id\":\"https:\/\/geekdois.com\/#website\"},\"datePublished\":\"2024-06-28T16:01:36+00:00\",\"dateModified\":\"2025-12-18T17:20:57+00:00\",\"breadcrumb\":{\"@id\":\"https:\/\/geekdois.com\/quem-somos\/#breadcrumb\"},\"inLanguage\":\"it-IT\",\"potentialAction\":[{\"@type\":\"ReadAction\",\"target\":[\"https:\/\/geekdois.com\/quem-somos\/\"]}]},{\"@type\":\"BreadcrumbList\",\"@id\":\"https:\/\/geekdois.com\/quem-somos\/#breadcrumb\",\"itemListElement\":[{\"@type\":\"ListItem\",\"position\":1,\"name\":\"In\u00edcio\",\"item\":\"https:\/\/geekdois.com\/\"},{\"@type\":\"ListItem\",\"position\":2,\"name\":\"Quem somos\"}]},{\"@type\":\"WebSite\",\"@id\":\"https:\/\/geekdois.com\/#website\",\"url\":\"https:\/\/geekdois.com\/\",\"name\":\"Noticia Tecnologia\",\"description\":\"Tudo sobre aplicativos!\",\"publisher\":{\"@id\":\"https:\/\/geekdois.com\/#organization\"},\"potentialAction\":[{\"@type\":\"SearchAction\",\"target\":{\"@type\":\"EntryPoint\",\"urlTemplate\":\"https:\/\/geekdois.com\/?s={search_term_string}\"},\"query-input\":{\"@type\":\"PropertyValueSpecification\",\"valueRequired\":true,\"valueName\":\"search_term_string\"}}],\"inLanguage\":\"it-IT\"},{\"@type\":\"Organization\",\"@id\":\"https:\/\/geekdois.com\/#organization\",\"name\":\"Spotads\",\"url\":\"https:\/\/geekdois.com\/\",\"logo\":{\"@type\":\"ImageObject\",\"inLanguage\":\"it-IT\",\"@id\":\"https:\/\/geekdois.com\/#\/schema\/logo\/image\/\",\"url\":\"https:\/\/geekdois.com\/wp-content\/uploads\/2024\/06\/NOTICIA-LOGO-1.png\",\"contentUrl\":\"https:\/\/geekdois.com\/wp-content\/uploads\/2024\/06\/NOTICIA-LOGO-1.png\",\"width\":250,\"height\":60,\"caption\":\"Spotads\"},\"image\":{\"@id\":\"https:\/\/geekdois.com\/#\/schema\/logo\/image\/\"}}]}<\/script>\n<!-- \/ Yoast SEO plugin. -->","yoast_head_json":{"title":"Chi siamo - Geekdois","robots":{"index":"index","follow":"follow","max-snippet":"max-snippet:-1","max-image-preview":"max-image-preview:large","max-video-preview":"max-video-preview:-1"},"canonical":"https:\/\/geekdois.com\/it\/chi-siamo\/","og_locale":"it_IT","og_type":"article","og_title":"Quem somos - Geekdois","og_description":"O Geekdois \u00e9 um site de tecnologia criado em 2024 com o objetivo de fornecer informa\u00e7\u00f5es e dicas sobre aplicativos, finan\u00e7as e outros assuntos relacionados ao mundo digital. N\u00f3s acreditamos que a tecnologia \u00e9 uma ferramenta poderosa para transformar vidas e empresas, e queremos ajudar nossos leitores a se manterem atualizados e aproveitar ao m\u00e1ximo [&hellip;]","og_url":"https:\/\/geekdois.com\/it\/chi-siamo\/","og_site_name":"Geekdois","article_modified_time":"2025-12-18T17:20:57+00:00","twitter_card":"summary_large_image","twitter_misc":{"Tempo di lettura stimato":"2 minuti"},"schema":{"@context":"https:\/\/schema.org","@graph":[{"@type":"WebPage","@id":"https:\/\/geekdois.com\/quem-somos\/","url":"https:\/\/geekdois.com\/quem-somos\/","name":"Chi siamo - Geekdois","isPartOf":{"@id":"https:\/\/geekdois.com\/#website"},"datePublished":"2024-06-28T16:01:36+00:00","dateModified":"2025-12-18T17:20:57+00:00","breadcrumb":{"@id":"https:\/\/geekdois.com\/quem-somos\/#breadcrumb"},"inLanguage":"it-IT","potentialAction":[{"@type":"ReadAction","target":["https:\/\/geekdois.com\/quem-somos\/"]}]},{"@type":"BreadcrumbList","@id":"https:\/\/geekdois.com\/quem-somos\/#breadcrumb","itemListElement":[{"@type":"ListItem","position":1,"name":"In\u00edcio","item":"https:\/\/geekdois.com\/"},{"@type":"ListItem","position":2,"name":"Quem somos"}]},{"@type":"WebSite","@id":"https:\/\/geekdois.com\/#website","url":"https:\/\/geekdois.com\/","name":"Notizie sulla tecnologia","description":"Tutto sulle app!","publisher":{"@id":"https:\/\/geekdois.com\/#organization"},"potentialAction":[{"@type":"SearchAction","target":{"@type":"EntryPoint","urlTemplate":"https:\/\/geekdois.com\/?s={search_term_string}"},"query-input":{"@type":"PropertyValueSpecification","valueRequired":true,"valueName":"search_term_string"}}],"inLanguage":"it-IT"},{"@type":"Organization","@id":"https:\/\/geekdois.com\/#organization","name":"Spotad","url":"https:\/\/geekdois.com\/","logo":{"@type":"ImageObject","inLanguage":"it-IT","@id":"https:\/\/geekdois.com\/#\/schema\/logo\/image\/","url":"https:\/\/geekdois.com\/wp-content\/uploads\/2024\/06\/NOTICIA-LOGO-1.png","contentUrl":"https:\/\/geekdois.com\/wp-content\/uploads\/2024\/06\/NOTICIA-LOGO-1.png","width":250,"height":60,"caption":"Spotads"},"image":{"@id":"https:\/\/geekdois.com\/#\/schema\/logo\/image\/"}}]}},"_links":{"self":[{"href":"https:\/\/geekdois.com\/it\/wp-json\/wp\/v2\/pages\/46979","targetHints":{"allow":["GET"]}}],"collection":[{"href":"https:\/\/geekdois.com\/it\/wp-json\/wp\/v2\/pages"}],"about":[{"href":"https:\/\/geekdois.com\/it\/wp-json\/wp\/v2\/types\/page"}],"author":[{"embeddable":true,"href":"https:\/\/geekdois.com\/it\/wp-json\/wp\/v2\/users\/1"}],"replies":[{"embeddable":true,"href":"https:\/\/geekdois.com\/it\/wp-json\/wp\/v2\/comments?post=46979"}],"version-history":[{"count":5,"href":"https:\/\/geekdois.com\/it\/wp-json\/wp\/v2\/pages\/46979\/revisions"}],"predecessor-version":[{"id":47924,"href":"https:\/\/geekdois.com\/it\/wp-json\/wp\/v2\/pages\/46979\/revisions\/47924"}],"wp:attachment":[{"href":"https:\/\/geekdois.com\/it\/wp-json\/wp\/v2\/media?parent=46979"}],"curies":[{"name":"wp","href":"https:\/\/api.w.org\/{rel}","templated":true}]}}