{"id":46979,"date":"2024-06-28T16:01:36","date_gmt":"2024-06-28T16:01:36","guid":{"rendered":"https:\/\/geekdois.com\/?page_id=46979"},"modified":"2025-12-18T17:20:57","modified_gmt":"2025-12-18T17:20:57","slug":"%ec%9a%b0%eb%a6%ac%eb%8a%94-%eb%88%84%ea%b5%ac%ec%9d%b8%ea%b0%80","status":"publish","type":"page","link":"https:\/\/geekdois.com\/ko\/%ec%9a%b0%eb%a6%ac%eb%8a%94-%eb%88%84%ea%b5%ac%ec%9d%b8%ea%b0%80\/","title":{"rendered":"\uc6b0\ub9ac\ub294 \ub204\uad6c\uc778\uac00"},"content":{"rendered":"<p>Geekdois\ub294 2024\ub144\uc5d0 \uc124\ub9bd\ub41c \uae30\uc220 \uc6f9\uc0ac\uc774\ud2b8\ub85c, \ub514\uc9c0\ud138 \uc138\uc0c1\uacfc \uad00\ub828\ub41c \uc560\ud50c\ub9ac\ucf00\uc774\uc158, \uae08\uc735 \ubc0f \uae30\ud0c0 \uc8fc\uc81c\uc5d0 \ub300\ud55c \uc815\ubcf4\uc640 \ud301\uc744 \uc81c\uacf5\ud558\ub294 \uac83\uc744 \ubaa9\ud45c\ub85c \ud569\ub2c8\ub2e4. \uc800\ud76c\ub294 \uae30\uc220\uc774 \uc0b6\uacfc \uc0ac\uc5c5\uc744 \ubcc0\ud654\uc2dc\ud0a4\ub294 \uac15\ub825\ud55c \ub3c4\uad6c\ub77c\uace0 \ubbff\uc73c\uba70, \ub3c5\uc790 \uc5ec\ub7ec\ubd84\uc774 \ucd5c\uc2e0 \uc815\ubcf4\ub97c \uc5bb\uace0 \uc774\ub7ec\ud55c \ub3c4\uad6c\ub97c \ucd5c\ub300\ud55c \ud65c\uc6a9\ud560 \uc218 \uc788\ub3c4\ub85d \ub3d5\uace0 \uc2f6\uc2b5\ub2c8\ub2e4.<\/p>\n\n\n\n<p>Geekdois\uc5d0\uc11c\ub294 \uae30\uc220 \uc804\ubb38\uac00\ub4e4\uc774 \uc791\uc131\ud55c \uae30\uc0ac\uc640 \ud29c\ud1a0\ub9ac\uc5bc\uc740 \ubb3c\ub860, \uc81c\ud488 \ubc0f \uc11c\ube44\uc2a4\uc5d0 \ub300\ud55c \ub9ac\ubdf0\uc640 \ubd84\uc11d\ub3c4 \uc81c\uacf5\ud569\ub2c8\ub2e4. \ub610\ud55c, \ubaa8\ubc14\uc77c \uae30\uae30\uc640 \uc571\uc744 \ucd5c\ub300\ud55c \ud65c\uc6a9\ud558\ub294 \ub370 \ub3c4\uc6c0\uc774 \ub418\ub294 \uc720\uc6a9\ud55c \ud301\uacfc \uc694\ub839\ub3c4 \uc81c\uacf5\ud569\ub2c8\ub2e4.<\/p>\n\n\n\n<p>Geekdois\ub294 \ud68c\uc0ac\uc758 \ub4f1\ub85d \uc0c1\ud45c\uc785\ub2c8\ub2e4.\u00a0<a href=\"http:\/\/spotads.me\/\">Spotads.me<\/a>\u00a0\uae30\uc220\uc5d0 \uc5f4\uc815\uc744 \uac16\uace0 \uc788\ub294 \uc804\ubb38\uac00\ub4e4\ub85c \uad6c\uc131\ub41c \ud300\uc774 \uc720\uc9c0\uad00\ub9ac\ud558\uace0 \uc788\uc2b5\ub2c8\ub2e4.\u201d<\/p>\n\n\n\n<p>\uc6b0\ub9ac \ud300\uc740 \uae30\uc220 \uc804\ubb38\uac00, \uc800\ub110\ub9ac\uc2a4\ud2b8, \uc791\uac00\ub85c \uad6c\uc131\ub418\uc5b4 \uc788\uc73c\uba70 \ubaa8\ub450 \ub3c5\uc790\ub4e4\uc5d0\uac8c \uace0\ud488\uc9c8\uc758 \uc815\ud655\ud55c \ucf58\ud150\uce20\ub97c \uc81c\uacf5\ud558\uae30 \uc704\ud574 \ucd5c\uc120\uc744 \ub2e4\ud558\uace0 \uc788\uc2b5\ub2c8\ub2e4. \uc6b0\ub9ac\ub294 \uae30\uc220\uc774 \uc0b6\uacfc \ube44\uc988\ub2c8\uc2a4\ub97c \ubcc0\ud654\uc2dc\ud0a4\ub294 \uac15\ub825\ud55c \ub3c4\uad6c\ub77c\uace0 \ubbff\uc73c\uba70 \ub3c5\uc790\ub4e4\uc774 \ucd5c\uc2e0 \uc815\ubcf4\ub97c \uc720\uc9c0\ud558\uace0 \uc774\ub7ec\ud55c \ub3c4\uad6c\ub97c \ucd5c\ub300\ud55c \ud65c\uc6a9\ud560 \uc218 \uc788\ub3c4\ub85d \ub3d5\ub294 \uac83\uc774 \uc6b0\ub9ac\uc758 \ubaa9\ud45c\uc785\ub2c8\ub2e4.<\/p>\n\n\n\n<p>\ucf58\ud150\uce20 \uc678\uc5d0\ub3c4 \uc6b0\ub9ac\ub294 \ub3c5\uc790\ub4e4\uc5d0\uac8c \uc18c\uc15c \ub124\ud2b8\uc6cc\ud06c\uc640 \ud1a0\ub860 \ud3ec\ub7fc\uc744 \ud1b5\ud574 \ub2e4\ub978 \uae30\uc220 \uc560\ud638\uac00\ub4e4\uacfc \uc5f0\uacb0\ud560 \uc218 \uc788\ub294 \uae30\ud68c\ub97c \uc81c\uacf5\ud569\ub2c8\ub2e4. \uc6b0\ub9ac\ub294 \ub3c5\uc790\uc758 \uc758\uacac\uc744 \uc18c\uc911\ud788 \uc5ec\uae30\uba70 \uc11c\ube44\uc2a4 \uac1c\uc120\uc744 \uc704\ud55c \uc81c\uc548\uacfc \ud53c\ub4dc\ubc31\uc744 \ud56d\uc0c1 \ud658\uc601\ud569\ub2c8\ub2e4.<\/p>\n\n\n\n<p>\uc6b0\ub9ac\ub97c \ud314\ub85c\uc6b0\ud558\uace0 \uae30\uc220 \uc138\uacc4\uc758 \ucd5c\uc2e0 \ub3d9\ud5a5\uacfc \ub274\uc2a4\ub97c \ubc1b\uc544\ubcf4\uc138\uc694. \uc800\ud76c \ud648\ud398\uc774\uc9c0\ub97c \ubc29\ubb38\ud574 \uc8fc\uc154\uc11c \uac10\uc0ac\ub4dc\ub9ac\uba70, \uace7 \ub2e4\uc2dc \ubd59\uae30\ub97c \ubc14\ub78d\ub2c8\ub2e4!<\/p>","protected":false},"excerpt":{"rendered":"<p>O Geekdois \u00e9 um site de tecnologia criado em 2024 com o objetivo de fornecer informa\u00e7\u00f5es e dicas sobre aplicativos, finan\u00e7as e outros assuntos relacionados ao mundo digital. N\u00f3s acreditamos que a tecnologia \u00e9 uma ferramenta poderosa para transformar vidas e empresas, e queremos ajudar nossos leitores a se manterem atualizados e aproveitar ao m\u00e1ximo [&hellip;]<\/p>","protected":false},"author":1,"featured_media":0,"parent":0,"menu_order":0,"comment_status":"closed","ping_status":"closed","template":"","meta":{"footnotes":""},"class_list":["post-46979","page","type-page","status-publish","hentry"],"yoast_head":"<!-- This site is optimized with the Yoast SEO plugin v26.6 - https:\/\/yoast.com\/wordpress\/plugins\/seo\/ -->\n<title>Quem somos - Geekdois<\/title>\n<meta name=\"robots\" content=\"index, follow, max-snippet:-1, max-image-preview:large, max-video-preview:-1\" \/>\n<link rel=\"canonical\" href=\"https:\/\/geekdois.com\/ko\/\uc6b0\ub9ac\ub294-\ub204\uad6c\uc778\uac00\/\" \/>\n<meta property=\"og:locale\" content=\"ko_KR\" \/>\n<meta property=\"og:type\" content=\"article\" \/>\n<meta property=\"og:title\" content=\"Quem somos - Geekdois\" \/>\n<meta property=\"og:description\" content=\"O Geekdois \u00e9 um site de tecnologia criado em 2024 com o objetivo de fornecer informa\u00e7\u00f5es e dicas sobre aplicativos, finan\u00e7as e outros assuntos relacionados ao mundo digital. N\u00f3s acreditamos que a tecnologia \u00e9 uma ferramenta poderosa para transformar vidas e empresas, e queremos ajudar nossos leitores a se manterem atualizados e aproveitar ao m\u00e1ximo [&hellip;]\" \/>\n<meta property=\"og:url\" content=\"https:\/\/geekdois.com\/ko\/\uc6b0\ub9ac\ub294-\ub204\uad6c\uc778\uac00\/\" \/>\n<meta property=\"og:site_name\" content=\"Geekdois\" \/>\n<meta property=\"article:modified_time\" content=\"2025-12-18T17:20:57+00:00\" \/>\n<meta name=\"twitter:card\" content=\"summary_large_image\" \/>\n<meta name=\"twitter:label1\" content=\"\uc608\uc0c1 \ub418\ub294 \ud310\ub3c5 \uc2dc\uac04\" \/>\n\t<meta name=\"twitter:data1\" content=\"2\ubd84\" \/>\n<script type=\"application\/ld+json\" class=\"yoast-schema-graph\">{\"@context\":\"https:\/\/schema.org\",\"@graph\":[{\"@type\":\"WebPage\",\"@id\":\"https:\/\/geekdois.com\/quem-somos\/\",\"url\":\"https:\/\/geekdois.com\/quem-somos\/\",\"name\":\"Quem somos - Geekdois\",\"isPartOf\":{\"@id\":\"https:\/\/geekdois.com\/#website\"},\"datePublished\":\"2024-06-28T16:01:36+00:00\",\"dateModified\":\"2025-12-18T17:20:57+00:00\",\"breadcrumb\":{\"@id\":\"https:\/\/geekdois.com\/quem-somos\/#breadcrumb\"},\"inLanguage\":\"ko-KR\",\"potentialAction\":[{\"@type\":\"ReadAction\",\"target\":[\"https:\/\/geekdois.com\/quem-somos\/\"]}]},{\"@type\":\"BreadcrumbList\",\"@id\":\"https:\/\/geekdois.com\/quem-somos\/#breadcrumb\",\"itemListElement\":[{\"@type\":\"ListItem\",\"position\":1,\"name\":\"In\u00edcio\",\"item\":\"https:\/\/geekdois.com\/\"},{\"@type\":\"ListItem\",\"position\":2,\"name\":\"Quem somos\"}]},{\"@type\":\"WebSite\",\"@id\":\"https:\/\/geekdois.com\/#website\",\"url\":\"https:\/\/geekdois.com\/\",\"name\":\"Noticia Tecnologia\",\"description\":\"Tudo sobre aplicativos!\",\"publisher\":{\"@id\":\"https:\/\/geekdois.com\/#organization\"},\"potentialAction\":[{\"@type\":\"SearchAction\",\"target\":{\"@type\":\"EntryPoint\",\"urlTemplate\":\"https:\/\/geekdois.com\/?s={search_term_string}\"},\"query-input\":{\"@type\":\"PropertyValueSpecification\",\"valueRequired\":true,\"valueName\":\"search_term_string\"}}],\"inLanguage\":\"ko-KR\"},{\"@type\":\"Organization\",\"@id\":\"https:\/\/geekdois.com\/#organization\",\"name\":\"Spotads\",\"url\":\"https:\/\/geekdois.com\/\",\"logo\":{\"@type\":\"ImageObject\",\"inLanguage\":\"ko-KR\",\"@id\":\"https:\/\/geekdois.com\/#\/schema\/logo\/image\/\",\"url\":\"https:\/\/geekdois.com\/wp-content\/uploads\/2024\/06\/NOTICIA-LOGO-1.png\",\"contentUrl\":\"https:\/\/geekdois.com\/wp-content\/uploads\/2024\/06\/NOTICIA-LOGO-1.png\",\"width\":250,\"height\":60,\"caption\":\"Spotads\"},\"image\":{\"@id\":\"https:\/\/geekdois.com\/#\/schema\/logo\/image\/\"}}]}<\/script>\n<!-- \/ Yoast SEO plugin. -->","yoast_head_json":{"title":"\uc6b0\ub9ac\ub294 \ub204\uad6c\uc778\uac00 - Geekdois","robots":{"index":"index","follow":"follow","max-snippet":"max-snippet:-1","max-image-preview":"max-image-preview:large","max-video-preview":"max-video-preview:-1"},"canonical":"https:\/\/geekdois.com\/ko\/\uc6b0\ub9ac\ub294-\ub204\uad6c\uc778\uac00\/","og_locale":"ko_KR","og_type":"article","og_title":"Quem somos - Geekdois","og_description":"O Geekdois \u00e9 um site de tecnologia criado em 2024 com o objetivo de fornecer informa\u00e7\u00f5es e dicas sobre aplicativos, finan\u00e7as e outros assuntos relacionados ao mundo digital. N\u00f3s acreditamos que a tecnologia \u00e9 uma ferramenta poderosa para transformar vidas e empresas, e queremos ajudar nossos leitores a se manterem atualizados e aproveitar ao m\u00e1ximo [&hellip;]","og_url":"https:\/\/geekdois.com\/ko\/\uc6b0\ub9ac\ub294-\ub204\uad6c\uc778\uac00\/","og_site_name":"Geekdois","article_modified_time":"2025-12-18T17:20:57+00:00","twitter_card":"summary_large_image","twitter_misc":{"\uc608\uc0c1 \ub418\ub294 \ud310\ub3c5 \uc2dc\uac04":"2\ubd84"},"schema":{"@context":"https:\/\/schema.org","@graph":[{"@type":"WebPage","@id":"https:\/\/geekdois.com\/quem-somos\/","url":"https:\/\/geekdois.com\/quem-somos\/","name":"\uc6b0\ub9ac\ub294 \ub204\uad6c\uc778\uac00 - Geekdois","isPartOf":{"@id":"https:\/\/geekdois.com\/#website"},"datePublished":"2024-06-28T16:01:36+00:00","dateModified":"2025-12-18T17:20:57+00:00","breadcrumb":{"@id":"https:\/\/geekdois.com\/quem-somos\/#breadcrumb"},"inLanguage":"ko-KR","potentialAction":[{"@type":"ReadAction","target":["https:\/\/geekdois.com\/quem-somos\/"]}]},{"@type":"BreadcrumbList","@id":"https:\/\/geekdois.com\/quem-somos\/#breadcrumb","itemListElement":[{"@type":"ListItem","position":1,"name":"In\u00edcio","item":"https:\/\/geekdois.com\/"},{"@type":"ListItem","position":2,"name":"Quem somos"}]},{"@type":"WebSite","@id":"https:\/\/geekdois.com\/#website","url":"https:\/\/geekdois.com\/","name":"\uae30\uc220 \ub274\uc2a4","description":"\uc571\uc5d0 \uad00\ud55c \ubaa8\ub4e0 \uac83!","publisher":{"@id":"https:\/\/geekdois.com\/#organization"},"potentialAction":[{"@type":"SearchAction","target":{"@type":"EntryPoint","urlTemplate":"https:\/\/geekdois.com\/?s={search_term_string}"},"query-input":{"@type":"PropertyValueSpecification","valueRequired":true,"valueName":"search_term_string"}}],"inLanguage":"ko-KR"},{"@type":"Organization","@id":"https:\/\/geekdois.com\/#organization","name":"\uc2a4\ud31f\uc560\ub4dc","url":"https:\/\/geekdois.com\/","logo":{"@type":"ImageObject","inLanguage":"ko-KR","@id":"https:\/\/geekdois.com\/#\/schema\/logo\/image\/","url":"https:\/\/geekdois.com\/wp-content\/uploads\/2024\/06\/NOTICIA-LOGO-1.png","contentUrl":"https:\/\/geekdois.com\/wp-content\/uploads\/2024\/06\/NOTICIA-LOGO-1.png","width":250,"height":60,"caption":"Spotads"},"image":{"@id":"https:\/\/geekdois.com\/#\/schema\/logo\/image\/"}}]}},"_links":{"self":[{"href":"https:\/\/geekdois.com\/ko\/wp-json\/wp\/v2\/pages\/46979","targetHints":{"allow":["GET"]}}],"collection":[{"href":"https:\/\/geekdois.com\/ko\/wp-json\/wp\/v2\/pages"}],"about":[{"href":"https:\/\/geekdois.com\/ko\/wp-json\/wp\/v2\/types\/page"}],"author":[{"embeddable":true,"href":"https:\/\/geekdois.com\/ko\/wp-json\/wp\/v2\/users\/1"}],"replies":[{"embeddable":true,"href":"https:\/\/geekdois.com\/ko\/wp-json\/wp\/v2\/comments?post=46979"}],"version-history":[{"count":5,"href":"https:\/\/geekdois.com\/ko\/wp-json\/wp\/v2\/pages\/46979\/revisions"}],"predecessor-version":[{"id":47924,"href":"https:\/\/geekdois.com\/ko\/wp-json\/wp\/v2\/pages\/46979\/revisions\/47924"}],"wp:attachment":[{"href":"https:\/\/geekdois.com\/ko\/wp-json\/wp\/v2\/media?parent=46979"}],"curies":[{"name":"\uc6cc\ub4dc\ud504\ub808\uc2a4","href":"https:\/\/api.w.org\/{rel}","templated":true}]}}