{"id":46975,"date":"2024-06-28T15:59:34","date_gmt":"2024-06-28T15:59:34","guid":{"rendered":"https:\/\/geekdois.com\/?page_id=46975"},"modified":"2025-12-18T17:21:48","modified_gmt":"2025-12-18T17:21:48","slug":"gebruiksvoorwaarden","status":"publish","type":"page","link":"https:\/\/geekdois.com\/nl\/gebruiksvoorwaarden\/","title":{"rendered":"Gebruiksvoorwaarden"},"content":{"rendered":"<p>Door de website van Geekdois te bezoeken, gaat u ermee akkoord deze servicevoorwaarden en alle toepasselijke wet- en regelgeving na te leven. Ook gaat u ermee akkoord dat u verantwoordelijk bent voor de naleving van alle toepasselijke lokale wetten. Als u niet akkoord gaat met een van deze voorwaarden, is het u verboden deze site te gebruiken of te bezoeken. De materialen op deze website zijn beschermd door de toepasselijke auteursrecht- en merkenwetgeving.<\/p>\n\n\n\n<h2 class=\"wp-block-heading\">Licentiegebruik<\/h2>\n\n\n\n<p>Het is toegestaan om tijdelijk \u00e9\u00e9n exemplaar van de materialen (informatie of software) op de website van Geekdois te downloaden, uitsluitend voor persoonlijk, niet-commercieel en tijdelijk gebruik. Dit is de verlening van een licentie, geen overdracht van eigendomsrecht, en op grond van deze licentie mag u niet:<\/p>\n\n\n\n<ul class=\"wp-block-list\">\n<li>de materialen wijzigen of kopi\u00ebren;<\/li>\n\n\n\n<li>de materialen gebruiken voor commerci\u00eble doeleinden of voor openbare vertoning (commercieel of niet-commercieel);<\/li>\n\n\n\n<li>proberen software op de Geekdois-website te decompileren of reverse engineeren;<\/li>\n\n\n\n<li>eventuele auteursrecht- of andere eigendomsaantekeningen uit de materialen verwijderen; of<\/li>\n\n\n\n<li>de materialen overdragen aan een andere persoon of de materialen &#039;spiegelen&#039; op een andere server. Deze licentie wordt automatisch be\u00ebindigd als u een van deze beperkingen overtreedt en kan op elk moment door Geekdois worden be\u00ebindigd. Zodra u stopt met het bekijken van deze materialen of wanneer deze licentie wordt be\u00ebindigd, moet u alle gedownloade materialen die in uw bezit zijn, vernietigen, ongeacht of deze in elektronische of gedrukte vorm zijn.<\/li>\n<\/ul>\n\n\n\n<h2 class=\"wp-block-heading\">Vrijwaring<\/h2>\n\n\n\n<p>De materialen op de website van Geekdois worden &#039;zoals ze zijn&#039; geleverd. Geekdois geeft geen garanties, expliciet of impliciet, en wijst hierbij alle andere garanties af, waaronder, maar niet beperkt tot, impliciete garanties of voorwaarden van verhandelbaarheid, geschiktheid voor een bepaald doel of niet-inbreuk op intellectuele eigendomsrechten of andere schending van rechten.<\/p>\n\n\n\n<p>Bovendien geeft Geekdois geen garanties en doet geen uitspraken over de nauwkeurigheid, de verwachte resultaten of de betrouwbaarheid van het gebruik van de materialen op haar website of anderszins met betrekking tot dergelijke materialen of op sites die aan deze site zijn gelinkt.<\/p>\n\n\n\n<h2 class=\"wp-block-heading\">Beperkingen<\/h2>\n\n\n\n<p>Geekdois en haar leveranciers zijn in geen geval aansprakelijk voor schade (inclusief, maar niet beperkt tot, schade door verlies van gegevens of winst, of als gevolg van bedrijfsonderbreking) die voortvloeit uit het gebruik of het onvermogen om de materialen op Geekdois te gebruiken, zelfs als Geekdois of een geautoriseerde vertegenwoordiger van Geekdois mondeling of schriftelijk op de hoogte is gesteld van de mogelijkheid van dergelijke schade. Omdat in sommige rechtsgebieden beperkingen op impliciete garanties of beperkingen van de aansprakelijkheid voor gevolgschade of incidentele schade niet zijn toegestaan, zijn deze beperkingen mogelijk niet op u van toepassing.<\/p>\n\n\n\n<h2 class=\"wp-block-heading\">Precisie van materialen<\/h2>\n\n\n\n<p>De op de Geekdois-website weergegeven materialen kunnen technische, typografische of fotografische fouten bevatten. Geekdois garandeert niet dat het materiaal op haar website juist, volledig of actueel is. Geekdois kan op elk moment en zonder voorafgaande kennisgeving wijzigingen aanbrengen in het materiaal op haar website. Geekdois is echter niet verplicht de materialen te actualiseren.<\/p>\n\n\n\n<h2 class=\"wp-block-heading\">Koppelingen<\/h2>\n\n\n\n<p>Geekdois heeft niet alle sites die aan haar website zijn gelinkt, beoordeeld en is niet verantwoordelijk voor de inhoud van dergelijke gelinkte sites. Het opnemen van een link impliceert niet dat Geekdois de site goedkeurt. Het gebruik van gelinkte websites is geheel op eigen risico van de gebruiker.<\/p>\n\n\n\n<h2 class=\"wp-block-heading\">Wijzigingen<\/h2>\n\n\n\n<p>Geekdois kan deze websitevoorwaarden op elk moment en zonder voorafgaande kennisgeving wijzigen. Door deze website te gebruiken, gaat u akkoord met de op dat moment geldende versie van deze servicevoorwaarden.<\/p>\n\n\n\n<p>Toepasselijk recht Deze algemene voorwaarden worden beheerst door en ge\u00efnterpreteerd in overeenstemming met de wetten van Geekdois en u onderwerpt zich onherroepelijk aan de exclusieve jurisdictie van de rechtbanken in die staat of locatie.<\/p>\n\n\n\n<h2 class=\"wp-block-heading\" id=\"lei-aplicavel\">Toepasselijk recht<\/h2>\n\n\n\n<p>Deze algemene voorwaarden worden beheerst door en ge\u00efnterpreteerd in overeenstemming met de wetten van Geekdois en u onderwerpt zich onherroepelijk aan de exclusieve jurisdictie van de rechtbanken in die staat of locatie.<\/p>","protected":false},"excerpt":{"rendered":"<p>Ao acessar ao site Geekdois, concorda em cumprir estes termos de servi\u00e7o, todas as leis e regulamentos aplic\u00e1veis e concorda que \u00e9 respons\u00e1vel pelo cumprimento de todas as leis locais aplic\u00e1veis. Se voc\u00ea n\u00e3o concordar com algum desses termos, est\u00e1 proibido de usar ou acessar este site. Os materiais contidos neste site s\u00e3o protegidos pelas [&hellip;]<\/p>","protected":false},"author":1,"featured_media":0,"parent":0,"menu_order":0,"comment_status":"closed","ping_status":"closed","template":"page-terms.php","meta":{"footnotes":""},"class_list":["post-46975","page","type-page","status-publish","hentry"],"yoast_head":"<!-- This site is optimized with the Yoast SEO plugin v26.6 - https:\/\/yoast.com\/wordpress\/plugins\/seo\/ -->\n<title>Termos de Uso - Geekdois<\/title>\n<meta name=\"robots\" content=\"index, follow, max-snippet:-1, max-image-preview:large, max-video-preview:-1\" \/>\n<link rel=\"canonical\" href=\"https:\/\/geekdois.com\/nl\/gebruiksvoorwaarden\/\" \/>\n<meta property=\"og:locale\" content=\"nl_NL\" \/>\n<meta property=\"og:type\" content=\"article\" \/>\n<meta property=\"og:title\" content=\"Termos de Uso - Geekdois\" \/>\n<meta property=\"og:description\" content=\"Ao acessar ao site Geekdois, concorda em cumprir estes termos de servi\u00e7o, todas as leis e regulamentos aplic\u00e1veis e concorda que \u00e9 respons\u00e1vel pelo cumprimento de todas as leis locais aplic\u00e1veis. Se voc\u00ea n\u00e3o concordar com algum desses termos, est\u00e1 proibido de usar ou acessar este site. Os materiais contidos neste site s\u00e3o protegidos pelas [&hellip;]\" \/>\n<meta property=\"og:url\" content=\"https:\/\/geekdois.com\/nl\/gebruiksvoorwaarden\/\" \/>\n<meta property=\"og:site_name\" content=\"Geekdois\" \/>\n<meta property=\"article:modified_time\" content=\"2025-12-18T17:21:48+00:00\" \/>\n<meta name=\"twitter:card\" content=\"summary_large_image\" \/>\n<meta name=\"twitter:label1\" content=\"Verwachte leestijd\" \/>\n\t<meta name=\"twitter:data1\" content=\"4 minuten\" \/>\n<script type=\"application\/ld+json\" class=\"yoast-schema-graph\">{\"@context\":\"https:\/\/schema.org\",\"@graph\":[{\"@type\":\"WebPage\",\"@id\":\"https:\/\/geekdois.com\/termos-de-uso\/\",\"url\":\"https:\/\/geekdois.com\/termos-de-uso\/\",\"name\":\"Termos de Uso - Geekdois\",\"isPartOf\":{\"@id\":\"https:\/\/geekdois.com\/#website\"},\"datePublished\":\"2024-06-28T15:59:34+00:00\",\"dateModified\":\"2025-12-18T17:21:48+00:00\",\"breadcrumb\":{\"@id\":\"https:\/\/geekdois.com\/termos-de-uso\/#breadcrumb\"},\"inLanguage\":\"nl-NL\",\"potentialAction\":[{\"@type\":\"ReadAction\",\"target\":[\"https:\/\/geekdois.com\/termos-de-uso\/\"]}]},{\"@type\":\"BreadcrumbList\",\"@id\":\"https:\/\/geekdois.com\/termos-de-uso\/#breadcrumb\",\"itemListElement\":[{\"@type\":\"ListItem\",\"position\":1,\"name\":\"In\u00edcio\",\"item\":\"https:\/\/geekdois.com\/\"},{\"@type\":\"ListItem\",\"position\":2,\"name\":\"Termos de Uso\"}]},{\"@type\":\"WebSite\",\"@id\":\"https:\/\/geekdois.com\/#website\",\"url\":\"https:\/\/geekdois.com\/\",\"name\":\"Noticia Tecnologia\",\"description\":\"Tudo sobre aplicativos!\",\"publisher\":{\"@id\":\"https:\/\/geekdois.com\/#organization\"},\"potentialAction\":[{\"@type\":\"SearchAction\",\"target\":{\"@type\":\"EntryPoint\",\"urlTemplate\":\"https:\/\/geekdois.com\/?s={search_term_string}\"},\"query-input\":{\"@type\":\"PropertyValueSpecification\",\"valueRequired\":true,\"valueName\":\"search_term_string\"}}],\"inLanguage\":\"nl-NL\"},{\"@type\":\"Organization\",\"@id\":\"https:\/\/geekdois.com\/#organization\",\"name\":\"Spotads\",\"url\":\"https:\/\/geekdois.com\/\",\"logo\":{\"@type\":\"ImageObject\",\"inLanguage\":\"nl-NL\",\"@id\":\"https:\/\/geekdois.com\/#\/schema\/logo\/image\/\",\"url\":\"https:\/\/geekdois.com\/wp-content\/uploads\/2024\/06\/NOTICIA-LOGO-1.png\",\"contentUrl\":\"https:\/\/geekdois.com\/wp-content\/uploads\/2024\/06\/NOTICIA-LOGO-1.png\",\"width\":250,\"height\":60,\"caption\":\"Spotads\"},\"image\":{\"@id\":\"https:\/\/geekdois.com\/#\/schema\/logo\/image\/\"}}]}<\/script>\n<!-- \/ Yoast SEO plugin. -->","yoast_head_json":{"title":"Gebruiksvoorwaarden - Geekdois","robots":{"index":"index","follow":"follow","max-snippet":"max-snippet:-1","max-image-preview":"max-image-preview:large","max-video-preview":"max-video-preview:-1"},"canonical":"https:\/\/geekdois.com\/nl\/gebruiksvoorwaarden\/","og_locale":"nl_NL","og_type":"article","og_title":"Termos de Uso - Geekdois","og_description":"Ao acessar ao site Geekdois, concorda em cumprir estes termos de servi\u00e7o, todas as leis e regulamentos aplic\u00e1veis e concorda que \u00e9 respons\u00e1vel pelo cumprimento de todas as leis locais aplic\u00e1veis. Se voc\u00ea n\u00e3o concordar com algum desses termos, est\u00e1 proibido de usar ou acessar este site. Os materiais contidos neste site s\u00e3o protegidos pelas [&hellip;]","og_url":"https:\/\/geekdois.com\/nl\/gebruiksvoorwaarden\/","og_site_name":"Geekdois","article_modified_time":"2025-12-18T17:21:48+00:00","twitter_card":"summary_large_image","twitter_misc":{"Verwachte leestijd":"4 minuten"},"schema":{"@context":"https:\/\/schema.org","@graph":[{"@type":"WebPage","@id":"https:\/\/geekdois.com\/termos-de-uso\/","url":"https:\/\/geekdois.com\/termos-de-uso\/","name":"Gebruiksvoorwaarden - Geekdois","isPartOf":{"@id":"https:\/\/geekdois.com\/#website"},"datePublished":"2024-06-28T15:59:34+00:00","dateModified":"2025-12-18T17:21:48+00:00","breadcrumb":{"@id":"https:\/\/geekdois.com\/termos-de-uso\/#breadcrumb"},"inLanguage":"nl-NL","potentialAction":[{"@type":"ReadAction","target":["https:\/\/geekdois.com\/termos-de-uso\/"]}]},{"@type":"BreadcrumbList","@id":"https:\/\/geekdois.com\/termos-de-uso\/#breadcrumb","itemListElement":[{"@type":"ListItem","position":1,"name":"In\u00edcio","item":"https:\/\/geekdois.com\/"},{"@type":"ListItem","position":2,"name":"Termos de Uso"}]},{"@type":"WebSite","@id":"https:\/\/geekdois.com\/#website","url":"https:\/\/geekdois.com\/","name":"Technologie nieuws","description":"Alles over apps!","publisher":{"@id":"https:\/\/geekdois.com\/#organization"},"potentialAction":[{"@type":"SearchAction","target":{"@type":"EntryPoint","urlTemplate":"https:\/\/geekdois.com\/?s={search_term_string}"},"query-input":{"@type":"PropertyValueSpecification","valueRequired":true,"valueName":"search_term_string"}}],"inLanguage":"nl-NL"},{"@type":"Organization","@id":"https:\/\/geekdois.com\/#organization","name":"Spotads","url":"https:\/\/geekdois.com\/","logo":{"@type":"ImageObject","inLanguage":"nl-NL","@id":"https:\/\/geekdois.com\/#\/schema\/logo\/image\/","url":"https:\/\/geekdois.com\/wp-content\/uploads\/2024\/06\/NOTICIA-LOGO-1.png","contentUrl":"https:\/\/geekdois.com\/wp-content\/uploads\/2024\/06\/NOTICIA-LOGO-1.png","width":250,"height":60,"caption":"Spotads"},"image":{"@id":"https:\/\/geekdois.com\/#\/schema\/logo\/image\/"}}]}},"_links":{"self":[{"href":"https:\/\/geekdois.com\/nl\/wp-json\/wp\/v2\/pages\/46975","targetHints":{"allow":["GET"]}}],"collection":[{"href":"https:\/\/geekdois.com\/nl\/wp-json\/wp\/v2\/pages"}],"about":[{"href":"https:\/\/geekdois.com\/nl\/wp-json\/wp\/v2\/types\/page"}],"author":[{"embeddable":true,"href":"https:\/\/geekdois.com\/nl\/wp-json\/wp\/v2\/users\/1"}],"replies":[{"embeddable":true,"href":"https:\/\/geekdois.com\/nl\/wp-json\/wp\/v2\/comments?post=46975"}],"version-history":[{"count":4,"href":"https:\/\/geekdois.com\/nl\/wp-json\/wp\/v2\/pages\/46975\/revisions"}],"predecessor-version":[{"id":47926,"href":"https:\/\/geekdois.com\/nl\/wp-json\/wp\/v2\/pages\/46975\/revisions\/47926"}],"wp:attachment":[{"href":"https:\/\/geekdois.com\/nl\/wp-json\/wp\/v2\/media?parent=46975"}],"curies":[{"name":"wp","href":"https:\/\/api.w.org\/{rel}","templated":true}]}}