{"id":46973,"date":"2024-06-28T15:57:52","date_gmt":"2024-06-28T15:57:52","guid":{"rendered":"https:\/\/geekdois.com\/?page_id=46973"},"modified":"2025-12-18T17:21:16","modified_gmt":"2025-12-18T17:21:16","slug":"zasady-ochrany-osobnych-udajov","status":"publish","type":"page","link":"https:\/\/geekdois.com\/sk\/zasady-ochrany-osobnych-udajov\/","title":{"rendered":"Z\u00e1sady ochrany osobn\u00fdch \u00fadajov"},"content":{"rendered":"<p>V\u0161etky zhroma\u017eden\u00e9 inform\u00e1cie bud\u00fa pou\u017eit\u00e9 na zlep\u0161enie v\u00e1\u0161ho z\u00e1\u017eitku na na\u0161ej webovej str\u00e1nke. Zhroma\u017eden\u00e9 inform\u00e1cie m\u00f4\u017eu zah\u0155\u0148a\u0165 va\u0161e meno, e-mail, telef\u00f3nne \u010d\u00edslo a\/alebo in\u00e9.<\/p>\n\n\n\n<p>Pou\u017e\u00edvanie Geekdois znamen\u00e1 s\u00fahlas s touto dohodou o ochrane osobn\u00fdch \u00fadajov. Ak pou\u017e\u00edvate\u013e nes\u00fahlas\u00ed, hoci len \u010diasto\u010dne, s podmienkami obsiahnut\u00fdmi v t\u00fdchto Z\u00e1sad\u00e1ch ochrany osobn\u00fdch \u00fadajov, nemal by pristupova\u0165 a\/alebo pou\u017e\u00edva\u0165 obsah pon\u00fakan\u00fd Geekdois. Pou\u017e\u00edvan\u00edm webovej str\u00e1nky Pou\u017e\u00edvate\u013e berie na vedomie a plne s\u00fahlas\u00ed so spracovan\u00edm svojich \u00fadajov v s\u00falade s podmienkami t\u00fdchto Z\u00e1sad ochrany osobn\u00fdch \u00fadajov a V\u0161eobecn\u00fdch podmienok pou\u017e\u00edvania.<\/p>\n\n\n\n<p>Vyhradzujeme si pr\u00e1vo kedyko\u013evek upravi\u0165 tieto z\u00e1sady ochrany osobn\u00fdch \u00fadajov bez s\u00fahlasu pou\u017e\u00edvate\u013eov alebo upozornenia, preto si ich \u010dasto kontrolujte. Zmeny a upresnenia nadobudn\u00fa \u00fa\u010dinnos\u0165 ihne\u010f po ich zverejnen\u00ed na webovej str\u00e1nke. Ak vykon\u00e1me podstatn\u00e9 zmeny v t\u00fdchto z\u00e1sad\u00e1ch, upozorn\u00edme v\u00e1s tu, \u017ee boli aktualizovan\u00e9, aby ste si boli vedom\u00ed toho, ak\u00e9 inform\u00e1cie zhroma\u017e\u010fujeme, ako ich pou\u017e\u00edvame a za ak\u00fdch okolnost\u00ed, ak existuj\u00fa, pou\u017e\u00edvame a\/alebo zverej\u0148ujeme to.<\/p>\n\n\n\n<p>Geekdois re\u0161pektuje s\u00fakromie svojich pou\u017e\u00edvate\u013eov a transparentnos\u0165 v sp\u00f4sobe pou\u017e\u00edvania \u00fadajov. Na\u0161e z\u00e1sady ochrany osobn\u00fdch \u00fadajov boli pripraven\u00e9 v s\u00falade s medzin\u00e1rodn\u00fdmi a n\u00e1rodn\u00fdmi \u0161tandardmi ochrany \u00fadajov.<\/p>\n\n\n\n<p>Tieto z\u00e1sady ochrany osobn\u00fdch \u00fadajov je potrebn\u00e9 \u010d\u00edta\u0165 a interpretova\u0165 v spojen\u00ed so V\u0161eobecn\u00fdmi podmienkami pou\u017e\u00edvania Geekdois, ktor\u00e9 s\u00fa k dispoz\u00edcii na adrese <a href=\"https:\/\/geekdois.com\/sk\/podmienky-pouzivania\/\">https:\/\/geekdois.com\/termos-de-uso\/<\/a><\/p>\n\n\n\n<h2 class=\"wp-block-heading\">V\u0161eobecn\u00e9 inform\u00e1cie pre pou\u017e\u00edvate\u013eov <\/h2>\n\n\n\n<p>Cie\u013eom Geekdois je zdie\u013ea\u0165 inform\u00e1cie so svojimi pou\u017e\u00edvate\u013emi a spr\u00edstupni\u0165 znalosti ka\u017ed\u00e9mu. Pou\u017e\u00edvate\u013e m\u00f4\u017ee prehliada\u0165 webov\u00fa str\u00e1nku Geekdois bez predch\u00e1dzaj\u00facej registr\u00e1cie.<\/p>\n\n\n\n<p>Geekdois dodr\u017eiava medzin\u00e1rodn\u00e9 bezpe\u010dnostn\u00e9 \u0161tandardy a normy pri ukladan\u00ed, ochrane, s\u00fakrom\u00ed a prenose \u00fadajov, pri\u010dom zd\u00f4raz\u0148uje, \u017ee \u017eiadna met\u00f3da ukladania, ochrany, s\u00fakromia a prenosu \u00fadajov nie je 100% bezpe\u010dn\u00e1 a nedotknute\u013en\u00e1.<\/p>\n\n\n\n<p>Geekdois prij\u00edma postupy a technol\u00f3gie, ktor\u00e9 sa neust\u00e1le prehodnocuj\u00fa a zdokona\u013euj\u00fa v s\u00falade s n\u00e1rodn\u00fdm a medzin\u00e1rodn\u00fdm technick\u00fdm a regula\u010dn\u00fdm pokrokom. Ke\u010f hovor\u00edme o ochrane, m\u00e1me na mysli ak\u00fdko\u013evek neopr\u00e1vnen\u00fd pr\u00edstup, pou\u017eitie, zmenu, zverejnenie alebo zni\u010denie va\u0161ich \u00fadajov. Aby sme tomu zabr\u00e1nili, investujeme do opatren\u00ed, ktor\u00e9 zah\u0155\u0148aj\u00fa \u0161ifrovan\u00fa komunik\u00e1ciu, riadenie pr\u00edstupu, dodr\u017eiavanie bezpe\u010dn\u00e9ho v\u00fdvoja softv\u00e9ru, intern\u00e9 z\u00e1sady dodr\u017eiavania predpisov a opatrenia na zodpovednos\u0165 a zmiernenie riz\u00edk, ktor\u00e9 umo\u017e\u0148uj\u00fa zabezpe\u010denie po\u010das cel\u00e9ho \u017eivotn\u00e9ho cyklu \u00fadajov. Inform\u00e1cie o pou\u017e\u00edvate\u013eoch s\u00fa tie\u017e ulo\u017een\u00e9 v bezpe\u010dn\u00fdch, renomovan\u00fdch a medzin\u00e1rodne uzn\u00e1van\u00fdch datab\u00e1zach.<\/p>\n\n\n\n<p>Geekdois za \u017eiadnych okolnost\u00ed nepo\u017eaduje \u017eiadne mno\u017estvo pe\u0148az\u00ed na vydanie ak\u00e9hoko\u013evek typu produktu, nech u\u017e je ak\u00fdko\u013evek. Ak sa tak stane, ihne\u010f n\u00e1s o tom informujte.<\/p>\n\n\n\n<p>Pracujeme na tom, aby boli v\u0161etky inform\u00e1cie \u010do najaktu\u00e1lnej\u0161ie. Je v\u0161ak potrebn\u00e9 poznamena\u0165, \u017ee tieto inform\u00e1cie sa m\u00f4\u017eu l\u00ed\u0161i\u0165 od inform\u00e1ci\u00ed, ktor\u00e9 n\u00e1jdete na webov\u00fdch str\u00e1nkach in\u0161tit\u00faci\u00ed alebo poskytovate\u013eov slu\u017eieb na konkr\u00e9tnej webovej str\u00e1nke. Nezaru\u010dujeme presnos\u0165 a aktu\u00e1lnos\u0165 inform\u00e1ci\u00ed. V\u017edy si nezabudnite pre\u010d\u00edta\u0165 zmluvn\u00e9 podmienky in\u0161tit\u00faci\u00ed, ktor\u00e9 si vyberiete. Z reklamy na na\u0161ej webovej str\u00e1nke a od na\u0161ich partnerov dost\u00e1vame mal\u00fa \u010diastku, ke\u010f odporu\u010d\u00edme pou\u017e\u00edvate\u013ea, ktor\u00fd po\u017eaduje produkt alebo ponuku. V\u0161etko, \u010do publikujeme, je zalo\u017een\u00e9 na kvantitat\u00edvnych a kvalitat\u00edvnych hodnoteniach ka\u017ed\u00e9ho produktu. Stoj\u00ed za zmienku, \u017ee na\u0161i partneri m\u00f4\u017eu priamo ovplyvni\u0165 produkty, o ktor\u00fdch p\u00ed\u0161eme a recenzujeme, ako aj poradie \u201enajlep\u0161\u00edch\u201c \u010dl\u00e1nkov a umiestnenie produktov na Geekdois. Vzh\u013eadom na mno\u017estvo inform\u00e1ci\u00ed na na\u0161ej webovej str\u00e1nke neposkytujeme \u017eiadnu z\u00e1ruku kvality a aktu\u00e1lnosti inform\u00e1ci\u00ed; Preto uprednost\u0148ujeme inform\u00e1cie od na\u0161ich partnerov.<\/p>\n\n\n\n<p>Na ochranu va\u0161ich osobn\u00fdch \u00fadajov prij\u00edmame primeran\u00e9 prevent\u00edvne opatrenia a dodr\u017eiavame osved\u010den\u00e9 postupy v odvetv\u00ed, aby sme sa uistili, \u017ee sa nevhodne nestrat\u00ed, nezneu\u017eij\u00fa, nespr\u00edstupnia, nezverejnia, nezmenia alebo nezni\u010dia.<\/p>\n\n\n\n<h2 class=\"wp-block-heading\">Odkazy na str\u00e1nky tret\u00edch str\u00e1n <\/h2>\n\n\n\n<p>Geekdois m\u00e1 odkazy na in\u00e9 webov\u00e9 str\u00e1nky, ktor\u00e9 pod\u013ea n\u00e1\u0161ho n\u00e1zoru m\u00f4\u017eu obsahova\u0165 u\u017eito\u010dn\u00e9 inform\u00e1cie \/ n\u00e1stroje pre na\u0161ich n\u00e1v\u0161tevn\u00edkov. Na\u0161e z\u00e1sady ochrany osobn\u00fdch \u00fadajov sa nevz\u0165ahuj\u00fa na webov\u00e9 str\u00e1nky tret\u00edch str\u00e1n. Nie sme zodpovedn\u00ed za z\u00e1sady ochrany osobn\u00fdch \u00fadajov ani obsah pr\u00edtomn\u00fd na t\u00fdch ist\u00fdch str\u00e1nkach. Geekdois nad nimi nevykon\u00e1va \u017eiadnu kontrolu, a preto je osloboden\u00fd od akejko\u013evek zodpovednosti vo vz\u0165ahoch vytvoren\u00fdch medzi pou\u017e\u00edvate\u013eom a produktmi a slu\u017ebami tret\u00edch str\u00e1n inzerovan\u00fdmi na webovej str\u00e1nke.<\/p>\n\n\n\n<p>Ke\u010f opust\u00edte na\u0161u webov\u00fa str\u00e1nku alebo budete presmerovan\u00ed na webov\u00fa str\u00e1nku alebo aplik\u00e1ciu tretej strany, u\u017e sa na v\u00e1s nevz\u0165ahuj\u00fa tieto Z\u00e1sady ochrany osobn\u00fdch \u00fadajov ani Podmienky pou\u017e\u00edvania na\u0161ej webovej str\u00e1nky.<\/p>\n\n\n\n<p>Ak po prihl\u00e1sen\u00ed zmen\u00edte n\u00e1zor, m\u00f4\u017eete kedyko\u013evek odvola\u0165 svoj s\u00fahlas, aby sme v\u00e1s kontaktovali, aby sme v\u00e1s mohli na\u010falej zhroma\u017e\u010fova\u0165, pou\u017e\u00edva\u0165 alebo zverej\u0148ova\u0165 va\u0161e inform\u00e1cie, a to tak, \u017ee n\u00e1s budete kontaktova\u0165 na adrese contato@geekdois.com<\/p>\n\n\n\n<h2 class=\"wp-block-heading\">Neosobn\u00e9 \u00fadaje <\/h2>\n\n\n\n<p>Ke\u010f pou\u017e\u00edvatelia nepo\u017eaduj\u00fa bezplatn\u00fd obsah od Geekdois (okrem in\u00e9ho elektronick\u00e9 knihy, kv\u00edzy, \u010dl\u00e1nky, infografiky), m\u00f4\u017ee sa vykona\u0165 sledovanie a zhroma\u017e\u010fovanie neosobn\u00fdch \u00fadajov, ktor\u00e9 okrem in\u00e9ho uv\u00e1dzaj\u00fa, ktor\u00e9 str\u00e1nky webovej lokality boli nav\u0161t\u00edven\u00e9, kedy boli nav\u0161t\u00edven\u00e9, na ktor\u00e9 hypertextov\u00e9 odkazy sa kliklo, ak\u00fd obsah alebo slu\u017eby boli okrem in\u00e9ho vy\u017eiadan\u00e9 alebo uveden\u00e9.<\/p>\n\n\n\n<h2 class=\"wp-block-heading\">Cookies <\/h2>\n\n\n\n<p>Google ako dod\u00e1vate\u013e tretej strany pou\u017e\u00edva s\u00fabory cookie na zobrazovanie rekl\u00e1m. Pomocou s\u00faboru cookie DART m\u00f4\u017ee spolo\u010dnos\u0165 Google zobrazova\u0165 reklamy na z\u00e1klade va\u0161ich n\u00e1v\u0161tev in\u00fdch webov\u00fdch str\u00e1nok na internete. Pou\u017e\u00edvatelia m\u00f4\u017eu zak\u00e1za\u0165 s\u00fabor cookie DART n\u00e1v\u0161tevou z\u00e1sad ochrany osobn\u00fdch \u00fadajov pre reklamn\u00fa a obsahov\u00fa sie\u0165 Google.<\/p>\n\n\n\n<p>Geekdois pou\u017e\u00edva s\u00fabory cookie na pomoc pri zhroma\u017e\u010fovan\u00ed \u00fadajov a identifika\u010dn\u00fdch inform\u00e1ci\u00ed IP (Internet Protocol) na u\u013eah\u010denie navig\u00e1cie pou\u017e\u00edvate\u013ea, \u010do pom\u00e1ha zaru\u010di\u0165 bezpe\u010dnos\u0165, ochranu a autenticitu \u00fadajov.<\/p>\n\n\n\n<p>Okrem toho na na\u0161ich webov\u00fdch str\u00e1nkach vyu\u017e\u00edvame aj reklamy tret\u00edch str\u00e1n na podporu n\u00e1kladov na \u00fadr\u017ebu. Niektor\u00ed z t\u00fdchto inzerentov m\u00f4\u017eu pri inzercii na na\u0161ej webovej lokalite pou\u017e\u00edva\u0165 technol\u00f3gie, ako s\u00fa s\u00fabory cookie, \u010do bude znamena\u0165, \u017ee t\u00edto inzerenti (napr\u00edklad Google prostredn\u00edctvom Google AdSense a Ad Exchange) dostan\u00fa aj va\u0161e osobn\u00e9 \u00fadaje, ako je va\u0161a IP adresa, v\u00e1\u0161 ISP, v\u00e1\u0161 prehliada\u010d at\u010f. T\u00e1to funkcia sa vo v\u0161eobecnosti pou\u017e\u00edva na geografick\u00e9 zacielenie (zobrazovanie rekl\u00e1m, ktor\u00e9 d\u00e1vaj\u00fa zmysel na z\u00e1klade va\u0161ej geografickej polohy).<\/p>\n\n\n\n<p>Pou\u017e\u00edvate\u013e m\u00f4\u017ee kedyko\u013evek zmeni\u0165, \u010di bude alebo nebude prij\u00edma\u0165 s\u00fabory cookie v nastaveniach svojho prehliada\u010da, pri\u010dom berie na vedomie, \u017ee zak\u00e1zan\u00edm s\u00faborov cookie prehliadania m\u00f4\u017eu by\u0165 naru\u0161en\u00e9 niektor\u00e9 funkcie Geekdois.<\/p>\n\n\n\n<h2 class=\"wp-block-heading\">Osobne identifikovate\u013en\u00e9 \u00fadaje <\/h2>\n\n\n\n<p>Na pr\u00edstup k bezplatn\u00e9mu obsahu na Geekdois, ako s\u00fa okrem in\u00e9ho \u010dl\u00e1nky, e-knihy, kv\u00edzy, mus\u00ed pou\u017e\u00edvate\u013e poskytn\u00fa\u0165 niektor\u00e9 osobn\u00e9 \u00fadaje, ako napr\u00edklad: e-mail a cel\u00e9 meno.<\/p>\n\n\n\n<p>Osobn\u00e9 \u00fadaje sprac\u00favan\u00e9 Geekdois s\u00fa ur\u010den\u00e9 na:<\/p>\n\n\n\n<p>\u2013 spr\u00e1vna a presn\u00e1 identifik\u00e1cia Pou\u017e\u00edvate\u013ea, \u010d\u00edm sa zabezpe\u010d\u00ed v\u00e4\u010d\u0161ia bezpe\u010dnos\u0165 a ochrana pre samotn\u00fdch Pou\u017e\u00edvate\u013eov;<\/p>\n\n\n\n<p>\u2013 Pr\u00edstup k slu\u017eb\u00e1m a produktom poskytovan\u00fdm Geekdois;<\/p>\n\n\n\n<p>\u2013 Anal\u00fdza u\u017e\u00edvate\u013esk\u00e9ho profilu spolo\u010dnos\u0165ou Geekdois s cie\u013eom uvies\u0165 najlep\u0161ie produkty a inform\u00e1cie pod\u013ea ich skuto\u010dn\u00fdch potrieb a reality.<\/p>\n\n\n\n<p>S cie\u013eom e\u0161te presnej\u0161ie analyzova\u0165 profil pou\u017e\u00edvate\u013ea m\u00f4\u017ee Geekdois vykona\u0165 prieskum s cie\u013eom z\u00edska\u0165 o v\u00e1s viac a lep\u0161\u00edch inform\u00e1ci\u00ed, a teda ozna\u010di\u0165 personalizovan\u00e9 produkty a slu\u017eby pod\u013ea preferenci\u00ed a potrieb ka\u017ed\u00e9ho pou\u017e\u00edvate\u013ea.<\/p>\n\n\n\n<p>T\u00fdmto sp\u00f4sobom m\u00f4\u017eu Geekdois a partnersk\u00e9 spolo\u010dnosti pozva\u0165 pou\u017e\u00edvate\u013eov, aby sa z\u00fa\u010dastnili na prieskumoch spokojnosti, kde sa bud\u00fa posiela\u0165 e-maily s potrebn\u00fdmi pokynmi. Zhroma\u017eden\u00e9 \u00fadaje bud\u00fa pou\u017eit\u00e9 s hlavn\u00fdm cie\u013eom h\u013eada\u0165 zlep\u0161enia v syst\u00e9moch, produktoch, obsahu a slu\u017eb\u00e1ch pon\u00fakan\u00fdch Geekdois a partnersk\u00fdmi spolo\u010dnos\u0165ami.<\/p>\n\n\n\n<p>Ak n\u00e1s pou\u017e\u00edvate\u013e kontaktuje, aby nahl\u00e1sil probl\u00e9m, mal ot\u00e1zku alebo od n\u00e1s z\u00edskal podporu, zhroma\u017e\u010fujeme a uchov\u00e1vame kontaktn\u00e9 inform\u00e1cie pou\u017e\u00edvate\u013ea, ako aj pr\u00edslu\u0161n\u00e9 spr\u00e1vy a \u010fal\u0161ie \u00fadaje potrebn\u00e9 na pre\u0161etrenie probl\u00e9mu alebo ot\u00e1zky. Tieto \u00fadaje sa pou\u017eij\u00fa na vyrie\u0161enie ak\u00fdchko\u013evek ot\u00e1zok na z\u00e1klade zhroma\u017eden\u00fdch inform\u00e1ci\u00ed, objasnenie pochybnost\u00ed, n\u00e1pravu probl\u00e9mov a zlep\u0161enie syst\u00e9mu, \u010d\u00edm sa \u010falej zlep\u0161\u00ed pou\u017e\u00edvate\u013esk\u00e1 sk\u00fasenos\u0165 v r\u00e1mci Geekdois.<\/p>\n\n\n\n<h2 class=\"wp-block-heading\">O zdie\u013ean\u00ed \u00fadajov <\/h2>\n\n\n\n<p>Geekdois nebude pred\u00e1va\u0165 inform\u00e1cie ani osobn\u00e9 \u00fadaje svojich Pou\u017e\u00edvate\u013eov, ale m\u00f4\u017ee ich zdie\u013ea\u0165 s partnersk\u00fdmi spolo\u010dnos\u0165ami s cie\u013eom uvies\u0165 produkty a slu\u017eby, ktor\u00e9 najlep\u0161ie vyhovuj\u00fa profilu a potreb\u00e1m, alebo poskytn\u00fa\u0165 produkty a\/alebo slu\u017eby po\u017eadovan\u00e9 Pou\u017e\u00edvate\u013eom.<\/p>\n\n\n\n<p>Geekdois si vyhradzuje pr\u00e1vo pom\u00e1ha\u0165 alebo spolupracova\u0165 s ak\u00fdmko\u013evek s\u00fadnym org\u00e1nom alebo vl\u00e1dnou agent\u00farou a m\u00f4\u017ee zdie\u013ea\u0165 osobn\u00e9 \u00fadaje pou\u017e\u00edvate\u013eov za \u00fa\u010delom: a) vytvorenia alebo v\u00fdkonu ich z\u00e1konn\u00fdch pr\u00e1v; b) chr\u00e1ni\u0165 ich vlastnosti; c) ke\u010f us\u00fadi, \u017ee jej pomoc alebo spolupr\u00e1ca je potrebn\u00e1 na ochranu jej pou\u017e\u00edvate\u013eov, spolupracovn\u00edkov, spr\u00e1vcov alebo akejko\u013evek osoby po\u0161kodenej konan\u00edm alebo opomenut\u00edm.<\/p>\n\n\n\n<h2 class=\"wp-block-heading\">O nespracovan\u00fdch a nezhroma\u017eden\u00fdch \u00fadajoch <\/h2>\n\n\n\n<p>Geekdois nesprac\u00fava osobn\u00e9 \u00fadaje det\u00ed mlad\u0161\u00edch ako 13 (trin\u00e1s\u0165) rokov bez predch\u00e1dzaj\u00faceho s\u00fahlasu ich rodi\u010dov alebo z\u00e1konn\u00fdch z\u00e1stupcov.<\/p>\n\n\n\n<p>Ak sa osobn\u00e9 \u00fadaje det\u00ed mlad\u0161\u00edch ako 13 (trin\u00e1s\u0165) rokov zhroma\u017e\u010fuj\u00fa a sprac\u00favaj\u00fa ne\u00famyselne bez v\u00fdslovn\u00e9ho s\u00fahlasu ich rodi\u010dov alebo z\u00e1konn\u00fdch z\u00e1stupcov, Geekdois vyma\u017ee v\u0161etky zhroma\u017eden\u00e9 \u00fadaje bez ak\u00e9hoko\u013evek predch\u00e1dzaj\u00faceho upozornenia.<\/p>\n\n\n\n<p>Ak sa Pou\u017e\u00edvate\u013e dozvie, \u017ee sme omylom spracovali \u00fadaje die\u0165a\u0165a, \u017eiadame ho, aby n\u00e1s bezodkladne kontaktoval prostredn\u00edctvom n\u00e1\u0161ho e-mailu contato@geekdois.com, aby sme mohli prija\u0165 potrebn\u00e9 opatrenia.<\/p>","protected":false},"excerpt":{"rendered":"<p>Todas as informa\u00e7\u00f5es recolhidas ser\u00e3o utilizadas para melhorar sua experi\u00eancia dentro do nosso site. As informa\u00e7\u00f5es recolhidas podem incluir o seu nome, email, n\u00famero de telefone e\/ou outros. O uso do Geekdois pressup\u00f5e a aceita\u00e7\u00e3o deste Acordo de Privacidade. Caso o usu\u00e1rio n\u00e3o concorde, ainda que em parte, com os termos e condi\u00e7\u00f5es contidos nesta [&hellip;]<\/p>","protected":false},"author":1,"featured_media":0,"parent":0,"menu_order":0,"comment_status":"closed","ping_status":"closed","template":"page-privacy.php","meta":{"footnotes":""},"class_list":["post-46973","page","type-page","status-publish","hentry"],"yoast_head":"<!-- This site is optimized with the Yoast SEO plugin v26.6 - https:\/\/yoast.com\/wordpress\/plugins\/seo\/ -->\n<title>Politica de Privacidade - Geekdois<\/title>\n<meta name=\"robots\" content=\"index, follow, max-snippet:-1, max-image-preview:large, max-video-preview:-1\" \/>\n<link rel=\"canonical\" href=\"https:\/\/geekdois.com\/sk\/zasady-ochrany-osobnych-udajov\/\" \/>\n<meta property=\"og:locale\" content=\"sk_SK\" \/>\n<meta property=\"og:type\" content=\"article\" \/>\n<meta property=\"og:title\" content=\"Politica de Privacidade - Geekdois\" \/>\n<meta property=\"og:description\" content=\"Todas as informa\u00e7\u00f5es recolhidas ser\u00e3o utilizadas para melhorar sua experi\u00eancia dentro do nosso site. As informa\u00e7\u00f5es recolhidas podem incluir o seu nome, email, n\u00famero de telefone e\/ou outros. O uso do Geekdois pressup\u00f5e a aceita\u00e7\u00e3o deste Acordo de Privacidade. Caso o usu\u00e1rio n\u00e3o concorde, ainda que em parte, com os termos e condi\u00e7\u00f5es contidos nesta [&hellip;]\" \/>\n<meta property=\"og:url\" content=\"https:\/\/geekdois.com\/sk\/zasady-ochrany-osobnych-udajov\/\" \/>\n<meta property=\"og:site_name\" content=\"Geekdois\" \/>\n<meta property=\"article:modified_time\" content=\"2025-12-18T17:21:16+00:00\" \/>\n<meta name=\"twitter:card\" content=\"summary_large_image\" \/>\n<meta name=\"twitter:label1\" content=\"Predpokladan\u00fd \u010das \u010d\u00edtania\" \/>\n\t<meta name=\"twitter:data1\" content=\"9 min\u00fat\" \/>\n<script type=\"application\/ld+json\" class=\"yoast-schema-graph\">{\"@context\":\"https:\/\/schema.org\",\"@graph\":[{\"@type\":\"WebPage\",\"@id\":\"https:\/\/geekdois.com\/politica-de-privacidade\/\",\"url\":\"https:\/\/geekdois.com\/politica-de-privacidade\/\",\"name\":\"Politica de Privacidade - Geekdois\",\"isPartOf\":{\"@id\":\"https:\/\/geekdois.com\/#website\"},\"datePublished\":\"2024-06-28T15:57:52+00:00\",\"dateModified\":\"2025-12-18T17:21:16+00:00\",\"breadcrumb\":{\"@id\":\"https:\/\/geekdois.com\/politica-de-privacidade\/#breadcrumb\"},\"inLanguage\":\"sk-SK\",\"potentialAction\":[{\"@type\":\"ReadAction\",\"target\":[\"https:\/\/geekdois.com\/politica-de-privacidade\/\"]}]},{\"@type\":\"BreadcrumbList\",\"@id\":\"https:\/\/geekdois.com\/politica-de-privacidade\/#breadcrumb\",\"itemListElement\":[{\"@type\":\"ListItem\",\"position\":1,\"name\":\"In\u00edcio\",\"item\":\"https:\/\/geekdois.com\/\"},{\"@type\":\"ListItem\",\"position\":2,\"name\":\"Politica de Privacidade\"}]},{\"@type\":\"WebSite\",\"@id\":\"https:\/\/geekdois.com\/#website\",\"url\":\"https:\/\/geekdois.com\/\",\"name\":\"Noticia Tecnologia\",\"description\":\"Tudo sobre aplicativos!\",\"publisher\":{\"@id\":\"https:\/\/geekdois.com\/#organization\"},\"potentialAction\":[{\"@type\":\"SearchAction\",\"target\":{\"@type\":\"EntryPoint\",\"urlTemplate\":\"https:\/\/geekdois.com\/?s={search_term_string}\"},\"query-input\":{\"@type\":\"PropertyValueSpecification\",\"valueRequired\":true,\"valueName\":\"search_term_string\"}}],\"inLanguage\":\"sk-SK\"},{\"@type\":\"Organization\",\"@id\":\"https:\/\/geekdois.com\/#organization\",\"name\":\"Spotads\",\"url\":\"https:\/\/geekdois.com\/\",\"logo\":{\"@type\":\"ImageObject\",\"inLanguage\":\"sk-SK\",\"@id\":\"https:\/\/geekdois.com\/#\/schema\/logo\/image\/\",\"url\":\"https:\/\/geekdois.com\/wp-content\/uploads\/2024\/06\/NOTICIA-LOGO-1.png\",\"contentUrl\":\"https:\/\/geekdois.com\/wp-content\/uploads\/2024\/06\/NOTICIA-LOGO-1.png\",\"width\":250,\"height\":60,\"caption\":\"Spotads\"},\"image\":{\"@id\":\"https:\/\/geekdois.com\/#\/schema\/logo\/image\/\"}}]}<\/script>\n<!-- \/ Yoast SEO plugin. -->","yoast_head_json":{"title":"Z\u00e1sady ochrany osobn\u00fdch \u00fadajov \u2013 Geekdois","robots":{"index":"index","follow":"follow","max-snippet":"max-snippet:-1","max-image-preview":"max-image-preview:large","max-video-preview":"max-video-preview:-1"},"canonical":"https:\/\/geekdois.com\/sk\/zasady-ochrany-osobnych-udajov\/","og_locale":"sk_SK","og_type":"article","og_title":"Politica de Privacidade - Geekdois","og_description":"Todas as informa\u00e7\u00f5es recolhidas ser\u00e3o utilizadas para melhorar sua experi\u00eancia dentro do nosso site. As informa\u00e7\u00f5es recolhidas podem incluir o seu nome, email, n\u00famero de telefone e\/ou outros. O uso do Geekdois pressup\u00f5e a aceita\u00e7\u00e3o deste Acordo de Privacidade. Caso o usu\u00e1rio n\u00e3o concorde, ainda que em parte, com os termos e condi\u00e7\u00f5es contidos nesta [&hellip;]","og_url":"https:\/\/geekdois.com\/sk\/zasady-ochrany-osobnych-udajov\/","og_site_name":"Geekdois","article_modified_time":"2025-12-18T17:21:16+00:00","twitter_card":"summary_large_image","twitter_misc":{"Predpokladan\u00fd \u010das \u010d\u00edtania":"9 min\u00fat"},"schema":{"@context":"https:\/\/schema.org","@graph":[{"@type":"WebPage","@id":"https:\/\/geekdois.com\/politica-de-privacidade\/","url":"https:\/\/geekdois.com\/politica-de-privacidade\/","name":"Z\u00e1sady ochrany osobn\u00fdch \u00fadajov \u2013 Geekdois","isPartOf":{"@id":"https:\/\/geekdois.com\/#website"},"datePublished":"2024-06-28T15:57:52+00:00","dateModified":"2025-12-18T17:21:16+00:00","breadcrumb":{"@id":"https:\/\/geekdois.com\/politica-de-privacidade\/#breadcrumb"},"inLanguage":"sk-SK","potentialAction":[{"@type":"ReadAction","target":["https:\/\/geekdois.com\/politica-de-privacidade\/"]}]},{"@type":"BreadcrumbList","@id":"https:\/\/geekdois.com\/politica-de-privacidade\/#breadcrumb","itemListElement":[{"@type":"ListItem","position":1,"name":"In\u00edcio","item":"https:\/\/geekdois.com\/"},{"@type":"ListItem","position":2,"name":"Politica de Privacidade"}]},{"@type":"WebSite","@id":"https:\/\/geekdois.com\/#website","url":"https:\/\/geekdois.com\/","name":"Technologick\u00e9 novinky","description":"V\u0161etko o aplik\u00e1ci\u00e1ch!","publisher":{"@id":"https:\/\/geekdois.com\/#organization"},"potentialAction":[{"@type":"SearchAction","target":{"@type":"EntryPoint","urlTemplate":"https:\/\/geekdois.com\/?s={search_term_string}"},"query-input":{"@type":"PropertyValueSpecification","valueRequired":true,"valueName":"search_term_string"}}],"inLanguage":"sk-SK"},{"@type":"Organization","@id":"https:\/\/geekdois.com\/#organization","name":"Spotads","url":"https:\/\/geekdois.com\/","logo":{"@type":"ImageObject","inLanguage":"sk-SK","@id":"https:\/\/geekdois.com\/#\/schema\/logo\/image\/","url":"https:\/\/geekdois.com\/wp-content\/uploads\/2024\/06\/NOTICIA-LOGO-1.png","contentUrl":"https:\/\/geekdois.com\/wp-content\/uploads\/2024\/06\/NOTICIA-LOGO-1.png","width":250,"height":60,"caption":"Spotads"},"image":{"@id":"https:\/\/geekdois.com\/#\/schema\/logo\/image\/"}}]}},"_links":{"self":[{"href":"https:\/\/geekdois.com\/sk\/wp-json\/wp\/v2\/pages\/46973","targetHints":{"allow":["GET"]}}],"collection":[{"href":"https:\/\/geekdois.com\/sk\/wp-json\/wp\/v2\/pages"}],"about":[{"href":"https:\/\/geekdois.com\/sk\/wp-json\/wp\/v2\/types\/page"}],"author":[{"embeddable":true,"href":"https:\/\/geekdois.com\/sk\/wp-json\/wp\/v2\/users\/1"}],"replies":[{"embeddable":true,"href":"https:\/\/geekdois.com\/sk\/wp-json\/wp\/v2\/comments?post=46973"}],"version-history":[{"count":5,"href":"https:\/\/geekdois.com\/sk\/wp-json\/wp\/v2\/pages\/46973\/revisions"}],"predecessor-version":[{"id":47923,"href":"https:\/\/geekdois.com\/sk\/wp-json\/wp\/v2\/pages\/46973\/revisions\/47923"}],"wp:attachment":[{"href":"https:\/\/geekdois.com\/sk\/wp-json\/wp\/v2\/media?parent=46973"}],"curies":[{"name":"pracovn\u00fd list","href":"https:\/\/api.w.org\/{rel}","templated":true}]}}