{"id":46973,"date":"2024-06-28T15:57:52","date_gmt":"2024-06-28T15:57:52","guid":{"rendered":"https:\/\/geekdois.com\/?page_id=46973"},"modified":"2025-12-18T17:21:16","modified_gmt":"2025-12-18T17:21:16","slug":"integritetspolicy","status":"publish","type":"page","link":"https:\/\/geekdois.com\/sv\/integritetspolicy\/","title":{"rendered":"Integritetspolicy"},"content":{"rendered":"<p>All information som samlas in kommer att anv\u00e4ndas f\u00f6r att f\u00f6rb\u00e4ttra din upplevelse p\u00e5 v\u00e5r webbplats. Informationen som samlas in kan inneh\u00e5lla ditt namn, e-post, telefonnummer och\/eller andra.<\/p>\n\n\n\n<p>Anv\u00e4ndningen av Geekdois f\u00f6ruts\u00e4tter godk\u00e4nnande av detta integritetsavtal. Om anv\u00e4ndaren inte godk\u00e4nner, ens delvis, villkoren i denna integritetspolicy, ska han\/hon inte f\u00e5 \u00e5tkomst till och\/eller anv\u00e4nda inneh\u00e5llet som erbjuds av Geekdois. Genom att anv\u00e4nda webbplatsen bekr\u00e4ftar och samtycker anv\u00e4ndaren till behandlingen av hans\/hennes uppgifter i enlighet med villkoren i denna integritetspolicy och de allm\u00e4nna anv\u00e4ndarvillkoren.<\/p>\n\n\n\n<p>Vi f\u00f6rbeh\u00e5ller oss r\u00e4tten att \u00e4ndra denna integritetspolicy n\u00e4r som helst, utan anv\u00e4ndarnas medgivande eller meddelande, s\u00e5 v\u00e4nligen granska den ofta. \u00c4ndringar och f\u00f6rtydliganden tr\u00e4der i kraft omedelbart efter publicering p\u00e5 webbplatsen. Om vi g\u00f6r v\u00e4sentliga \u00e4ndringar i denna policy kommer vi att meddela dig h\u00e4r att de har uppdaterats, s\u00e5 att du \u00e4r medveten om vilken information vi samlar in, hur vi anv\u00e4nder den och under vilka omst\u00e4ndigheter, om n\u00e5gra, vi anv\u00e4nder och\/eller avsl\u00f6jar Det.<\/p>\n\n\n\n<p>Geekdois respekterar sina anv\u00e4ndares integritet och transparens i hur data anv\u00e4nds. V\u00e5r integritetspolicy har utarbetats i enlighet med internationella och nationella dataskyddsstandarder.<\/p>\n\n\n\n<p>Denna integritetspolicy m\u00e5ste l\u00e4sas och tolkas i samband med Geekdois allm\u00e4nna anv\u00e4ndarvillkor, tillg\u00e4ngliga p\u00e5 <a href=\"https:\/\/geekdois.com\/sv\/villkor\/\">https:\/\/geekdois.com\/termos-de-uso\/<\/a><\/p>\n\n\n\n<h2 class=\"wp-block-heading\">Allm\u00e4n information f\u00f6r anv\u00e4ndare <\/h2>\n\n\n\n<p>Geekdois str\u00e4var efter att dela information med sina anv\u00e4ndare och g\u00f6ra kunskap tillg\u00e4nglig f\u00f6r alla. Anv\u00e4ndare kan surfa p\u00e5 Geekdois webbplats utan att beh\u00f6va registrera sig i f\u00f6rv\u00e4g.<\/p>\n\n\n\n<p>Geekdois f\u00f6ljer internationella s\u00e4kerhetsstandarder och normer f\u00f6r lagring, skydd, integritet och \u00f6verf\u00f6ring av data, och betonar att ingen metod f\u00f6r lagring, skydd, integritet och \u00f6verf\u00f6ring av data \u00e4r s\u00e4ker och okr\u00e4nkbar.<\/p>\n\n\n\n<p>Geekdois anv\u00e4nder metoder och tekniker som st\u00e4ndigt granskas och f\u00f6rb\u00e4ttras, i linje med nationella och internationella tekniska och regulatoriska framsteg. N\u00e4r vi talar om skydd syftar vi p\u00e5 all obeh\u00f6rig \u00e5tkomst, anv\u00e4ndning, \u00e4ndring, avsl\u00f6jande eller f\u00f6rst\u00f6relse av dina data. F\u00f6r att f\u00f6rhindra att detta h\u00e4nder investerar vi i \u00e5tg\u00e4rder som inkluderar krypterad kommunikation, \u00e5tkomstkontroll, efterlevnad av s\u00e4ker programvaruutveckling, interna efterlevnadspolicyer samt ansvars- och riskreducerings\u00e5tg\u00e4rder som m\u00f6jligg\u00f6r s\u00e4kerhet under hela datalivscykeln. Anv\u00e4ndarinformation lagras ocks\u00e5 i s\u00e4kra, v\u00e4lrenommerade och internationellt erk\u00e4nda databaser.<\/p>\n\n\n\n<p>Geekdois beg\u00e4r inte under n\u00e5gra omst\u00e4ndigheter n\u00e5gra pengar f\u00f6r att sl\u00e4ppa n\u00e5gon typ av produkt, oavsett vad det m\u00e5 vara. Om detta h\u00e4nder, v\u00e4nligen meddela oss omedelbart.<\/p>\n\n\n\n<p>Vi arbetar f\u00f6r att h\u00e5lla all information s\u00e5 aktuell som m\u00f6jligt. Det \u00e4r dock viktigt att notera att denna information kan skilja sig fr\u00e5n informationen som finns p\u00e5 institutionernas eller tj\u00e4nsteleverant\u00f6rernas webbplatser p\u00e5 en specifik webbplats. Vi garanterar inte informationens riktighet eller aktualitet. Kom alltid ih\u00e5g att l\u00e4sa villkoren f\u00f6r de institutioner du v\u00e4ljer. Vi f\u00e5r en liten summa fr\u00e5n reklam p\u00e5 v\u00e5r webbplats och fr\u00e5n v\u00e5ra partners n\u00e4r vi h\u00e4nvisar en anv\u00e4ndare som beg\u00e4r en produkt eller ett f\u00f6rslag. Allt vi publicerar \u00e4r baserat p\u00e5 kvantitativa och kvalitativa utv\u00e4rderingar av varje produkt. Det \u00e4r viktigt att notera att v\u00e5ra partners direkt kan p\u00e5verka de produkter vi skriver om och recenserar, samt ordningen p\u00e5 de &quot;b\u00e4sta&quot; artiklarna och produktplaceringen p\u00e5 Geekdois. Med tanke p\u00e5 m\u00e4ngden information p\u00e5 v\u00e5r webbplats ger vi ingen typ av garanti f\u00f6r informationens kvalitet och aktualitet; d\u00e4rf\u00f6r prioriterar vi information fr\u00e5n v\u00e5ra partners.<\/p>\n\n\n\n<p>F\u00f6r att skydda din personliga information vidtar vi rimliga f\u00f6rsiktighets\u00e5tg\u00e4rder och f\u00f6ljer branschens b\u00e4sta praxis f\u00f6r att s\u00e4kerst\u00e4lla att den inte p\u00e5 ett ol\u00e4mpligt s\u00e4tt f\u00f6rloras, missbrukas, kommer \u00e5t, avsl\u00f6jas, \u00e4ndras eller f\u00f6rst\u00f6rs.<\/p>\n\n\n\n<h2 class=\"wp-block-heading\">L\u00e4nkar till tredje parts webbplatser <\/h2>\n\n\n\n<p>Geekdois har l\u00e4nkar till andra webbplatser, vilka enligt v\u00e5r uppfattning kan inneh\u00e5lla anv\u00e4ndbar information\/verktyg f\u00f6r v\u00e5ra bes\u00f6kare. V\u00e5r integritetspolicy g\u00e4ller inte f\u00f6r tredjepartswebbplatser. Vi ansvarar inte f\u00f6r integritetspolicyn eller inneh\u00e5llet som finns p\u00e5 dessa webbplatser. Geekdois ut\u00f6var ingen kontroll \u00f6ver dem och \u00e4r d\u00e4rf\u00f6r befriad fr\u00e5n allt ansvar i de relationer som uppr\u00e4ttas mellan anv\u00e4ndaren och tredjepartsprodukter och -tj\u00e4nster som annonseras p\u00e5 webbplatsen.<\/p>\n\n\n\n<p>N\u00e4r du l\u00e4mnar v\u00e5r webbplats eller omdirigeras till en tredje parts webbplats eller applikation styrs du inte l\u00e4ngre av denna integritetspolicy eller v\u00e5r webbplatss anv\u00e4ndarvillkor.<\/p>\n\n\n\n<p>Om du \u00e5ngrar dig efter att du har valt att delta kan du n\u00e4r som helst \u00e5terkalla ditt samtycke till att vi kontaktar dig, f\u00f6r fortsatt insamling, anv\u00e4ndning eller utl\u00e4mnande av din information, genom att kontakta oss p\u00e5 contato@geekdois.com.<\/p>\n\n\n\n<h2 class=\"wp-block-heading\">Icke-personliga uppgifter <\/h2>\n\n\n\n<p>N\u00e4r anv\u00e4ndare inte beg\u00e4r gratis inneh\u00e5ll fr\u00e5n Geekdois (e-b\u00f6cker, fr\u00e5gesporter, artiklar, infografik, bland annat) kan sp\u00e5rning och insamling av icke-personlig data ske, bland annat vilka sidor p\u00e5 webbplatsen som bes\u00f6ktes, n\u00e4r de bes\u00f6ktes, vilka hyperl\u00e4nkar som klickades p\u00e5, vilket inneh\u00e5ll eller vilka tj\u00e4nster som beg\u00e4rdes eller angavs, bland annat.<\/p>\n\n\n\n<h2 class=\"wp-block-heading\">Sm\u00e5kakor <\/h2>\n\n\n\n<p>Google, som en tredjepartsleverant\u00f6r, anv\u00e4nder cookies f\u00f6r att visa annonser. Med DART-cookien kan Google visa annonser baserat p\u00e5 dina bes\u00f6k p\u00e5 andra webbplatser p\u00e5 Internet. Anv\u00e4ndare kan inaktivera DART-cookien genom att bes\u00f6ka Googles sekretesspolicy f\u00f6r annonser och inneh\u00e5llsn\u00e4tverk.<\/p>\n\n\n\n<p>Geekdois anv\u00e4nder cookies f\u00f6r att samla in data och IP-identifieringsinformation (Internet Protocol) f\u00f6r att underl\u00e4tta anv\u00e4ndarnavigering, vilket bidrar till att garantera datas\u00e4kerhet, skydd och \u00e4kthet.<\/p>\n\n\n\n<p>Dessutom anv\u00e4nder vi \u00e4ven tredjepartsreklam p\u00e5 v\u00e5r webbplats f\u00f6r att st\u00f6dja underh\u00e5llskostnader. Vissa av dessa annons\u00f6rer kan anv\u00e4nda tekniker som cookies n\u00e4r de annonserar p\u00e5 v\u00e5r webbplats, vilket kommer att inneb\u00e4ra att dessa annons\u00f6rer (som Google via Google AdSense och Ad Exchange) ocks\u00e5 kommer att f\u00e5 din personliga information, s\u00e5som din IP-adress, din ISP, din webbl\u00e4sare osv. Den h\u00e4r funktionen anv\u00e4nds vanligtvis f\u00f6r geografisk inriktning (visar annonser som \u00e4r meningsfulla baserat p\u00e5 din geografiska plats).<\/p>\n\n\n\n<p>Anv\u00e4ndaren kan n\u00e4r som helst \u00e4ndra om han eller hon vill acceptera cookies eller inte i sina webbl\u00e4sarinst\u00e4llningar. Observera att genom att inaktivera cookies kan vissa av Geekdois funktioner f\u00f6rs\u00e4mras.<\/p>\n\n\n\n<h2 class=\"wp-block-heading\">Personligt identifierbar data <\/h2>\n\n\n\n<p>F\u00f6r att f\u00e5 tillg\u00e5ng till gratis inneh\u00e5ll p\u00e5 Geekdois, s\u00e5som artiklar, e-b\u00f6cker, fr\u00e5gesporter med mera, m\u00e5ste anv\u00e4ndaren ange personligt identifierbar information, s\u00e5som: e-postadress och fullst\u00e4ndigt namn.<\/p>\n\n\n\n<p>De personligt identifierbara uppgifter som behandlas av Geekdois \u00e4r avsedda att:<\/p>\n\n\n\n<p>\u2013 Korrekt och korrekt identifiering av anv\u00e4ndaren, vilket s\u00e4kerst\u00e4ller st\u00f6rre s\u00e4kerhet och skydd f\u00f6r anv\u00e4ndarna sj\u00e4lva;<\/p>\n\n\n\n<p>\u2013 Tillg\u00e5ng till tj\u00e4nster och produkter som tillhandah\u00e5lls av Geekdois;<\/p>\n\n\n\n<p>\u2013 Analys av anv\u00e4ndarprofilen av Geekdois i syfte att identifiera de b\u00e4sta produkterna och informationen utifr\u00e5n deras verkliga behov och verklighet.<\/p>\n\n\n\n<p>I syfte att g\u00f6ra en \u00e4nnu mer exakt analys av anv\u00e4ndarens profil kan Geekdois utf\u00f6ra forskning f\u00f6r att f\u00e5 mer och b\u00e4ttre information om dig och d\u00e4rmed visa personliga produkter och tj\u00e4nster utifr\u00e5n varje anv\u00e4ndares preferenser och behov.<\/p>\n\n\n\n<p>P\u00e5 s\u00e5 s\u00e4tt kan Geekdois och partnerf\u00f6retag bjuda in anv\u00e4ndare att delta i n\u00f6jdhetsunders\u00f6kningar, varvid e-postmeddelanden skickas med n\u00f6dv\u00e4ndiga riktlinjer. De insamlade uppgifterna kommer att anv\u00e4ndas med det huvudsakliga syftet att s\u00f6ka f\u00f6rb\u00e4ttringar i de system, produkter, inneh\u00e5ll och tj\u00e4nster som erbjuds av Geekdois och partnerf\u00f6retag.<\/p>\n\n\n\n<p>Om en anv\u00e4ndare kontaktar oss f\u00f6r att rapportera ett problem, ha en fr\u00e5ga eller f\u00e5 support fr\u00e5n oss, samlar vi in och lagrar anv\u00e4ndarens kontaktuppgifter, samt respektive meddelanden och annan information som beh\u00f6vs f\u00f6r att unders\u00f6ka problemet eller fr\u00e5gan. Denna information kommer att anv\u00e4ndas f\u00f6r att l\u00f6sa eventuella fr\u00e5gor baserat p\u00e5 den insamlade informationen, reda ut tvivel, korrigera problem och f\u00f6rb\u00e4ttra systemet, vilket ytterligare f\u00f6rb\u00e4ttrar anv\u00e4ndarupplevelsen inom Geekdois.<\/p>\n\n\n\n<h2 class=\"wp-block-heading\">Om datadelning <\/h2>\n\n\n\n<p>Geekdois kommer inte att s\u00e4lja information eller personuppgifter om sina anv\u00e4ndare, men kan komma att dela dem med partnerf\u00f6retag f\u00f6r att identifiera produkter och tj\u00e4nster som b\u00e4st passar profilen och behoven eller f\u00f6r att tillhandah\u00e5lla produkter och\/eller tj\u00e4nster som beg\u00e4rs av anv\u00e4ndaren.<\/p>\n\n\n\n<p>Geekdois f\u00f6rbeh\u00e5ller sig r\u00e4tten att bist\u00e5 eller samarbeta med alla r\u00e4ttsliga myndigheter eller myndigheter och kan dela Anv\u00e4ndares personligt identifierbara uppgifter f\u00f6r att: a) fastst\u00e4lla eller ut\u00f6va sina juridiska r\u00e4ttigheter; b) skydda sina egendomar; c) n\u00e4r Geekdois anser att dess bist\u00e5nd eller samarbete \u00e4r n\u00f6dv\u00e4ndigt f\u00f6r att skydda sina Anv\u00e4ndare, anst\u00e4llda, administrat\u00f6rer eller n\u00e5gon person som skadats av handlingen eller underl\u00e5tenheten.<\/p>\n\n\n\n<h2 class=\"wp-block-heading\">Om obehandlad och oinsamlad data <\/h2>\n\n\n\n<p>Geekdois behandlar inte personuppgifter f\u00f6r barn under 13 (tretton) \u00e5r utan f\u00f6reg\u00e5ende tillst\u00e5nd fr\u00e5n deras f\u00f6r\u00e4ldrar eller v\u00e5rdnadshavare.<\/p>\n\n\n\n<p>Om personuppgifter f\u00f6r barn under 13 (tretton) \u00e5r oavsiktligt samlas in och behandlas utan uttryckligt tillst\u00e5nd fr\u00e5n deras f\u00f6r\u00e4ldrar eller v\u00e5rdnadshavare, kommer Geekdois att radera alla insamlade uppgifter utan f\u00f6reg\u00e5ende meddelande.<\/p>\n\n\n\n<p>Om Anv\u00e4ndaren blir medveten om att vi felaktigt har behandlat ett barns uppgifter ber vi dem att omedelbart kontakta oss via v\u00e5r e-postadress contato@geekdois.com, s\u00e5 att vi kan vidta n\u00f6dv\u00e4ndiga \u00e5tg\u00e4rder.<\/p>","protected":false},"excerpt":{"rendered":"<p>All information som samlas in kommer att anv\u00e4ndas f\u00f6r att f\u00f6rb\u00e4ttra din upplevelse p\u00e5 v\u00e5r webbplats. Informationen som samlas in kan inkludera ditt namn, din e-postadress, ditt telefonnummer och\/eller andra uppgifter. Anv\u00e4ndning av Geekdois inneb\u00e4r godk\u00e4nnande av detta integritetsavtal. Om anv\u00e4ndaren inte godk\u00e4nner, ens delvis, villkoren i detta [\u2026]<\/p>","protected":false},"author":1,"featured_media":0,"parent":0,"menu_order":0,"comment_status":"closed","ping_status":"closed","template":"page-privacy.php","meta":{"footnotes":""},"class_list":["post-46973","page","type-page","status-publish","hentry"],"yoast_head":"<!-- This site is optimized with the Yoast SEO plugin v26.6 - https:\/\/yoast.com\/wordpress\/plugins\/seo\/ -->\n<title>Politica de Privacidade - Geekdois<\/title>\n<meta name=\"robots\" content=\"index, follow, max-snippet:-1, max-image-preview:large, max-video-preview:-1\" \/>\n<link rel=\"canonical\" href=\"https:\/\/geekdois.com\/sv\/integritetspolicy\/\" \/>\n<meta property=\"og:locale\" content=\"sv_SE\" \/>\n<meta property=\"og:type\" content=\"article\" \/>\n<meta property=\"og:title\" content=\"Politica de Privacidade - Geekdois\" \/>\n<meta property=\"og:description\" content=\"Todas as informa\u00e7\u00f5es recolhidas ser\u00e3o utilizadas para melhorar sua experi\u00eancia dentro do nosso site. As informa\u00e7\u00f5es recolhidas podem incluir o seu nome, email, n\u00famero de telefone e\/ou outros. O uso do Geekdois pressup\u00f5e a aceita\u00e7\u00e3o deste Acordo de Privacidade. Caso o usu\u00e1rio n\u00e3o concorde, ainda que em parte, com os termos e condi\u00e7\u00f5es contidos nesta [&hellip;]\" \/>\n<meta property=\"og:url\" content=\"https:\/\/geekdois.com\/sv\/integritetspolicy\/\" \/>\n<meta property=\"og:site_name\" content=\"Geekdois\" \/>\n<meta property=\"article:modified_time\" content=\"2025-12-18T17:21:16+00:00\" \/>\n<meta name=\"twitter:card\" content=\"summary_large_image\" \/>\n<meta name=\"twitter:label1\" content=\"Ber\u00e4knad l\u00e4stid\" \/>\n\t<meta name=\"twitter:data1\" content=\"9 minuter\" \/>\n<script type=\"application\/ld+json\" class=\"yoast-schema-graph\">{\"@context\":\"https:\/\/schema.org\",\"@graph\":[{\"@type\":\"WebPage\",\"@id\":\"https:\/\/geekdois.com\/politica-de-privacidade\/\",\"url\":\"https:\/\/geekdois.com\/politica-de-privacidade\/\",\"name\":\"Politica de Privacidade - Geekdois\",\"isPartOf\":{\"@id\":\"https:\/\/geekdois.com\/#website\"},\"datePublished\":\"2024-06-28T15:57:52+00:00\",\"dateModified\":\"2025-12-18T17:21:16+00:00\",\"breadcrumb\":{\"@id\":\"https:\/\/geekdois.com\/politica-de-privacidade\/#breadcrumb\"},\"inLanguage\":\"sv-SE\",\"potentialAction\":[{\"@type\":\"ReadAction\",\"target\":[\"https:\/\/geekdois.com\/politica-de-privacidade\/\"]}]},{\"@type\":\"BreadcrumbList\",\"@id\":\"https:\/\/geekdois.com\/politica-de-privacidade\/#breadcrumb\",\"itemListElement\":[{\"@type\":\"ListItem\",\"position\":1,\"name\":\"In\u00edcio\",\"item\":\"https:\/\/geekdois.com\/\"},{\"@type\":\"ListItem\",\"position\":2,\"name\":\"Politica de Privacidade\"}]},{\"@type\":\"WebSite\",\"@id\":\"https:\/\/geekdois.com\/#website\",\"url\":\"https:\/\/geekdois.com\/\",\"name\":\"Noticia Tecnologia\",\"description\":\"Tudo sobre aplicativos!\",\"publisher\":{\"@id\":\"https:\/\/geekdois.com\/#organization\"},\"potentialAction\":[{\"@type\":\"SearchAction\",\"target\":{\"@type\":\"EntryPoint\",\"urlTemplate\":\"https:\/\/geekdois.com\/?s={search_term_string}\"},\"query-input\":{\"@type\":\"PropertyValueSpecification\",\"valueRequired\":true,\"valueName\":\"search_term_string\"}}],\"inLanguage\":\"sv-SE\"},{\"@type\":\"Organization\",\"@id\":\"https:\/\/geekdois.com\/#organization\",\"name\":\"Spotads\",\"url\":\"https:\/\/geekdois.com\/\",\"logo\":{\"@type\":\"ImageObject\",\"inLanguage\":\"sv-SE\",\"@id\":\"https:\/\/geekdois.com\/#\/schema\/logo\/image\/\",\"url\":\"https:\/\/geekdois.com\/wp-content\/uploads\/2024\/06\/NOTICIA-LOGO-1.png\",\"contentUrl\":\"https:\/\/geekdois.com\/wp-content\/uploads\/2024\/06\/NOTICIA-LOGO-1.png\",\"width\":250,\"height\":60,\"caption\":\"Spotads\"},\"image\":{\"@id\":\"https:\/\/geekdois.com\/#\/schema\/logo\/image\/\"}}]}<\/script>\n<!-- \/ Yoast SEO plugin. -->","yoast_head_json":{"title":"Integritetspolicy - Geekdois","robots":{"index":"index","follow":"follow","max-snippet":"max-snippet:-1","max-image-preview":"max-image-preview:large","max-video-preview":"max-video-preview:-1"},"canonical":"https:\/\/geekdois.com\/sv\/integritetspolicy\/","og_locale":"sv_SE","og_type":"article","og_title":"Politica de Privacidade - Geekdois","og_description":"Todas as informa\u00e7\u00f5es recolhidas ser\u00e3o utilizadas para melhorar sua experi\u00eancia dentro do nosso site. As informa\u00e7\u00f5es recolhidas podem incluir o seu nome, email, n\u00famero de telefone e\/ou outros. O uso do Geekdois pressup\u00f5e a aceita\u00e7\u00e3o deste Acordo de Privacidade. Caso o usu\u00e1rio n\u00e3o concorde, ainda que em parte, com os termos e condi\u00e7\u00f5es contidos nesta [&hellip;]","og_url":"https:\/\/geekdois.com\/sv\/integritetspolicy\/","og_site_name":"Geekdois","article_modified_time":"2025-12-18T17:21:16+00:00","twitter_card":"summary_large_image","twitter_misc":{"Ber\u00e4knad l\u00e4stid":"9 minuter"},"schema":{"@context":"https:\/\/schema.org","@graph":[{"@type":"WebPage","@id":"https:\/\/geekdois.com\/politica-de-privacidade\/","url":"https:\/\/geekdois.com\/politica-de-privacidade\/","name":"Integritetspolicy - Geekdois","isPartOf":{"@id":"https:\/\/geekdois.com\/#website"},"datePublished":"2024-06-28T15:57:52+00:00","dateModified":"2025-12-18T17:21:16+00:00","breadcrumb":{"@id":"https:\/\/geekdois.com\/politica-de-privacidade\/#breadcrumb"},"inLanguage":"sv-SE","potentialAction":[{"@type":"ReadAction","target":["https:\/\/geekdois.com\/politica-de-privacidade\/"]}]},{"@type":"BreadcrumbList","@id":"https:\/\/geekdois.com\/politica-de-privacidade\/#breadcrumb","itemListElement":[{"@type":"ListItem","position":1,"name":"In\u00edcio","item":"https:\/\/geekdois.com\/"},{"@type":"ListItem","position":2,"name":"Politica de Privacidade"}]},{"@type":"WebSite","@id":"https:\/\/geekdois.com\/#website","url":"https:\/\/geekdois.com\/","name":"Tekniknyheter","description":"Allt om appar!","publisher":{"@id":"https:\/\/geekdois.com\/#organization"},"potentialAction":[{"@type":"SearchAction","target":{"@type":"EntryPoint","urlTemplate":"https:\/\/geekdois.com\/?s={search_term_string}"},"query-input":{"@type":"PropertyValueSpecification","valueRequired":true,"valueName":"search_term_string"}}],"inLanguage":"sv-SE"},{"@type":"Organization","@id":"https:\/\/geekdois.com\/#organization","name":"Spotads","url":"https:\/\/geekdois.com\/","logo":{"@type":"ImageObject","inLanguage":"sv-SE","@id":"https:\/\/geekdois.com\/#\/schema\/logo\/image\/","url":"https:\/\/geekdois.com\/wp-content\/uploads\/2024\/06\/NOTICIA-LOGO-1.png","contentUrl":"https:\/\/geekdois.com\/wp-content\/uploads\/2024\/06\/NOTICIA-LOGO-1.png","width":250,"height":60,"caption":"Spotads"},"image":{"@id":"https:\/\/geekdois.com\/#\/schema\/logo\/image\/"}}]}},"_links":{"self":[{"href":"https:\/\/geekdois.com\/sv\/wp-json\/wp\/v2\/pages\/46973","targetHints":{"allow":["GET"]}}],"collection":[{"href":"https:\/\/geekdois.com\/sv\/wp-json\/wp\/v2\/pages"}],"about":[{"href":"https:\/\/geekdois.com\/sv\/wp-json\/wp\/v2\/types\/page"}],"author":[{"embeddable":true,"href":"https:\/\/geekdois.com\/sv\/wp-json\/wp\/v2\/users\/1"}],"replies":[{"embeddable":true,"href":"https:\/\/geekdois.com\/sv\/wp-json\/wp\/v2\/comments?post=46973"}],"version-history":[{"count":5,"href":"https:\/\/geekdois.com\/sv\/wp-json\/wp\/v2\/pages\/46973\/revisions"}],"predecessor-version":[{"id":47923,"href":"https:\/\/geekdois.com\/sv\/wp-json\/wp\/v2\/pages\/46973\/revisions\/47923"}],"wp:attachment":[{"href":"https:\/\/geekdois.com\/sv\/wp-json\/wp\/v2\/media?parent=46973"}],"curies":[{"name":"wp","href":"https:\/\/api.w.org\/{rel}","templated":true}]}}