{"id":46979,"date":"2024-06-28T16:01:36","date_gmt":"2024-06-28T16:01:36","guid":{"rendered":"https:\/\/geekdois.com\/?page_id=46979"},"modified":"2025-12-18T17:20:57","modified_gmt":"2025-12-18T17:20:57","slug":"biz-kimiz","status":"publish","type":"page","link":"https:\/\/geekdois.com\/tr\/biz-kimiz\/","title":{"rendered":"Biz Kimiz"},"content":{"rendered":"<p>Geekdois, dijital d\u00fcnyayla ilgili uygulama, finans ve di\u011fer konularda bilgi ve ipu\u00e7lar\u0131 sa\u011flamay\u0131 ama\u00e7layan 2024 y\u0131l\u0131nda kurulmu\u015f bir teknoloji web sitesidir. Teknolojinin hayatlar\u0131 ve i\u015fletmeleri d\u00f6n\u00fc\u015ft\u00fcrebilecek g\u00fc\u00e7l\u00fc bir ara\u00e7 oldu\u011funa inan\u0131yoruz ve okuyucular\u0131m\u0131z\u0131n g\u00fcncel kalmalar\u0131na ve bu ara\u00e7lardan en iyi \u015fekilde yararlanmalar\u0131na yard\u0131mc\u0131 olmak istiyoruz.<\/p>\n\n\n\n<p>Geekdois&#039;te teknoloji uzmanlar\u0131 taraf\u0131ndan yaz\u0131lm\u0131\u015f makaleler ve e\u011fitimlerin yan\u0131 s\u0131ra \u00fcr\u00fcn ve hizmetlere ili\u015fkin analizler ve incelemeler bulacaks\u0131n\u0131z. Ayr\u0131ca mobil cihazlar\u0131n\u0131zdan ve uygulamalar\u0131n\u0131zdan en iyi \u015fekilde yararlanman\u0131za yard\u0131mc\u0131 olacak ipu\u00e7lar\u0131 ve p\u00fcf noktalar\u0131 da sunuyoruz.<\/p>\n\n\n\n<p>Geekdois, \u015firketin tescilli ticari markas\u0131d\u0131r\u00a0<a href=\"http:\/\/spotads.me\/\">spotads.me<\/a>\u00a0ve teknolojiye tutkuyla ba\u011fl\u0131 profesyonellerden olu\u015fan bir ekip taraf\u0131ndan s\u00fcrd\u00fcr\u00fcl\u00fcyor.\u201d<\/p>\n\n\n\n<p>Ekibimiz, tamam\u0131 okuyucular\u0131m\u0131za y\u00fcksek kaliteli, do\u011fru i\u00e7erik sunmaya kendini adam\u0131\u015f teknoloji uzmanlar\u0131, gazeteciler ve yazarlardan olu\u015fmaktad\u0131r. Teknolojinin ya\u015famlar\u0131 ve i\u015fletmeleri d\u00f6n\u00fc\u015ft\u00fcrmek i\u00e7in g\u00fc\u00e7l\u00fc bir ara\u00e7 oldu\u011funa inan\u0131yoruz ve amac\u0131m\u0131z okuyucular\u0131m\u0131z\u0131n g\u00fcncel kalmas\u0131na ve bu ara\u00e7lardan en iyi \u015fekilde yararlanmas\u0131na yard\u0131mc\u0131 olmakt\u0131r.<\/p>\n\n\n\n<p>\u0130\u00e7eri\u011fin yan\u0131 s\u0131ra okuyucular\u0131m\u0131za sosyal a\u011flar\u0131m\u0131z ve tart\u0131\u015fma forumlar\u0131m\u0131z arac\u0131l\u0131\u011f\u0131yla di\u011fer teknoloji merakl\u0131lar\u0131yla ba\u011flant\u0131 kurma f\u0131rsat\u0131 da sunuyoruz. Okuyucular\u0131m\u0131z\u0131n g\u00f6r\u00fc\u015flerine de\u011fer veriyoruz ve hizmetlerimizi geli\u015ftirmek i\u00e7in \u00f6neri ve geri bildirimlere her zaman a\u00e7\u0131\u011f\u0131z.<\/p>\n\n\n\n<p>Bizi takip edin ve teknoloji d\u00fcnyas\u0131ndaki en son trendlerden ve haberlerden haberdar olun. Web sitemizi ziyaret etti\u011finiz i\u00e7in te\u015fekk\u00fcr ederiz ve sizi yak\u0131nda tekrar g\u00f6rmeyi umuyoruz!<\/p>","protected":false},"excerpt":{"rendered":"<p>O Geekdois \u00e9 um site de tecnologia criado em 2024 com o objetivo de fornecer informa\u00e7\u00f5es e dicas sobre aplicativos, finan\u00e7as e outros assuntos relacionados ao mundo digital. N\u00f3s acreditamos que a tecnologia \u00e9 uma ferramenta poderosa para transformar vidas e empresas, e queremos ajudar nossos leitores a se manterem atualizados e aproveitar ao m\u00e1ximo [&hellip;]<\/p>","protected":false},"author":1,"featured_media":0,"parent":0,"menu_order":0,"comment_status":"closed","ping_status":"closed","template":"","meta":{"footnotes":""},"class_list":["post-46979","page","type-page","status-publish","hentry"],"yoast_head":"<!-- This site is optimized with the Yoast SEO plugin v26.6 - https:\/\/yoast.com\/wordpress\/plugins\/seo\/ -->\n<title>Quem somos - Geekdois<\/title>\n<meta name=\"robots\" content=\"index, follow, max-snippet:-1, max-image-preview:large, max-video-preview:-1\" \/>\n<link rel=\"canonical\" href=\"https:\/\/geekdois.com\/tr\/biz-kimiz\/\" \/>\n<meta property=\"og:locale\" content=\"tr_TR\" \/>\n<meta property=\"og:type\" content=\"article\" \/>\n<meta property=\"og:title\" content=\"Quem somos - Geekdois\" \/>\n<meta property=\"og:description\" content=\"O Geekdois \u00e9 um site de tecnologia criado em 2024 com o objetivo de fornecer informa\u00e7\u00f5es e dicas sobre aplicativos, finan\u00e7as e outros assuntos relacionados ao mundo digital. N\u00f3s acreditamos que a tecnologia \u00e9 uma ferramenta poderosa para transformar vidas e empresas, e queremos ajudar nossos leitores a se manterem atualizados e aproveitar ao m\u00e1ximo [&hellip;]\" \/>\n<meta property=\"og:url\" content=\"https:\/\/geekdois.com\/tr\/biz-kimiz\/\" \/>\n<meta property=\"og:site_name\" content=\"Geekdois\" \/>\n<meta property=\"article:modified_time\" content=\"2025-12-18T17:20:57+00:00\" \/>\n<meta name=\"twitter:card\" content=\"summary_large_image\" \/>\n<meta name=\"twitter:label1\" content=\"Tahmini okuma s\u00fcresi\" \/>\n\t<meta name=\"twitter:data1\" content=\"2 dakika\" \/>\n<script type=\"application\/ld+json\" class=\"yoast-schema-graph\">{\"@context\":\"https:\/\/schema.org\",\"@graph\":[{\"@type\":\"WebPage\",\"@id\":\"https:\/\/geekdois.com\/quem-somos\/\",\"url\":\"https:\/\/geekdois.com\/quem-somos\/\",\"name\":\"Quem somos - Geekdois\",\"isPartOf\":{\"@id\":\"https:\/\/geekdois.com\/#website\"},\"datePublished\":\"2024-06-28T16:01:36+00:00\",\"dateModified\":\"2025-12-18T17:20:57+00:00\",\"breadcrumb\":{\"@id\":\"https:\/\/geekdois.com\/quem-somos\/#breadcrumb\"},\"inLanguage\":\"tr\",\"potentialAction\":[{\"@type\":\"ReadAction\",\"target\":[\"https:\/\/geekdois.com\/quem-somos\/\"]}]},{\"@type\":\"BreadcrumbList\",\"@id\":\"https:\/\/geekdois.com\/quem-somos\/#breadcrumb\",\"itemListElement\":[{\"@type\":\"ListItem\",\"position\":1,\"name\":\"In\u00edcio\",\"item\":\"https:\/\/geekdois.com\/\"},{\"@type\":\"ListItem\",\"position\":2,\"name\":\"Quem somos\"}]},{\"@type\":\"WebSite\",\"@id\":\"https:\/\/geekdois.com\/#website\",\"url\":\"https:\/\/geekdois.com\/\",\"name\":\"Noticia Tecnologia\",\"description\":\"Tudo sobre aplicativos!\",\"publisher\":{\"@id\":\"https:\/\/geekdois.com\/#organization\"},\"potentialAction\":[{\"@type\":\"SearchAction\",\"target\":{\"@type\":\"EntryPoint\",\"urlTemplate\":\"https:\/\/geekdois.com\/?s={search_term_string}\"},\"query-input\":{\"@type\":\"PropertyValueSpecification\",\"valueRequired\":true,\"valueName\":\"search_term_string\"}}],\"inLanguage\":\"tr\"},{\"@type\":\"Organization\",\"@id\":\"https:\/\/geekdois.com\/#organization\",\"name\":\"Spotads\",\"url\":\"https:\/\/geekdois.com\/\",\"logo\":{\"@type\":\"ImageObject\",\"inLanguage\":\"tr\",\"@id\":\"https:\/\/geekdois.com\/#\/schema\/logo\/image\/\",\"url\":\"https:\/\/geekdois.com\/wp-content\/uploads\/2024\/06\/NOTICIA-LOGO-1.png\",\"contentUrl\":\"https:\/\/geekdois.com\/wp-content\/uploads\/2024\/06\/NOTICIA-LOGO-1.png\",\"width\":250,\"height\":60,\"caption\":\"Spotads\"},\"image\":{\"@id\":\"https:\/\/geekdois.com\/#\/schema\/logo\/image\/\"}}]}<\/script>\n<!-- \/ Yoast SEO plugin. -->","yoast_head_json":{"title":"Biz kimiz - Geekdois","robots":{"index":"index","follow":"follow","max-snippet":"max-snippet:-1","max-image-preview":"max-image-preview:large","max-video-preview":"max-video-preview:-1"},"canonical":"https:\/\/geekdois.com\/tr\/biz-kimiz\/","og_locale":"tr_TR","og_type":"article","og_title":"Quem somos - Geekdois","og_description":"O Geekdois \u00e9 um site de tecnologia criado em 2024 com o objetivo de fornecer informa\u00e7\u00f5es e dicas sobre aplicativos, finan\u00e7as e outros assuntos relacionados ao mundo digital. N\u00f3s acreditamos que a tecnologia \u00e9 uma ferramenta poderosa para transformar vidas e empresas, e queremos ajudar nossos leitores a se manterem atualizados e aproveitar ao m\u00e1ximo [&hellip;]","og_url":"https:\/\/geekdois.com\/tr\/biz-kimiz\/","og_site_name":"Geekdois","article_modified_time":"2025-12-18T17:20:57+00:00","twitter_card":"summary_large_image","twitter_misc":{"Tahmini okuma s\u00fcresi":"2 dakika"},"schema":{"@context":"https:\/\/schema.org","@graph":[{"@type":"WebPage","@id":"https:\/\/geekdois.com\/quem-somos\/","url":"https:\/\/geekdois.com\/quem-somos\/","name":"Biz kimiz - Geekdois","isPartOf":{"@id":"https:\/\/geekdois.com\/#website"},"datePublished":"2024-06-28T16:01:36+00:00","dateModified":"2025-12-18T17:20:57+00:00","breadcrumb":{"@id":"https:\/\/geekdois.com\/quem-somos\/#breadcrumb"},"inLanguage":"tr","potentialAction":[{"@type":"ReadAction","target":["https:\/\/geekdois.com\/quem-somos\/"]}]},{"@type":"BreadcrumbList","@id":"https:\/\/geekdois.com\/quem-somos\/#breadcrumb","itemListElement":[{"@type":"ListItem","position":1,"name":"In\u00edcio","item":"https:\/\/geekdois.com\/"},{"@type":"ListItem","position":2,"name":"Quem somos"}]},{"@type":"WebSite","@id":"https:\/\/geekdois.com\/#website","url":"https:\/\/geekdois.com\/","name":"Teknolojik Haberler","description":"Uygulamalar hakk\u0131nda her \u015fey!","publisher":{"@id":"https:\/\/geekdois.com\/#organization"},"potentialAction":[{"@type":"SearchAction","target":{"@type":"EntryPoint","urlTemplate":"https:\/\/geekdois.com\/?s={search_term_string}"},"query-input":{"@type":"PropertyValueSpecification","valueRequired":true,"valueName":"search_term_string"}}],"inLanguage":"tr"},{"@type":"Organization","@id":"https:\/\/geekdois.com\/#organization","name":"Spotad&#039;lar","url":"https:\/\/geekdois.com\/","logo":{"@type":"ImageObject","inLanguage":"tr","@id":"https:\/\/geekdois.com\/#\/schema\/logo\/image\/","url":"https:\/\/geekdois.com\/wp-content\/uploads\/2024\/06\/NOTICIA-LOGO-1.png","contentUrl":"https:\/\/geekdois.com\/wp-content\/uploads\/2024\/06\/NOTICIA-LOGO-1.png","width":250,"height":60,"caption":"Spotads"},"image":{"@id":"https:\/\/geekdois.com\/#\/schema\/logo\/image\/"}}]}},"_links":{"self":[{"href":"https:\/\/geekdois.com\/tr\/wp-json\/wp\/v2\/pages\/46979","targetHints":{"allow":["GET"]}}],"collection":[{"href":"https:\/\/geekdois.com\/tr\/wp-json\/wp\/v2\/pages"}],"about":[{"href":"https:\/\/geekdois.com\/tr\/wp-json\/wp\/v2\/types\/page"}],"author":[{"embeddable":true,"href":"https:\/\/geekdois.com\/tr\/wp-json\/wp\/v2\/users\/1"}],"replies":[{"embeddable":true,"href":"https:\/\/geekdois.com\/tr\/wp-json\/wp\/v2\/comments?post=46979"}],"version-history":[{"count":5,"href":"https:\/\/geekdois.com\/tr\/wp-json\/wp\/v2\/pages\/46979\/revisions"}],"predecessor-version":[{"id":47924,"href":"https:\/\/geekdois.com\/tr\/wp-json\/wp\/v2\/pages\/46979\/revisions\/47924"}],"wp:attachment":[{"href":"https:\/\/geekdois.com\/tr\/wp-json\/wp\/v2\/media?parent=46979"}],"curies":[{"name":"wp","href":"https:\/\/api.w.org\/{rel}","templated":true}]}}