{"id":46975,"date":"2024-06-28T15:59:34","date_gmt":"2024-06-28T15:59:34","guid":{"rendered":"https:\/\/geekdois.com\/?page_id=46975"},"modified":"2025-12-18T17:21:48","modified_gmt":"2025-12-18T17:21:48","slug":"%e4%bd%bf%e7%94%a8%e6%9d%a1%e6%ac%be","status":"publish","type":"page","link":"https:\/\/geekdois.com\/zh\/%e4%bd%bf%e7%94%a8%e6%9d%a1%e6%ac%be\/","title":{"rendered":"\u4f7f\u7528\u6761\u6b3e"},"content":{"rendered":"<p>\u901a\u8fc7\u8bbf\u95ee Geekdois \u7f51\u7ad9\uff0c\u60a8\u540c\u610f\u9075\u5b88\u8fd9\u4e9b\u670d\u52a1\u6761\u6b3e\u3001\u6240\u6709\u9002\u7528\u6cd5\u5f8b\u548c\u6cd5\u89c4\uff0c\u5e76\u540c\u610f\u60a8\u6709\u8d23\u4efb\u9075\u5b88\u6240\u6709\u9002\u7528\u7684\u5f53\u5730\u6cd5\u5f8b\u3002\u5982\u679c\u60a8\u4e0d\u540c\u610f\u8fd9\u4e9b\u6761\u6b3e\u4e2d\u7684\u4efb\u4f55\u4e00\u9879\uff0c\u5219\u7981\u6b62\u60a8\u4f7f\u7528\u6216\u8bbf\u95ee\u672c\u7f51\u7ad9\u3002\u672c\u7f51\u7ad9\u6240\u5305\u542b\u7684\u6750\u6599\u53d7\u9002\u7528\u7684\u7248\u6743\u548c\u5546\u6807\u6cd5\u7684\u4fdd\u62a4\u3002<\/p>\n\n\n\n<h2 class=\"wp-block-heading\">\u8bb8\u53ef\u8bc1\u4f7f\u7528<\/h2>\n\n\n\n<p>\u5141\u8bb8\u4e34\u65f6\u4e0b\u8f7d Geekdois \u7f51\u7ad9\u4e0a\u7684\u6750\u6599\uff08\u4fe1\u606f\u6216\u8f6f\u4ef6\uff09\u7684\u4e00\u4efd\u526f\u672c\uff0c\u4ec5\u4f9b\u4e2a\u4eba\u3001\u975e\u5546\u4e1a\u4e34\u65f6\u67e5\u770b\u3002\u8fd9\u662f\u6388\u4e88\u8bb8\u53ef\uff0c\u800c\u4e0d\u662f\u6240\u6709\u6743\u7684\u8f6c\u8ba9\uff0c\u6839\u636e\u6b64\u8bb8\u53ef\uff0c\u60a8\u4e0d\u5f97\uff1a<\/p>\n\n\n\n<ul class=\"wp-block-list\">\n<li>\u4fee\u6539\u6216\u590d\u5236\u6750\u6599\uff1b<\/li>\n\n\n\n<li>\u5c06\u8fd9\u4e9b\u6750\u6599\u7528\u4e8e\u4efb\u4f55\u5546\u4e1a\u76ee\u7684\u6216\u516c\u5f00\u5c55\u793a\uff08\u5546\u4e1a\u6216\u975e\u5546\u4e1a\uff09\uff1b<\/li>\n\n\n\n<li>\u5c1d\u8bd5\u5bf9 Geekdois \u7f51\u7ad9\u4e0a\u7684\u4efb\u4f55\u8f6f\u4ef6\u8fdb\u884c\u53cd\u7f16\u8bd1\u6216\u9006\u5411\u5de5\u7a0b\uff1b<\/li>\n\n\n\n<li>\u4ece\u6750\u6599\u4e2d\u5220\u9664\u4efb\u4f55\u7248\u6743\u6216\u5176\u4ed6\u4e13\u6709\u7b26\u53f7\uff1b\u6216\u8005<\/li>\n\n\n\n<li>\u5c06\u6750\u6599\u8f6c\u79fb\u7ed9\u5176\u4ed6\u4eba\u6216\u5728\u4efb\u4f55\u5176\u4ed6\u670d\u52a1\u5668\u4e0a\u201c\u955c\u50cf\u201d\u8fd9\u4e9b\u6750\u6599\u3002\u5982\u679c\u60a8\u8fdd\u53cd\u4efb\u4f55\u8fd9\u4e9b\u9650\u5236\uff0c\u6b64\u8bb8\u53ef\u5c06\u81ea\u52a8\u7ec8\u6b62\uff0c\u5e76\u4e14 Geekdois \u53ef\u968f\u65f6\u7ec8\u6b62\u6b64\u8bb8\u53ef\u3002\u5f53\u60a8\u7ec8\u6b62\u67e5\u770b\u8fd9\u4e9b\u6750\u6599\u6216\u7ec8\u6b62\u672c\u8bb8\u53ef\u65f6\uff0c\u60a8\u5fc5\u987b\u9500\u6bc1\u60a8\u6240\u62e5\u6709\u7684\u4efb\u4f55\u4e0b\u8f7d\u7684\u6750\u6599\uff0c\u65e0\u8bba\u662f\u7535\u5b50\u683c\u5f0f\u8fd8\u662f\u5370\u5237\u683c\u5f0f\u3002<\/li>\n<\/ul>\n\n\n\n<h2 class=\"wp-block-heading\">\u514d\u8d23\u58f0\u660e<\/h2>\n\n\n\n<p>Geekdois \u7f51\u7ad9\u4e0a\u7684\u6750\u6599\u6309\u201c\u539f\u6837\u201d\u63d0\u4f9b\u3002 Geekdois \u4e0d\u4f5c\u4efb\u4f55\u660e\u793a\u6216\u6697\u793a\u7684\u4fdd\u8bc1\uff0c\u5e76\u5728\u6b64\u58f0\u660e\u548c\u5426\u8ba4\u6240\u6709\u5176\u4ed6\u4fdd\u8bc1\uff0c\u5305\u62ec\u4f46\u4e0d\u9650\u4e8e\u5bf9\u9002\u9500\u6027\u3001\u7279\u5b9a\u7528\u9014\u7684\u9002\u7528\u6027\u6216\u4e0d\u4fb5\u72af\u77e5\u8bc6\u4ea7\u6743\u6216\u5176\u4ed6\u4fb5\u6743\u884c\u4e3a\u7684\u6697\u793a\u4fdd\u8bc1\u6216\u6761\u4ef6\u3002<\/p>\n\n\n\n<p>\u6b64\u5916\uff0cGeekdois \u4e0d\u5bf9\u5176\u7f51\u7ad9\u4e0a\u6750\u6599\u7684\u4f7f\u7528\uff08\u6216\u4e0e\u6b64\u7c7b\u6750\u6599\u76f8\u5173\u7684\u6216\u4e0e\u94fe\u63a5\u5230\u672c\u7f51\u7ad9\u7684\u4efb\u4f55\u7f51\u7ad9\u76f8\u5173\u7684\uff09\u51c6\u786e\u6027\u3001\u53ef\u80fd\u4ea7\u751f\u7684\u7ed3\u679c\u6216\u53ef\u9760\u6027\u63d0\u4f9b\u4fdd\u8bc1\u6216\u4f5c\u51fa\u4efb\u4f55\u9648\u8ff0\u3002<\/p>\n\n\n\n<h2 class=\"wp-block-heading\">\u5c40\u9650\u6027<\/h2>\n\n\n\n<p>\u5728\u4efb\u4f55\u60c5\u51b5\u4e0b\uff0cGeekdois \u6216\u5176\u4f9b\u5e94\u5546\u5747\u4e0d\u5bf9\u56e0\u4f7f\u7528\u6216\u65e0\u6cd5\u4f7f\u7528 Geekdois \u4e0a\u7684\u6750\u6599\u800c\u9020\u6210\u7684\u4efb\u4f55\u635f\u5bb3\uff08\u5305\u62ec\u4f46\u4e0d\u9650\u4e8e\u6570\u636e\u6216\u5229\u6da6\u635f\u5931\u6216\u4e1a\u52a1\u4e2d\u65ad\u9020\u6210\u7684\u635f\u5bb3\uff09\u627f\u62c5\u8d23\u4efb\uff0c\u5373\u4f7f Geekdois \u6216 Geekdois \u6388\u6743\u4ee3\u8868\u5df2\u88ab\u53e3\u5934\u6216\u4e66\u9762\u901a\u77e5\u53d1\u751f\u6b64\u7c7b\u635f\u5bb3\u7684\u53ef\u80fd\u6027\u3002\u7531\u4e8e\u67d0\u4e9b\u53f8\u6cd5\u7ba1\u8f96\u533a\u4e0d\u5141\u8bb8\u9650\u5236\u9ed8\u793a\u4fdd\u8bc1\u6216\u9650\u5236\u5bf9\u95f4\u63a5\u6216\u9644\u5e26\u635f\u5bb3\u7684\u8d23\u4efb\uff0c\u56e0\u6b64\u8fd9\u4e9b\u9650\u5236\u53ef\u80fd\u4e0d\u9002\u7528\u4e8e\u60a8\u3002<\/p>\n\n\n\n<h2 class=\"wp-block-heading\">\u6750\u6599\u7cbe\u5ea6<\/h2>\n\n\n\n<p>Geekdois \u7f51\u7ad9\u4e0a\u663e\u793a\u7684\u6750\u6599\u53ef\u80fd\u5305\u542b\u6280\u672f\u3001\u5370\u5237\u6216\u6444\u5f71\u9519\u8bef\u3002 Geekdois \u4e0d\u4fdd\u8bc1\u5176\u7f51\u7ad9\u4e0a\u7684\u4efb\u4f55\u6750\u6599\u51c6\u786e\u3001\u5b8c\u6574\u6216\u6700\u65b0\u3002 Geekdois \u53ef\u80fd\u968f\u65f6\u66f4\u6539\u5176\u7f51\u7ad9\u4e0a\u5305\u542b\u7684\u6750\u6599\uff0c\u6055\u4e0d\u53e6\u884c\u901a\u77e5\u3002\u4f46\u662f\uff0cGeekdois \u4e0d\u627f\u8bfa\u66f4\u65b0\u6750\u6599\u3002<\/p>\n\n\n\n<h2 class=\"wp-block-heading\">\u94fe\u63a5<\/h2>\n\n\n\n<p>Geekdois \u5e76\u672a\u5ba1\u67e5\u4e0e\u5176\u7f51\u7ad9\u94fe\u63a5\u7684\u6240\u6709\u7f51\u7ad9\uff0c\u5e76\u4e14\u5bf9\u4efb\u4f55\u6b64\u7c7b\u94fe\u63a5\u7f51\u7ad9\u7684\u5185\u5bb9\u6982\u4e0d\u8d1f\u8d23\u3002\u5305\u542b\u4efb\u4f55\u94fe\u63a5\u5e76\u4e0d\u610f\u5473\u7740 Geekdois \u5bf9\u8be5\u7f51\u7ad9\u7684\u8ba4\u53ef\u3002\u4f7f\u7528\u4efb\u4f55\u94fe\u63a5\u7684\u7f51\u7ad9\u5747\u7531\u7528\u6237\u81ea\u884c\u627f\u62c5\u98ce\u9669\u3002<\/p>\n\n\n\n<h2 class=\"wp-block-heading\">\u4fee\u6539<\/h2>\n\n\n\n<p>Geekdois \u53ef\u80fd\u968f\u65f6\u4fee\u6539\u8fd9\u4e9b\u7f51\u7ad9\u670d\u52a1\u6761\u6b3e\uff0c\u6055\u4e0d\u53e6\u884c\u901a\u77e5\u3002\u4f7f\u7528\u672c\u7f51\u7ad9\u5373\u8868\u793a\u60a8\u540c\u610f\u63a5\u53d7\u5f53\u65f6\u6700\u65b0\u7248\u672c\u7684\u670d\u52a1\u6761\u6b3e\u7684\u7ea6\u675f\u3002<\/p>\n\n\n\n<p>\u9002\u7528\u6cd5\u5f8b \u8fd9\u4e9b\u6761\u6b3e\u548c\u6761\u4ef6\u53d7 Geekdois \u6cd5\u5f8b\u7ba1\u8f96\u5e76\u4f9d\u5176\u89e3\u91ca\uff0c\u4e14\u60a8\u4e0d\u53ef\u64a4\u9500\u5730\u670d\u4ece\u8be5\u5dde\u6216\u5730\u533a\u6cd5\u9662\u7684\u4e13\u5c5e\u7ba1\u8f96\u6743\u3002<\/p>\n\n\n\n<h2 class=\"wp-block-heading\" id=\"lei-aplicavel\">\u9002\u7528\u6cd5\u5f8b<\/h2>\n\n\n\n<p>\u8fd9\u4e9b\u6761\u6b3e\u548c\u6761\u4ef6\u53d7 Geekdois \u6cd5\u5f8b\u7ba1\u8f96\u5e76\u4f9d\u5176\u89e3\u91ca\uff0c\u60a8\u4e0d\u53ef\u64a4\u9500\u5730\u670d\u4ece\u8be5\u5dde\u6216\u5730\u533a\u6cd5\u9662\u7684\u4e13\u5c5e\u7ba1\u8f96\u6743\u3002<\/p>","protected":false},"excerpt":{"rendered":"<p>Ao acessar ao site Geekdois, concorda em cumprir estes termos de servi\u00e7o, todas as leis e regulamentos aplic\u00e1veis e concorda que \u00e9 respons\u00e1vel pelo cumprimento de todas as leis locais aplic\u00e1veis. Se voc\u00ea n\u00e3o concordar com algum desses termos, est\u00e1 proibido de usar ou acessar este site. Os materiais contidos neste site s\u00e3o protegidos pelas [&hellip;]<\/p>","protected":false},"author":1,"featured_media":0,"parent":0,"menu_order":0,"comment_status":"closed","ping_status":"closed","template":"page-terms.php","meta":{"footnotes":""},"class_list":["post-46975","page","type-page","status-publish","hentry"],"yoast_head":"<!-- This site is optimized with the Yoast SEO plugin v26.6 - https:\/\/yoast.com\/wordpress\/plugins\/seo\/ -->\n<title>Termos de Uso - Geekdois<\/title>\n<meta name=\"robots\" content=\"index, follow, max-snippet:-1, max-image-preview:large, max-video-preview:-1\" \/>\n<link rel=\"canonical\" href=\"https:\/\/geekdois.com\/zh\/\u4f7f\u7528\u6761\u6b3e\/\" \/>\n<meta property=\"og:locale\" content=\"zh_CN\" \/>\n<meta property=\"og:type\" content=\"article\" \/>\n<meta property=\"og:title\" content=\"Termos de Uso - Geekdois\" \/>\n<meta property=\"og:description\" content=\"Ao acessar ao site Geekdois, concorda em cumprir estes termos de servi\u00e7o, todas as leis e regulamentos aplic\u00e1veis e concorda que \u00e9 respons\u00e1vel pelo cumprimento de todas as leis locais aplic\u00e1veis. Se voc\u00ea n\u00e3o concordar com algum desses termos, est\u00e1 proibido de usar ou acessar este site. Os materiais contidos neste site s\u00e3o protegidos pelas [&hellip;]\" \/>\n<meta property=\"og:url\" content=\"https:\/\/geekdois.com\/zh\/\u4f7f\u7528\u6761\u6b3e\/\" \/>\n<meta property=\"og:site_name\" content=\"Geekdois\" \/>\n<meta property=\"article:modified_time\" content=\"2025-12-18T17:21:48+00:00\" \/>\n<meta name=\"twitter:card\" content=\"summary_large_image\" \/>\n<meta name=\"twitter:label1\" content=\"\u9884\u8ba1\u9605\u8bfb\u65f6\u95f4\" \/>\n\t<meta name=\"twitter:data1\" content=\"4 \u5206\" \/>\n<script type=\"application\/ld+json\" class=\"yoast-schema-graph\">{\"@context\":\"https:\/\/schema.org\",\"@graph\":[{\"@type\":\"WebPage\",\"@id\":\"https:\/\/geekdois.com\/termos-de-uso\/\",\"url\":\"https:\/\/geekdois.com\/termos-de-uso\/\",\"name\":\"Termos de Uso - Geekdois\",\"isPartOf\":{\"@id\":\"https:\/\/geekdois.com\/#website\"},\"datePublished\":\"2024-06-28T15:59:34+00:00\",\"dateModified\":\"2025-12-18T17:21:48+00:00\",\"breadcrumb\":{\"@id\":\"https:\/\/geekdois.com\/termos-de-uso\/#breadcrumb\"},\"inLanguage\":\"zh-Hans\",\"potentialAction\":[{\"@type\":\"ReadAction\",\"target\":[\"https:\/\/geekdois.com\/termos-de-uso\/\"]}]},{\"@type\":\"BreadcrumbList\",\"@id\":\"https:\/\/geekdois.com\/termos-de-uso\/#breadcrumb\",\"itemListElement\":[{\"@type\":\"ListItem\",\"position\":1,\"name\":\"In\u00edcio\",\"item\":\"https:\/\/geekdois.com\/\"},{\"@type\":\"ListItem\",\"position\":2,\"name\":\"Termos de Uso\"}]},{\"@type\":\"WebSite\",\"@id\":\"https:\/\/geekdois.com\/#website\",\"url\":\"https:\/\/geekdois.com\/\",\"name\":\"Noticia Tecnologia\",\"description\":\"Tudo sobre aplicativos!\",\"publisher\":{\"@id\":\"https:\/\/geekdois.com\/#organization\"},\"potentialAction\":[{\"@type\":\"SearchAction\",\"target\":{\"@type\":\"EntryPoint\",\"urlTemplate\":\"https:\/\/geekdois.com\/?s={search_term_string}\"},\"query-input\":{\"@type\":\"PropertyValueSpecification\",\"valueRequired\":true,\"valueName\":\"search_term_string\"}}],\"inLanguage\":\"zh-Hans\"},{\"@type\":\"Organization\",\"@id\":\"https:\/\/geekdois.com\/#organization\",\"name\":\"Spotads\",\"url\":\"https:\/\/geekdois.com\/\",\"logo\":{\"@type\":\"ImageObject\",\"inLanguage\":\"zh-Hans\",\"@id\":\"https:\/\/geekdois.com\/#\/schema\/logo\/image\/\",\"url\":\"https:\/\/geekdois.com\/wp-content\/uploads\/2024\/06\/NOTICIA-LOGO-1.png\",\"contentUrl\":\"https:\/\/geekdois.com\/wp-content\/uploads\/2024\/06\/NOTICIA-LOGO-1.png\",\"width\":250,\"height\":60,\"caption\":\"Spotads\"},\"image\":{\"@id\":\"https:\/\/geekdois.com\/#\/schema\/logo\/image\/\"}}]}<\/script>\n<!-- \/ Yoast SEO plugin. -->","yoast_head_json":{"title":"\u4f7f\u7528\u6761\u6b3e - Geekdois","robots":{"index":"index","follow":"follow","max-snippet":"max-snippet:-1","max-image-preview":"max-image-preview:large","max-video-preview":"max-video-preview:-1"},"canonical":"https:\/\/geekdois.com\/zh\/\u4f7f\u7528\u6761\u6b3e\/","og_locale":"zh_CN","og_type":"article","og_title":"Termos de Uso - Geekdois","og_description":"Ao acessar ao site Geekdois, concorda em cumprir estes termos de servi\u00e7o, todas as leis e regulamentos aplic\u00e1veis e concorda que \u00e9 respons\u00e1vel pelo cumprimento de todas as leis locais aplic\u00e1veis. Se voc\u00ea n\u00e3o concordar com algum desses termos, est\u00e1 proibido de usar ou acessar este site. Os materiais contidos neste site s\u00e3o protegidos pelas [&hellip;]","og_url":"https:\/\/geekdois.com\/zh\/\u4f7f\u7528\u6761\u6b3e\/","og_site_name":"Geekdois","article_modified_time":"2025-12-18T17:21:48+00:00","twitter_card":"summary_large_image","twitter_misc":{"\u9884\u8ba1\u9605\u8bfb\u65f6\u95f4":"4 \u5206"},"schema":{"@context":"https:\/\/schema.org","@graph":[{"@type":"WebPage","@id":"https:\/\/geekdois.com\/termos-de-uso\/","url":"https:\/\/geekdois.com\/termos-de-uso\/","name":"\u4f7f\u7528\u6761\u6b3e - Geekdois","isPartOf":{"@id":"https:\/\/geekdois.com\/#website"},"datePublished":"2024-06-28T15:59:34+00:00","dateModified":"2025-12-18T17:21:48+00:00","breadcrumb":{"@id":"https:\/\/geekdois.com\/termos-de-uso\/#breadcrumb"},"inLanguage":"zh-Hans","potentialAction":[{"@type":"ReadAction","target":["https:\/\/geekdois.com\/termos-de-uso\/"]}]},{"@type":"BreadcrumbList","@id":"https:\/\/geekdois.com\/termos-de-uso\/#breadcrumb","itemListElement":[{"@type":"ListItem","position":1,"name":"In\u00edcio","item":"https:\/\/geekdois.com\/"},{"@type":"ListItem","position":2,"name":"Termos de Uso"}]},{"@type":"WebSite","@id":"https:\/\/geekdois.com\/#website","url":"https:\/\/geekdois.com\/","name":"\u79d1\u6280\u65b0\u95fb","description":"\u6240\u6709\u5173\u4e8e\u5e94\u7528\u7a0b\u5e8f\uff01","publisher":{"@id":"https:\/\/geekdois.com\/#organization"},"potentialAction":[{"@type":"SearchAction","target":{"@type":"EntryPoint","urlTemplate":"https:\/\/geekdois.com\/?s={search_term_string}"},"query-input":{"@type":"PropertyValueSpecification","valueRequired":true,"valueName":"search_term_string"}}],"inLanguage":"zh-Hans"},{"@type":"Organization","@id":"https:\/\/geekdois.com\/#organization","name":"\u6591\u70b9","url":"https:\/\/geekdois.com\/","logo":{"@type":"ImageObject","inLanguage":"zh-Hans","@id":"https:\/\/geekdois.com\/#\/schema\/logo\/image\/","url":"https:\/\/geekdois.com\/wp-content\/uploads\/2024\/06\/NOTICIA-LOGO-1.png","contentUrl":"https:\/\/geekdois.com\/wp-content\/uploads\/2024\/06\/NOTICIA-LOGO-1.png","width":250,"height":60,"caption":"Spotads"},"image":{"@id":"https:\/\/geekdois.com\/#\/schema\/logo\/image\/"}}]}},"_links":{"self":[{"href":"https:\/\/geekdois.com\/zh\/wp-json\/wp\/v2\/pages\/46975","targetHints":{"allow":["GET"]}}],"collection":[{"href":"https:\/\/geekdois.com\/zh\/wp-json\/wp\/v2\/pages"}],"about":[{"href":"https:\/\/geekdois.com\/zh\/wp-json\/wp\/v2\/types\/page"}],"author":[{"embeddable":true,"href":"https:\/\/geekdois.com\/zh\/wp-json\/wp\/v2\/users\/1"}],"replies":[{"embeddable":true,"href":"https:\/\/geekdois.com\/zh\/wp-json\/wp\/v2\/comments?post=46975"}],"version-history":[{"count":4,"href":"https:\/\/geekdois.com\/zh\/wp-json\/wp\/v2\/pages\/46975\/revisions"}],"predecessor-version":[{"id":47926,"href":"https:\/\/geekdois.com\/zh\/wp-json\/wp\/v2\/pages\/46975\/revisions\/47926"}],"wp:attachment":[{"href":"https:\/\/geekdois.com\/zh\/wp-json\/wp\/v2\/media?parent=46975"}],"curies":[{"name":"\u53ef\u6e7f\u6027\u7c89\u5242","href":"https:\/\/api.w.org\/{rel}","templated":true}]}}